{"id":5788,"date":"2026-02-17T17:54:19","date_gmt":"2026-02-17T16:54:19","guid":{"rendered":"https:\/\/maisonecohuis.be\/?page_id=5788"},"modified":"2026-02-18T10:47:53","modified_gmt":"2026-02-18T09:47:53","slug":"de-slechtvalk-in-sint-gillis","status":"publish","type":"page","link":"https:\/\/maisonecohuis.be\/?page_id=5788&lang=nl","title":{"rendered":"De slechtvalk in Sint-Gillis"},"content":{"rendered":"\n<p><em>Deze pagina wordt binnenkort vertaald.<\/em><\/p>\n\n\n\n<p>Depuis 2017, un couple de faucons p\u00e8lerins (<em>Falco peregrinus<\/em>) s\u2019est install\u00e9 tout en haut du beffroi de l\u2019H\u00f4tel de Ville de Saint-Gilles. Un nichoir sp\u00e9cialement con\u00e7u pour l\u2019esp\u00e8ce y a \u00e9t\u00e9 plac\u00e9 afin de leur offrir un site de reproduction s\u00fbr et adapt\u00e9. En levant les yeux, il est d\u2019ailleurs possible d\u2019apercevoir l\u2019entr\u00e9e de ce nichoir, discr\u00e8tement int\u00e9gr\u00e9e \u00e0 l\u2019architecture du b\u00e2timent.<\/p>\n\n\n\n<p>La pr\u00e9sence de ces rapaces embl\u00e9matiques en plein c\u0153ur urbain est une formidable opportunit\u00e9 de d\u00e9couvrir la biodiversit\u00e9 locale et de mieux comprendre la place de la nature en ville.<\/p>\n\n\n\n<figure class=\"wp-block-gallery has-nested-images columns-default is-cropped wp-block-gallery-1 is-layout-flex wp-block-gallery-is-layout-flex\">\n<figure class=\"wp-block-image size-large\"><a href=\"https:\/\/maisonecohuis.be\/wp-content\/uploads\/2026\/02\/14042017-femelle-Pelerin-Saint-Gilles-Didier-Vangeluwe-IMG_3046dpi-scaled.jpg\"><img loading=\"lazy\" decoding=\"async\" width=\"1024\" height=\"768\" data-id=\"5471\" src=\"https:\/\/maisonecohuis.be\/wp-content\/uploads\/2026\/02\/14042017-femelle-Pelerin-Saint-Gilles-Didier-Vangeluwe-IMG_3046dpi-1024x768.jpg\" alt=\"Femelle de faucon p\u00e8lerin post\u00e9e en hauteur sur l'h\u00f4tel de ville de la commune de Saint-Gilles (Bruxelles).\" class=\"wp-image-5471\" srcset=\"https:\/\/maisonecohuis.be\/wp-content\/uploads\/2026\/02\/14042017-femelle-Pelerin-Saint-Gilles-Didier-Vangeluwe-IMG_3046dpi-1024x768.jpg 1024w, https:\/\/maisonecohuis.be\/wp-content\/uploads\/2026\/02\/14042017-femelle-Pelerin-Saint-Gilles-Didier-Vangeluwe-IMG_3046dpi-300x225.jpg 300w, https:\/\/maisonecohuis.be\/wp-content\/uploads\/2026\/02\/14042017-femelle-Pelerin-Saint-Gilles-Didier-Vangeluwe-IMG_3046dpi-768x576.jpg 768w, https:\/\/maisonecohuis.be\/wp-content\/uploads\/2026\/02\/14042017-femelle-Pelerin-Saint-Gilles-Didier-Vangeluwe-IMG_3046dpi-1536x1152.jpg 1536w, https:\/\/maisonecohuis.be\/wp-content\/uploads\/2026\/02\/14042017-femelle-Pelerin-Saint-Gilles-Didier-Vangeluwe-IMG_3046dpi-2048x1536.jpg 2048w\" sizes=\"auto, (max-width: 1024px) 100vw, 1024px\" \/><\/a><figcaption class=\"wp-element-caption\">Femelle<\/figcaption><\/figure>\n\n\n\n<figure class=\"wp-block-image size-large\"><a href=\"https:\/\/maisonecohuis.be\/wp-content\/uploads\/2026\/02\/16042017-male-Pelerin-Saint-Gilles-Didier-Vangeluwe-IMG_3063dpi-scaled.jpg\"><img loading=\"lazy\" decoding=\"async\" width=\"1024\" height=\"768\" data-id=\"5470\" src=\"https:\/\/maisonecohuis.be\/wp-content\/uploads\/2026\/02\/16042017-male-Pelerin-Saint-Gilles-Didier-Vangeluwe-IMG_3063dpi-1024x768.jpg\" alt=\"M\u00e2le de faucon p\u00e8lerin post\u00e9 en hauteur sur l'h\u00f4tel de ville de la commune de Saint-Gilles (Bruxelles).\" class=\"wp-image-5470\" srcset=\"https:\/\/maisonecohuis.be\/wp-content\/uploads\/2026\/02\/16042017-male-Pelerin-Saint-Gilles-Didier-Vangeluwe-IMG_3063dpi-1024x768.jpg 1024w, https:\/\/maisonecohuis.be\/wp-content\/uploads\/2026\/02\/16042017-male-Pelerin-Saint-Gilles-Didier-Vangeluwe-IMG_3063dpi-300x225.jpg 300w, https:\/\/maisonecohuis.be\/wp-content\/uploads\/2026\/02\/16042017-male-Pelerin-Saint-Gilles-Didier-Vangeluwe-IMG_3063dpi-768x576.jpg 768w, https:\/\/maisonecohuis.be\/wp-content\/uploads\/2026\/02\/16042017-male-Pelerin-Saint-Gilles-Didier-Vangeluwe-IMG_3063dpi-1536x1152.jpg 1536w, https:\/\/maisonecohuis.be\/wp-content\/uploads\/2026\/02\/16042017-male-Pelerin-Saint-Gilles-Didier-Vangeluwe-IMG_3063dpi-2048x1536.jpg 2048w\" sizes=\"auto, (max-width: 1024px) 100vw, 1024px\" \/><\/a><figcaption class=\"wp-element-caption\">M\u00e2le<\/figcaption><\/figure>\n<figcaption class=\"blocks-gallery-caption wp-element-caption\"><em>\u00a9 Didier Vangeluwe<\/em><\/figcaption><\/figure>\n\n\n\n<hr class=\"wp-block-separator has-alpha-channel-opacity\"\/>\n\n\n\n<h5 class=\"wp-block-heading\"><strong><em>Un rapace spectaculaire<\/em><\/strong><\/h5>\n\n\n\n<p>Le faucon p\u00e8lerin est un rapace chasseur en plein vol. Il rep\u00e8re ses proies depuis les airs, prend de la hauteur puis fond sur elles lors d\u2019un piqu\u00e9 impressionnant pouvant atteindre pr\u00e8s de <strong>400 km\/h<\/strong>, ce qui en fait l\u2019animal le plus rapide du monde.<\/p>\n\n\n\n<p>Son r\u00e9gime alimentaire est compos\u00e9 presque exclusivement d\u2019oiseaux captur\u00e9s en vol. En milieu urbain, il chasse principalement des pigeons, des perruches, mais aussi des moineaux ou des oiseaux de passage lors des migrations. Il est donc possible, en se promenant \u00e0 Saint-Gilles, de tomber sur les restes d\u2019une proie : pas d\u2019inqui\u00e9tude, la pr\u00e9dation fait naturellement partie des \u00e9quilibres \u00e9cologiques.<\/p>\n\n\n\n<p>\u00c0 noter que la femelle est nettement plus grande que le m\u00e2le : celui-ci, appel\u00e9 <em>tiercelet<\/em>, mesure environ un tiers de moins. Cette diff\u00e9rence de taille se refl\u00e8te aussi dans leurs proies, le m\u00e2le chassant g\u00e9n\u00e9ralement des oiseaux plus petits que ceux captur\u00e9s par la femelle.<\/p>\n\n\n\n<hr class=\"wp-block-separator has-alpha-channel-opacity\"\/>\n\n\n\n<h5 class=\"wp-block-heading\"><strong><em>Observer les faucons \u00e0 Saint-Gilles<\/em><\/strong><\/h5>\n\n\n\n<p>En levant un peu les yeux, vous pourrez observer r\u00e9guli\u00e8rement les faucons p\u00e8lerins de Saint-Gilles : seuls, en couple ou accompagn\u00e9s de leurs jeunes selon la p\u00e9riode de l\u2019ann\u00e9e.<\/p>\n\n\n\n<p>Chaque ann\u00e9e, <strong>d\u00e8s la mi-f\u00e9vrier<\/strong>, le cycle de reproduction recommence :<\/p>\n\n\n\n<ul class=\"wp-block-list\">\n<li>parade nuptiale et accouplements,<\/li>\n\n\n\n<li>ponte des \u0153ufs,<\/li>\n\n\n\n<li>couvaison,<\/li>\n\n\n\n<li>\u00e9closion,<\/li>\n\n\n\n<li>\u00e9levage des jeunes,<\/li>\n\n\n\n<li>puis envol des juv\u00e9niles.<\/li>\n<\/ul>\n\n\n\n<p>Durant cette p\u00e9riode, les faucons sont particuli\u00e8rement visibles car les parents effectuent de nombreux allers-retours pour nourrir leurs petits.<\/p>\n\n\n\n<p>Il peut arriver qu\u2019un jeune tombe du nid avant de savoir voler correctement. <strong>Dans ce cas, n\u2019intervenez jamais vous-m\u00eame.<\/strong> Contactez le Centre de Soins pour la Faune Sauvage au <strong>02 521 28 50<\/strong> : un professionnel agr\u00e9\u00e9 prendra en charge l\u2019oiseau et le replacera dans le nichoir. Une intervention non adapt\u00e9e pourrait compromettre sa survie.<\/p>\n\n\n\n<p>Les faucons p\u00e8lerins se font aussi entendre. Leur cri, souvent aigu et r\u00e9p\u00e9titif, est typique, surtout en p\u00e9riode de reproduction. \ud83d\udc49 <em><a href=\"https:\/\/www.oiseaux.net\/oiseaux\/faucon.pelerin.html\" target=\"_blank\" rel=\"noopener\" title=\"\">https:\/\/www.oiseaux.net\/oiseaux\/faucon.pelerin.html<\/a><\/em><\/p>\n\n\n\n<hr class=\"wp-block-separator has-alpha-channel-opacity\"\/>\n\n\n\n<h5 class=\"wp-block-heading\"><em><strong><strong>Een mooie terugkeer<\/strong><\/strong><\/em> in Belg\u00efe<\/h5>\n\n\n\n<p>Le retour du faucon p\u00e8lerin en Belgique est l\u2019une des grandes r\u00e9ussites de la protection de la biodiversit\u00e9.<\/p>\n\n\n\n<p>Au cours du XX\u1d49 si\u00e8cle, l\u2019esp\u00e8ce a fr\u00f4l\u00e9 l\u2019extinction en Europe. Les pesticides utilis\u00e9s en agriculture contaminaient leurs proies, entra\u00eenant l\u2019empoisonnement des adultes et fragilisant les coquilles des \u0153ufs. \u00c0 partir des ann\u00e9es 1970, l\u2019interdiction progressive de ces substances et la mise en place de directives europ\u00e9ennes de protection des oiseaux sauvages ont permis \u00e0 l\u2019esp\u00e8ce de se r\u00e9tablir.<\/p>\n\n\n\n<p>C\u2019est ainsi qu\u2019un premier couple est revenu nicher en Belgique en 1994. Aujourd\u2019hui, on compte \u00e0 peu pr\u00e8s <strong>300 couples nicheurs<\/strong> dans le pays, y compris en milieu urbain (15 en R\u00e9gion de Bruxelles Capitale), o\u00f9 les b\u00e2timents \u00e9lev\u00e9s remplacent les falaises naturelles.<\/p>\n\n\n\n<p>\ud83d\udc49 Meer info : <em><a href=\"https:\/\/www.fauconspourtous.be\/\" target=\"_blank\" rel=\"noopener\" title=\"\">Valken voor iederen<\/a><\/em><\/p>\n\n\n\n<hr class=\"wp-block-separator has-alpha-channel-opacity\"\/>\n\n\n\n<h5 class=\"wp-block-heading\"><strong><em><strong>Waarom de slechtvalken ringen?<\/strong><\/em><\/strong><\/h5>\n\n\n\n<p>Ringen is een wetenschappelijke methode om de bewegingen en routes van elke valk tijdens zijn leven te volgen. Elke vogel krijgt een unieke ring aan elke poot. De ring is vanop een afstand met een verrekijker te herkennen, of als de vogel dood wordt aangetroffen.<\/p>\n\n\n\n<p>Alleen bevoegde personen mogen de vogels ringen. De handeling gebeurt snel en voorzichtig om stress voor de jonge vogels tot een minimum te beperken. Hoewel de vogels er lichte hinder van ondervinden, levert het waardevolle gegevens op voor onderzoek en het behoud van de soort.<\/p>\n\n\n\n<p>\u00c0 Saint-Gilles, les deux adultes nicheurs sont bagu\u00e9s, ce qui permet de mieux comprendre leur histoire et leur parcours. Les jeunes sont annuellement bagu\u00e9s \u00e9galement, ils seront \u00e0 cette occasion pes\u00e9s et un \u00e9chantillon de duvet sera pr\u00e9lev\u00e9 pour des analyses scientifiques.<\/p>\n\n\n\n<h6 class=\"wp-block-heading\">Bagage en 2025 (par Dider Vangeluwe)<\/h6>\n\n\n\n<figure class=\"wp-block-gallery has-nested-images columns-4 is-cropped wp-block-gallery-2 is-layout-flex wp-block-gallery-is-layout-flex\">\n<figure class=\"wp-block-image size-large\"><a href=\"https:\/\/maisonecohuis.be\/wp-content\/uploads\/2025\/05\/Saint-Gilles-08052025-Didier-Vangeluwe-IRSNB-a-min-scaled.jpg\"><img loading=\"lazy\" decoding=\"async\" width=\"768\" height=\"1024\" data-id=\"4672\" src=\"https:\/\/maisonecohuis.be\/wp-content\/uploads\/2025\/05\/Saint-Gilles-08052025-Didier-Vangeluwe-IRSNB-a-min-768x1024.jpg\" alt=\"4 jeunes fauconneaux en cours de bagage en 2025 \u00e0 Saint-Gilles (Bruxelles).\" class=\"wp-image-4672\" srcset=\"https:\/\/maisonecohuis.be\/wp-content\/uploads\/2025\/05\/Saint-Gilles-08052025-Didier-Vangeluwe-IRSNB-a-min-768x1024.jpg 768w, https:\/\/maisonecohuis.be\/wp-content\/uploads\/2025\/05\/Saint-Gilles-08052025-Didier-Vangeluwe-IRSNB-a-min-225x300.jpg 225w, https:\/\/maisonecohuis.be\/wp-content\/uploads\/2025\/05\/Saint-Gilles-08052025-Didier-Vangeluwe-IRSNB-a-min-1152x1536.jpg 1152w, https:\/\/maisonecohuis.be\/wp-content\/uploads\/2025\/05\/Saint-Gilles-08052025-Didier-Vangeluwe-IRSNB-a-min-1536x2048.jpg 1536w, https:\/\/maisonecohuis.be\/wp-content\/uploads\/2025\/05\/Saint-Gilles-08052025-Didier-Vangeluwe-IRSNB-a-min-scaled.jpg 1920w\" sizes=\"auto, (max-width: 768px) 100vw, 768px\" \/><\/a><figcaption class=\"wp-element-caption\"><em>Vier slechtvalken<\/em><\/figcaption><\/figure>\n\n\n\n<figure class=\"wp-block-image size-large\"><a href=\"https:\/\/maisonecohuis.be\/wp-content\/uploads\/2025\/05\/image002.jpg\"><img loading=\"lazy\" decoding=\"async\" width=\"768\" height=\"1024\" data-id=\"4678\" src=\"https:\/\/maisonecohuis.be\/wp-content\/uploads\/2025\/05\/image002-768x1024.jpg\" alt=\"1 jeune faucon dans la balance lors du bagage en 2025 \u00e0 Saint-Gilles (Bruxelles).\" class=\"wp-image-4678\" srcset=\"https:\/\/maisonecohuis.be\/wp-content\/uploads\/2025\/05\/image002-768x1024.jpg 768w, https:\/\/maisonecohuis.be\/wp-content\/uploads\/2025\/05\/image002-225x300.jpg 225w, https:\/\/maisonecohuis.be\/wp-content\/uploads\/2025\/05\/image002-1152x1536.jpg 1152w, https:\/\/maisonecohuis.be\/wp-content\/uploads\/2025\/05\/image002.jpg 1512w\" sizes=\"auto, (max-width: 768px) 100vw, 768px\" \/><\/a><figcaption class=\"wp-element-caption\">Pesage<\/figcaption><\/figure>\n\n\n\n<figure class=\"wp-block-image size-large\"><a href=\"https:\/\/maisonecohuis.be\/wp-content\/uploads\/2025\/05\/Saint-Gilles-08052025-Didier-Vangeluwe-IRSNB-b-min.jpg\"><img loading=\"lazy\" decoding=\"async\" width=\"694\" height=\"1024\" data-id=\"4676\" src=\"https:\/\/maisonecohuis.be\/wp-content\/uploads\/2025\/05\/Saint-Gilles-08052025-Didier-Vangeluwe-IRSNB-b-min-694x1024.jpg\" alt=\"Un des deux parents faucon venant voir ce qui se passe dans son nid lors du bagage en 2025 \u00e0 Saint-Gilles (Bruxelles).\" class=\"wp-image-4676\" srcset=\"https:\/\/maisonecohuis.be\/wp-content\/uploads\/2025\/05\/Saint-Gilles-08052025-Didier-Vangeluwe-IRSNB-b-min-694x1024.jpg 694w, https:\/\/maisonecohuis.be\/wp-content\/uploads\/2025\/05\/Saint-Gilles-08052025-Didier-Vangeluwe-IRSNB-b-min-203x300.jpg 203w, https:\/\/maisonecohuis.be\/wp-content\/uploads\/2025\/05\/Saint-Gilles-08052025-Didier-Vangeluwe-IRSNB-b-min-768x1132.jpg 768w, https:\/\/maisonecohuis.be\/wp-content\/uploads\/2025\/05\/Saint-Gilles-08052025-Didier-Vangeluwe-IRSNB-b-min-1042x1536.jpg 1042w, https:\/\/maisonecohuis.be\/wp-content\/uploads\/2025\/05\/Saint-Gilles-08052025-Didier-Vangeluwe-IRSNB-b-min.jpg 1100w\" sizes=\"auto, (max-width: 694px) 100vw, 694px\" \/><\/a><figcaption class=\"wp-element-caption\"><em>Vrouwtje keert terug naar het nest<\/em><\/figcaption><\/figure>\n\n\n\n<figure class=\"wp-block-image size-large\"><a href=\"https:\/\/maisonecohuis.be\/wp-content\/uploads\/2025\/05\/Saint-Gilles-08052025-Didier-Vangeluwe-IRSNB-c-min-scaled.jpg\"><img loading=\"lazy\" decoding=\"async\" width=\"719\" height=\"1024\" data-id=\"4677\" src=\"https:\/\/maisonecohuis.be\/wp-content\/uploads\/2025\/05\/Saint-Gilles-08052025-Didier-Vangeluwe-IRSNB-c-min-719x1024.jpg\" alt=\"Un des deux parents faucon venant voir ce qui se passe dans son nid lors du bagage en 2025 \u00e0 Saint-Gilles (Bruxelles).\" class=\"wp-image-4677\" srcset=\"https:\/\/maisonecohuis.be\/wp-content\/uploads\/2025\/05\/Saint-Gilles-08052025-Didier-Vangeluwe-IRSNB-c-min-719x1024.jpg 719w, https:\/\/maisonecohuis.be\/wp-content\/uploads\/2025\/05\/Saint-Gilles-08052025-Didier-Vangeluwe-IRSNB-c-min-211x300.jpg 211w, https:\/\/maisonecohuis.be\/wp-content\/uploads\/2025\/05\/Saint-Gilles-08052025-Didier-Vangeluwe-IRSNB-c-min-768x1093.jpg 768w, https:\/\/maisonecohuis.be\/wp-content\/uploads\/2025\/05\/Saint-Gilles-08052025-Didier-Vangeluwe-IRSNB-c-min-1079x1536.jpg 1079w, https:\/\/maisonecohuis.be\/wp-content\/uploads\/2025\/05\/Saint-Gilles-08052025-Didier-Vangeluwe-IRSNB-c-min-1439x2048.jpg 1439w, https:\/\/maisonecohuis.be\/wp-content\/uploads\/2025\/05\/Saint-Gilles-08052025-Didier-Vangeluwe-IRSNB-c-min-scaled.jpg 1798w\" sizes=\"auto, (max-width: 719px) 100vw, 719px\" \/><\/a><figcaption class=\"wp-element-caption\"><em>Vrouwtje in het nest<\/em><\/figcaption><\/figure>\n<figcaption class=\"blocks-gallery-caption wp-element-caption\"><em><em>\u00a9 Foto\u2019s 1-3-4: Didier Vangeluwe en 2: Franck Signoret<\/em><\/em><\/figcaption><\/figure>\n\n\n\n<hr class=\"wp-block-separator has-alpha-channel-opacity\"\/>\n\n\n\n<h5 class=\"wp-block-heading\"><strong><em>Une cohabitation \u00e0 pr\u00e9server<\/em><\/strong><\/h5>\n\n\n\n<p>La pr\u00e9sence des faucons p\u00e8lerins \u00e0 Saint-Gilles est le r\u00e9sultat d\u2019ann\u00e9es d\u2019efforts en faveur de la protection de la nature. En respectant quelques r\u00e8gles simples \u2014 observer \u00e0 distance, ne pas intervenir, signaler les situations inhabituelles aux autorit\u00e9s comp\u00e9tentes \u2014 chacun et chacune peut contribuer concr\u00e8tement \u00e0 la pr\u00e9servation de cette esp\u00e8ce remarquable.<\/p>\n\n\n\n<p>Mais la conservation du faucon p\u00e8lerin passe aussi, et avant tout, par la <strong>r\u00e9duction et l\u2019arr\u00eat de l\u2019utilisation de substances toxiques<\/strong>, comme les pesticides, qui contaminent l\u2019environnement. Ces produits s\u2019accumulent dans les cha\u00eenes alimentaires et peuvent empoisonner les rapaces au sommet de celles-ci, fragiliser leur reproduction et mettre en p\u00e9ril leurs populations.<\/p>\n\n\n\n<p>Les faucons p\u00e8lerins nous rappellent ainsi que la ville peut \u00eatre un refuge pour la biodiversit\u00e9, \u00e0 condition de pr\u00e9server des milieux sains, en ville comme \u00e0 la campagne. Prenons le temps de lever les yeux, de repenser nos pratiques et de partager cet espace avec le vivant.<\/p>\n","protected":false},"excerpt":{"rendered":"<p>Deze pagina wordt binnenkort vertaald. Depuis 2017, un couple de faucons p\u00e8lerins (Falco peregrinus) s\u2019est install\u00e9 tout en haut du beffroi de l\u2019H\u00f4tel de Ville [&hellip;] <span class=\"read-more-link\"><a class=\"read-more\" href=\"https:\/\/maisonecohuis.be\/?page_id=5788&#038;lang=nl\">Read More<\/a><\/span><\/p>\n","protected":false},"author":1,"featured_media":0,"parent":0,"menu_order":0,"comment_status":"closed","ping_status":"closed","template":"","meta":{"om_disable_all_campaigns":false,"_monsterinsights_skip_tracking":false,"_monsterinsights_sitenote_active":false,"_monsterinsights_sitenote_note":"","_monsterinsights_sitenote_category":0,"_uf_show_specific_survey":0,"_uf_disable_surveys":false,"footnotes":""},"class_list":["post-5788","page","type-page","status-publish","hentry"],"aioseo_notices":[],"_links":{"self":[{"href":"https:\/\/maisonecohuis.be\/index.php?rest_route=\/wp\/v2\/pages\/5788","targetHints":{"allow":["GET"]}}],"collection":[{"href":"https:\/\/maisonecohuis.be\/index.php?rest_route=\/wp\/v2\/pages"}],"about":[{"href":"https:\/\/maisonecohuis.be\/index.php?rest_route=\/wp\/v2\/types\/page"}],"author":[{"embeddable":true,"href":"https:\/\/maisonecohuis.be\/index.php?rest_route=\/wp\/v2\/users\/1"}],"replies":[{"embeddable":true,"href":"https:\/\/maisonecohuis.be\/index.php?rest_route=%2Fwp%2Fv2%2Fcomments&post=5788"}],"version-history":[{"count":2,"href":"https:\/\/maisonecohuis.be\/index.php?rest_route=\/wp\/v2\/pages\/5788\/revisions"}],"predecessor-version":[{"id":5805,"href":"https:\/\/maisonecohuis.be\/index.php?rest_route=\/wp\/v2\/pages\/5788\/revisions\/5805"}],"wp:attachment":[{"href":"https:\/\/maisonecohuis.be\/index.php?rest_route=%2Fwp%2Fv2%2Fmedia&parent=5788"}],"curies":[{"name":"wp","href":"https:\/\/api.w.org\/{rel}","templated":true}]}}