{"id":5425,"date":"2026-01-29T14:03:10","date_gmt":"2026-01-29T13:03:10","guid":{"rendered":"https:\/\/maisonecohuis.be\/?page_id=5425"},"modified":"2026-02-18T11:31:06","modified_gmt":"2026-02-18T10:31:06","slug":"nos-projets-realises-archive","status":"publish","type":"page","link":"https:\/\/maisonecohuis.be\/?page_id=5425","title":{"rendered":"Nos projets r\u00e9alis\u00e9s (Archive)"},"content":{"rendered":"\n<p>Vous trouverez sur cette page tous nos projets cl\u00f4tur\u00e9s qui ont \u00e9t\u00e9 r\u00e9alis\u00e9s depuis la cr\u00e9ation du service.<\/p>\n\n\n\n<div style=\"height:40px\" aria-hidden=\"true\" class=\"wp-block-spacer\"><\/div>\n\n\n\n<figure class=\"wp-block-gallery has-nested-images columns-default is-cropped wp-block-gallery-1 is-layout-flex wp-block-gallery-is-layout-flex\">\n<figure class=\"wp-block-image size-large\"><a href=\"https:\/\/maisonecohuis.be\/?page_id=4527\" target=\"_blank\" rel=\" noreferrer noopener\"><img loading=\"lazy\" decoding=\"async\" width=\"722\" height=\"1024\" data-id=\"4531\" src=\"https:\/\/maisonecohuis.be\/wp-content\/uploads\/2025\/01\/kleinpetitfruit_logo_web-722x1024.png\" alt=\"Projet 'Klein Petit Fruit' sur la plantation de haies comestibles \u00e0 Saint-Gilles, Bruxelles\" class=\"wp-image-4531\" srcset=\"https:\/\/maisonecohuis.be\/wp-content\/uploads\/2025\/01\/kleinpetitfruit_logo_web-722x1024.png 722w, https:\/\/maisonecohuis.be\/wp-content\/uploads\/2025\/01\/kleinpetitfruit_logo_web-211x300.png 211w, https:\/\/maisonecohuis.be\/wp-content\/uploads\/2025\/01\/kleinpetitfruit_logo_web-768x1090.png 768w, https:\/\/maisonecohuis.be\/wp-content\/uploads\/2025\/01\/kleinpetitfruit_logo_web-1083x1536.png 1083w, https:\/\/maisonecohuis.be\/wp-content\/uploads\/2025\/01\/kleinpetitfruit_logo_web-1444x2048.png 1444w, https:\/\/maisonecohuis.be\/wp-content\/uploads\/2025\/01\/kleinpetitfruit_logo_web.png 1748w\" sizes=\"auto, (max-width: 722px) 100vw, 722px\" \/><\/a><figcaption class=\"wp-element-caption\">Klein Petit Fruit<\/figcaption><\/figure>\n\n\n\n<figure class=\"wp-block-image size-large\"><a href=\"https:\/\/maisonecohuis.be\/?page_id=4495\" target=\"_blank\" rel=\" noreferrer noopener\"><img loading=\"lazy\" decoding=\"async\" width=\"768\" height=\"1024\" data-id=\"4498\" src=\"https:\/\/maisonecohuis.be\/wp-content\/uploads\/2025\/01\/CC31DB9E-1818-4B86-9D96-1EC36A9C35B2_1_105_c.jpeg\" alt=\"Projet de potage de qualit\u00e9 pour les \u00e9l\u00e8ves des \u00e9coles communales de Saint-Gilles, Bruxelles\" class=\"wp-image-4498\" srcset=\"https:\/\/maisonecohuis.be\/wp-content\/uploads\/2025\/01\/CC31DB9E-1818-4B86-9D96-1EC36A9C35B2_1_105_c.jpeg 768w, https:\/\/maisonecohuis.be\/wp-content\/uploads\/2025\/01\/CC31DB9E-1818-4B86-9D96-1EC36A9C35B2_1_105_c-225x300.jpeg 225w\" sizes=\"auto, (max-width: 768px) 100vw, 768px\" \/><\/a><figcaption class=\"wp-element-caption\">Potage dans les \u00e9coles<\/figcaption><\/figure>\n\n\n\n<figure class=\"wp-block-image size-large\"><a href=\"https:\/\/maisonecohuis.be\/?page_id=1540\" target=\"_blank\" rel=\" noreferrer noopener\"><img loading=\"lazy\" decoding=\"async\" width=\"435\" height=\"232\" data-id=\"1786\" src=\"https:\/\/maisonecohuis.be\/wp-content\/uploads\/2021\/10\/logo-re\u0301cup-soup.jpg\" alt=\"R\u00e9cup Soup, projet social \u00e0 Saint-Gilles, Bruxelles.\" class=\"wp-image-1786\" srcset=\"https:\/\/maisonecohuis.be\/wp-content\/uploads\/2021\/10\/logo-re\u0301cup-soup.jpg 435w, https:\/\/maisonecohuis.be\/wp-content\/uploads\/2021\/10\/logo-re\u0301cup-soup-300x160.jpg 300w\" sizes=\"auto, (max-width: 435px) 100vw, 435px\" \/><\/a><figcaption class=\"wp-element-caption\">R\u00e9cup Soup&rsquo;<\/figcaption><\/figure>\n\n\n\n<figure class=\"wp-block-image size-large\"><a href=\"https:\/\/maisonecohuis.be\/?page_id=2445\" target=\"_blank\" rel=\" noreferrer noopener\"><img loading=\"lazy\" decoding=\"async\" width=\"773\" height=\"647\" data-id=\"2526\" src=\"https:\/\/maisonecohuis.be\/wp-content\/uploads\/2022\/04\/cendrier-1.jpg\" alt=\"Sensibilisation \u00e0 la pollution des m\u00e9gots. Ici commence la mer. Saint-Gilles.\" class=\"wp-image-2526\" srcset=\"https:\/\/maisonecohuis.be\/wp-content\/uploads\/2022\/04\/cendrier-1.jpg 773w, https:\/\/maisonecohuis.be\/wp-content\/uploads\/2022\/04\/cendrier-1-300x251.jpg 300w, https:\/\/maisonecohuis.be\/wp-content\/uploads\/2022\/04\/cendrier-1-768x643.jpg 768w\" sizes=\"auto, (max-width: 773px) 100vw, 773px\" \/><\/a><figcaption class=\"wp-element-caption\">M\u00e9gots et pollution<\/figcaption><\/figure>\n\n\n\n<figure class=\"wp-block-image size-large\"><a href=\"https:\/\/maisonecohuis.be\/?page_id=1125\" target=\"_blank\" rel=\" noreferrer noopener\"><img loading=\"lazy\" decoding=\"async\" width=\"1024\" height=\"732\" data-id=\"1425\" src=\"https:\/\/maisonecohuis.be\/wp-content\/uploads\/2021\/03\/petite_poule_logo_texte_web-1024x732.png\" alt=\"Projet de la Petite Poule Royale, projet sur la biodiversit\u00e9, le pain, la v\u00e9g\u00e9tation en ville et \u00e0 Saint-Gilles (Bruxelles).\" class=\"wp-image-1425\" srcset=\"https:\/\/maisonecohuis.be\/wp-content\/uploads\/2021\/03\/petite_poule_logo_texte_web-1024x732.png 1024w, https:\/\/maisonecohuis.be\/wp-content\/uploads\/2021\/03\/petite_poule_logo_texte_web-300x214.png 300w, https:\/\/maisonecohuis.be\/wp-content\/uploads\/2021\/03\/petite_poule_logo_texte_web-768x549.png 768w\" sizes=\"auto, (max-width: 1024px) 100vw, 1024px\" \/><\/a><figcaption class=\"wp-element-caption\">Projet \u00ab\u00a0La Petite Poule Royale\u00a0\u00bb (2020-2022)<\/figcaption><\/figure>\n\n\n\n<figure class=\"wp-block-image size-large\"><a href=\"https:\/\/maisonecohuis.be\/?page_id=1223\" target=\"_blank\" rel=\" noreferrer noopener\"><img loading=\"lazy\" decoding=\"async\" width=\"573\" height=\"575\" data-id=\"2139\" src=\"https:\/\/maisonecohuis.be\/wp-content\/uploads\/2021\/12\/page1.png\" alt=\"Projet sur les Martinets noirs \u00e0 Saint-Gilles r\u00e9alis\u00e9 de 2018 \u00e0 2021 avec un subside de Bruxelles Environnement.\" class=\"wp-image-2139\" srcset=\"https:\/\/maisonecohuis.be\/wp-content\/uploads\/2021\/12\/page1.png 573w, https:\/\/maisonecohuis.be\/wp-content\/uploads\/2021\/12\/page1-150x150.png 150w, https:\/\/maisonecohuis.be\/wp-content\/uploads\/2021\/12\/page1-300x300.png 300w\" sizes=\"auto, (max-width: 573px) 100vw, 573px\" \/><\/a><figcaption class=\"wp-element-caption\">Les martinets noirs \u00e0 Saint-Gilles (2018-2021)<\/figcaption><\/figure>\n\n\n\n<figure class=\"wp-block-image size-large\"><a href=\"https:\/\/maisonecohuis.be\/?page_id=324\" target=\"_blank\" rel=\" noreferrer noopener\"><img loading=\"lazy\" decoding=\"async\" width=\"1024\" height=\"819\" data-id=\"169\" src=\"https:\/\/maisonecohuis.be\/wp-content\/uploads\/2018\/04\/logoettypo-visage-1024x819.png\" alt=\"Projet sur les champignons et les chicons et leur culture en ville, sp\u00e9cifiquement \u00e0 Saint-Gilles et \u00e0 Forest (Bruxelles).\" class=\"wp-image-169\" srcset=\"https:\/\/maisonecohuis.be\/wp-content\/uploads\/2018\/04\/logoettypo-visage-1024x819.png 1024w, https:\/\/maisonecohuis.be\/wp-content\/uploads\/2018\/04\/logoettypo-visage-300x240.png 300w, https:\/\/maisonecohuis.be\/wp-content\/uploads\/2018\/04\/logoettypo-visage-768x615.png 768w\" sizes=\"auto, (max-width: 1024px) 100vw, 1024px\" \/><\/a><figcaption class=\"wp-element-caption\">Mr Fungi &amp; Mme Witloof (-2020)<\/figcaption><\/figure>\n\n\n\n<figure class=\"wp-block-image size-large\"><a href=\"https:\/\/maisonecohuis.be\/?page_id=344\" target=\"_blank\" rel=\" noreferrer noopener\"><img loading=\"lazy\" decoding=\"async\" width=\"640\" height=\"480\" data-id=\"384\" src=\"https:\/\/maisonecohuis.be\/wp-content\/uploads\/2018\/07\/IMG_0228.jpg\" alt=\"Projet de compost citoyens collectifs \u00e0 Saint-Gilles (Bruxelles).\" class=\"wp-image-384\" srcset=\"https:\/\/maisonecohuis.be\/wp-content\/uploads\/2018\/07\/IMG_0228.jpg 640w, https:\/\/maisonecohuis.be\/wp-content\/uploads\/2018\/07\/IMG_0228-300x225.jpg 300w\" sizes=\"auto, (max-width: 640px) 100vw, 640px\" \/><\/a><figcaption class=\"wp-element-caption\">Compost collectifs \u00e0 Saint-Gilles<\/figcaption><\/figure>\n<\/figure>\n","protected":false},"excerpt":{"rendered":"<p>Vous trouverez sur cette page tous nos projets cl\u00f4tur\u00e9s qui ont \u00e9t\u00e9 r\u00e9alis\u00e9s depuis la cr\u00e9ation du service.<\/p>\n","protected":false},"author":1,"featured_media":0,"parent":0,"menu_order":0,"comment_status":"closed","ping_status":"closed","template":"","meta":{"om_disable_all_campaigns":false,"_monsterinsights_skip_tracking":false,"_monsterinsights_sitenote_active":false,"_monsterinsights_sitenote_note":"","_monsterinsights_sitenote_category":0,"_uf_show_specific_survey":0,"_uf_disable_surveys":false,"footnotes":""},"class_list":["post-5425","page","type-page","status-publish","hentry"],"aioseo_notices":[],"_links":{"self":[{"href":"https:\/\/maisonecohuis.be\/index.php?rest_route=\/wp\/v2\/pages\/5425","targetHints":{"allow":["GET"]}}],"collection":[{"href":"https:\/\/maisonecohuis.be\/index.php?rest_route=\/wp\/v2\/pages"}],"about":[{"href":"https:\/\/maisonecohuis.be\/index.php?rest_route=\/wp\/v2\/types\/page"}],"author":[{"embeddable":true,"href":"https:\/\/maisonecohuis.be\/index.php?rest_route=\/wp\/v2\/users\/1"}],"replies":[{"embeddable":true,"href":"https:\/\/maisonecohuis.be\/index.php?rest_route=%2Fwp%2Fv2%2Fcomments&post=5425"}],"version-history":[{"count":6,"href":"https:\/\/maisonecohuis.be\/index.php?rest_route=\/wp\/v2\/pages\/5425\/revisions"}],"predecessor-version":[{"id":5836,"href":"https:\/\/maisonecohuis.be\/index.php?rest_route=\/wp\/v2\/pages\/5425\/revisions\/5836"}],"wp:attachment":[{"href":"https:\/\/maisonecohuis.be\/index.php?rest_route=%2Fwp%2Fv2%2Fmedia&parent=5425"}],"curies":[{"name":"wp","href":"https:\/\/api.w.org\/{rel}","templated":true}]}}