{"id":5199,"date":"2026-01-01T18:43:35","date_gmt":"2026-01-01T17:43:35","guid":{"rendered":"https:\/\/maisonecohuis.be\/?page_id=5199"},"modified":"2026-01-01T18:43:35","modified_gmt":"2026-01-01T17:43:35","slug":"accompagnement-pour-les-professionnels-du-batiment","status":"publish","type":"page","link":"https:\/\/maisonecohuis.be\/?page_id=5199","title":{"rendered":"Accompagnement pour les professionnels du b\u00e2timent"},"content":{"rendered":"\n<h3 class=\"wp-block-heading\"><\/h3>\n\n\n\n<p>Les professionnels du b\u00e2timent actifs \u00e0 Bruxelles peuvent b\u00e9n\u00e9ficier d\u2019un <strong>accompagnement gratuit et ind\u00e9pendant<\/strong> pour int\u00e9grer la durabilit\u00e9, l\u2019efficacit\u00e9 \u00e9nerg\u00e9tique et les exigences r\u00e9glementaires dans leurs projets de construction ou de r\u00e9novation.<\/p>\n\n\n\n<hr class=\"wp-block-separator has-alpha-channel-opacity\"\/>\n\n\n\n<h3 class=\"wp-block-heading\">Facilitateur B\u00e2timent Durable<\/h3>\n\n\n\n<p>Le Facilitateur B\u00e2timent Durable, mis en place par Bruxelles Environnement, est un <strong>service de conseil gratuit<\/strong> destin\u00e9 aux professionnels du secteur : ma\u00eetres d\u2019ouvrage, concepteurs, gestionnaires, installateurs, entreprises et syndics d\u2019immeuble.<\/p>\n\n\n\n<p>Il apporte des r\u00e9ponses techniques et un avis ind\u00e9pendant \u00e0 toutes les \u00e9tapes d\u2019un projet, de la conception \u00e0 la mise en \u0153uvre. Le facilitateur peut notamment vous aider sur :<\/p>\n\n\n\n<ul class=\"wp-block-list\">\n<li>la <strong>r\u00e9duction des consommations d\u2019\u00e9nergie<\/strong> et l\u2019int\u00e9gration des <strong>\u00e9nergies renouvelables<\/strong> (par exemple en r\u00e9alisant un quickscan panneaux solaires)<\/li>\n\n\n\n<li>les <strong>projets de r\u00e9novation en copropri\u00e9t\u00e9<\/strong><\/li>\n\n\n\n<li>les <strong>choix techniques et r\u00e9glementaires<\/strong> (PEB, PLAGE) ;<\/li>\n\n\n\n<li>les mat\u00e9riaux, la gestion de l\u2019eau et l\u2019\u00e9conomie circulaire ;<\/li>\n\n\n\n<li>les questions de conception durable et de confort du b\u00e2timent.<\/li>\n<\/ul>\n\n\n\n<p>\u2192\u00a0Contactez le service du <a href=\"https:\/\/environnement.brussels\/pro\/services-et-demandes\/conseils-et-accompagnement\/facilitateur-batiment-durable-et-facilitateur-copropriete\" title=\"Facilitateur B\u00e2timent Durable\"><strong>Facilitateur B\u00e2timent Durable<\/strong><\/a><\/p>\n\n\n\n<p>\u2192\u00a0Pour les copropri\u00e9t\u00e9s disposant d\u2019un <span style=\"text-decoration: underline;\">syndic b\u00e9n\u00e9vole,<\/span> ou pour les particuliers, un accompagnement est propos\u00e9 via <a href=\"https:\/\/homegrade.brussels\/conseils\/coproprietes\/\" title=\"Homegrade.\"><strong>Homegrade<\/strong>.<\/a><\/p>\n\n\n\n<hr class=\"wp-block-separator has-alpha-channel-opacity\"\/>\n\n\n\n<h3 class=\"wp-block-heading\">Le Guide B\u00e2timent Durable<\/h3>\n\n\n\n<p>Le <strong>Guide B\u00e2timent Durable<\/strong> de Bruxelles Environnement met \u00e0 disposition des fiches pratiques pour accompagner les professionnels dans la conception et la r\u00e9novation de b\u00e2timents plus durables.<\/p>\n\n\n\n<p>Il vous informe \u00e9galement des \u00e9v\u00e8nements et actualit\u00e9s autour de la construction et conception durable \u00e0 Bruxelles.<\/p>\n\n\n\n<p><a href=\"https:\/\/guidebatimentdurable.brussels\/\" title=\"\u2192 Consulter le Guide B\u00e2timent Durable\">\u2192 <strong>Consulter le Guide B\u00e2timent Durable<\/strong><\/a><\/p>\n","protected":false},"excerpt":{"rendered":"<p>Les professionnels du b\u00e2timent actifs \u00e0 Bruxelles peuvent b\u00e9n\u00e9ficier d\u2019un accompagnement gratuit et ind\u00e9pendant pour int\u00e9grer la durabilit\u00e9, l\u2019efficacit\u00e9 \u00e9nerg\u00e9tique et les exigences r\u00e9glementaires dans [&hellip;] <span class=\"read-more-link\"><a class=\"read-more\" href=\"https:\/\/maisonecohuis.be\/?page_id=5199\">Read More<\/a><\/span><\/p>\n","protected":false},"author":1,"featured_media":0,"parent":0,"menu_order":0,"comment_status":"closed","ping_status":"closed","template":"","meta":{"om_disable_all_campaigns":false,"_monsterinsights_skip_tracking":false,"_monsterinsights_sitenote_active":false,"_monsterinsights_sitenote_note":"","_monsterinsights_sitenote_category":0,"_uf_show_specific_survey":0,"_uf_disable_surveys":false,"footnotes":""},"class_list":["post-5199","page","type-page","status-publish","hentry"],"aioseo_notices":[],"_links":{"self":[{"href":"https:\/\/maisonecohuis.be\/index.php?rest_route=\/wp\/v2\/pages\/5199","targetHints":{"allow":["GET"]}}],"collection":[{"href":"https:\/\/maisonecohuis.be\/index.php?rest_route=\/wp\/v2\/pages"}],"about":[{"href":"https:\/\/maisonecohuis.be\/index.php?rest_route=\/wp\/v2\/types\/page"}],"author":[{"embeddable":true,"href":"https:\/\/maisonecohuis.be\/index.php?rest_route=\/wp\/v2\/users\/1"}],"replies":[{"embeddable":true,"href":"https:\/\/maisonecohuis.be\/index.php?rest_route=%2Fwp%2Fv2%2Fcomments&post=5199"}],"version-history":[{"count":3,"href":"https:\/\/maisonecohuis.be\/index.php?rest_route=\/wp\/v2\/pages\/5199\/revisions"}],"predecessor-version":[{"id":5210,"href":"https:\/\/maisonecohuis.be\/index.php?rest_route=\/wp\/v2\/pages\/5199\/revisions\/5210"}],"wp:attachment":[{"href":"https:\/\/maisonecohuis.be\/index.php?rest_route=%2Fwp%2Fv2%2Fmedia&parent=5199"}],"curies":[{"name":"wp","href":"https:\/\/api.w.org\/{rel}","templated":true}]}}