{"id":5177,"date":"2026-01-01T18:32:20","date_gmt":"2026-01-01T17:32:20","guid":{"rendered":"https:\/\/maisonecohuis.be\/?page_id=5177"},"modified":"2026-01-01T18:32:21","modified_gmt":"2026-01-01T17:32:21","slug":"accompagnement-energie-pour-asbl-et-entreprises","status":"publish","type":"page","link":"https:\/\/maisonecohuis.be\/?page_id=5177","title":{"rendered":"Accompagnement \u00e9nergie pour ASBL et entreprises"},"content":{"rendered":"\n<hr class=\"wp-block-separator has-alpha-channel-opacity is-style-dots\"\/>\n\n\n\n<div class=\"wp-block-columns is-layout-flex wp-container-core-columns-is-layout-28f84493 wp-block-columns-is-layout-flex\">\n<div class=\"wp-block-column is-layout-flow wp-block-column-is-layout-flow\" style=\"flex-basis:70.2%\">\n<p>Vous \u00eates une ASBL, une petite entreprise, un commerce ou un\u00b7e ind\u00e9pendant\u00b7e, et vous occupez des locaux \u00e0 Bruxelles ?<br>Gr\u00e2ce au Pack Energie de Bruxelles Environnement, b\u00e9n\u00e9ficiez d&rsquo;un accompagnement professionnel gratuit pour vous aider \u00e0 <strong>r\u00e9duire votre consommation d\u2019\u00e9nergie, diminuer vos factures et am\u00e9liorer le confort de vos b\u00e2timents.<\/strong><\/p>\n<\/div>\n\n\n\n<div class=\"wp-block-column is-layout-flow wp-block-column-is-layout-flow\" style=\"flex-basis:50%\">\n<figure class=\"wp-block-image is-resized\"><img decoding=\"async\" src=\"https:\/\/denuo.be\/sites\/default\/files\/styles\/content_half\/public\/bruxelles_picto_PackEnergie.jpg?itok=cSBRwHgu\" alt=\"\" style=\"aspect-ratio:1.0361616639092412;width:248px;height:auto\"\/><\/figure>\n<\/div>\n<\/div>\n\n\n\n<hr class=\"wp-block-separator has-alpha-channel-opacity\"\/>\n\n\n\n<h2 class=\"wp-block-heading\"><strong>Vous \u00eates une ASBL ou une organisation du secteur non-marchand<\/strong><\/h2>\n\n\n\n<p>Les <strong>Energy Advisors<\/strong> de <strong>Bruxeo<\/strong> accompagnent gratuitement les ASBL et organisations \u00e0 finalit\u00e9 sociale (\u00e0 but non lucratif) tout au long de l\u2019ann\u00e9e.<\/p>\n\n\n\n<p>Cet accompagnement en plusieurs \u00e9tapes vous permet d&rsquo;identifier les mesures prioritaires que vous pouvez mettre en place pour \u00e9conomiser de l&rsquo;\u00e9nergie et diminuer votre facture. Il propose  <\/p>\n\n\n\n<ul class=\"wp-block-list\">\n<li>un diagnostic \u00e9nerg\u00e9tique des locaux ;<\/li>\n\n\n\n<li>des check-ups des installations (chauffage, ventilation, \u00e9clairage) ;<\/li>\n\n\n\n<li>une assistance dans la pr\u00e9paration de travaux ;<\/li>\n\n\n\n<li>des conf\u00e9rences et webinaires th\u00e9matiques.<\/li>\n<\/ul>\n\n\n\n<p>Au-del\u00e0 de l\u2019\u00e9nergie, Bruxeo propose \u00e9galement un accompagnement sur d\u2019autres aspects du fonctionnement des structures, tels que la digitalisation, la diversit\u00e9 et l\u2019inclusion, le management ou les questions juridiques.<\/p>\n\n\n\n<p>\u2192 <strong>En savoir plus sur <a href=\"https:\/\/energie.bruxeo.be\/fr\/energie\" title=\"l\u2019accompagnement \u00e9nergie de Bruxeo\">l\u2019accompagnement \u00e9nergie de Bruxeo<\/a><\/strong><\/p>\n\n\n\n<hr class=\"wp-block-separator has-alpha-channel-opacity\"\/>\n\n\n\n<h2 class=\"wp-block-heading\"><strong>Vous \u00eates une PME, une TPE ou un\u00b7e ind\u00e9pendant\u00b7e<\/strong><\/h2>\n\n\n\n<p>Les <strong>PME, TPE et ind\u00e9pendant\u00b7es<\/strong> peuvent b\u00e9n\u00e9ficier d\u2019un accompagnement \u00e9nergie via <strong>UCM<\/strong>.<\/p>\n\n\n\n<p>Cet accompagnement vise \u00e0 :<\/p>\n\n\n\n<ul class=\"wp-block-list\">\n<li>analyser la <strong>consommation \u00e9nerg\u00e9tique<\/strong> de l\u2019activit\u00e9 ;<\/li>\n\n\n\n<li>identifier des <strong>mesures concr\u00e8tes d\u2019\u00e9conomies d\u2019\u00e9nergie<\/strong> ;<\/li>\n\n\n\n<li>am\u00e9liorer la <strong>performance \u00e9nerg\u00e9tique<\/strong> des locaux ;<\/li>\n\n\n\n<li>s\u2019informer sur les <strong>primes et aides financi\u00e8res disponibles<\/strong>.<\/li>\n<\/ul>\n\n\n\n<p>\u2192 <strong>D\u00e9couvrir <a href=\"https:\/\/www.ucm.be\/produits\/accompagnement-energie-bruxelles\" title=\"l\u2019accompagnement \u00e9nergie propos\u00e9 par UCM\">l\u2019accompagnement \u00e9nergie propos\u00e9 par UCM<\/a><\/strong><\/p>\n\n\n\n<hr class=\"wp-block-separator has-alpha-channel-opacity\"\/>\n\n\n\n<p class=\"has-background\" style=\"background-color:#8bd10047;padding-top:0;padding-right:0;padding-bottom:0;padding-left:0\">\ud83d\udca1 Le Pack Energie : un service gratuit, concret et b\u00e9n\u00e9fique \u00e0 la fois pour votre budget, votre confort et le climat, offert par Bruxelles Environnement. <\/p>\n\n\n\n<p>N\u2019h\u00e9sitez pas \u00e0 en profiter !<\/p>\n\n\n\n<figure class=\"wp-block-image size-full\"><img loading=\"lazy\" decoding=\"async\" width=\"740\" height=\"954\" src=\"https:\/\/maisonecohuis.be\/wp-content\/uploads\/2025\/12\/image.png\" alt=\"\" class=\"wp-image-5178\" srcset=\"https:\/\/maisonecohuis.be\/wp-content\/uploads\/2025\/12\/image.png 740w, https:\/\/maisonecohuis.be\/wp-content\/uploads\/2025\/12\/image-233x300.png 233w\" sizes=\"auto, (max-width: 740px) 100vw, 740px\" \/><\/figure>\n","protected":false},"excerpt":{"rendered":"<p>Vous \u00eates une ASBL, une petite entreprise, un commerce ou un\u00b7e ind\u00e9pendant\u00b7e, et vous occupez des locaux \u00e0 Bruxelles ?Gr\u00e2ce au Pack Energie de Bruxelles [&hellip;] <span class=\"read-more-link\"><a class=\"read-more\" href=\"https:\/\/maisonecohuis.be\/?page_id=5177\">Read More<\/a><\/span><\/p>\n","protected":false},"author":1,"featured_media":0,"parent":0,"menu_order":0,"comment_status":"closed","ping_status":"closed","template":"","meta":{"om_disable_all_campaigns":false,"_monsterinsights_skip_tracking":false,"_monsterinsights_sitenote_active":false,"_monsterinsights_sitenote_note":"","_monsterinsights_sitenote_category":0,"_uf_show_specific_survey":0,"_uf_disable_surveys":false,"footnotes":""},"class_list":["post-5177","page","type-page","status-publish","hentry"],"aioseo_notices":[],"_links":{"self":[{"href":"https:\/\/maisonecohuis.be\/index.php?rest_route=\/wp\/v2\/pages\/5177","targetHints":{"allow":["GET"]}}],"collection":[{"href":"https:\/\/maisonecohuis.be\/index.php?rest_route=\/wp\/v2\/pages"}],"about":[{"href":"https:\/\/maisonecohuis.be\/index.php?rest_route=\/wp\/v2\/types\/page"}],"author":[{"embeddable":true,"href":"https:\/\/maisonecohuis.be\/index.php?rest_route=\/wp\/v2\/users\/1"}],"replies":[{"embeddable":true,"href":"https:\/\/maisonecohuis.be\/index.php?rest_route=%2Fwp%2Fv2%2Fcomments&post=5177"}],"version-history":[{"count":5,"href":"https:\/\/maisonecohuis.be\/index.php?rest_route=\/wp\/v2\/pages\/5177\/revisions"}],"predecessor-version":[{"id":5205,"href":"https:\/\/maisonecohuis.be\/index.php?rest_route=\/wp\/v2\/pages\/5177\/revisions\/5205"}],"wp:attachment":[{"href":"https:\/\/maisonecohuis.be\/index.php?rest_route=%2Fwp%2Fv2%2Fmedia&parent=5177"}],"curies":[{"name":"wp","href":"https:\/\/api.w.org\/{rel}","templated":true}]}}