{"id":5171,"date":"2026-01-01T18:40:32","date_gmt":"2026-01-01T17:40:32","guid":{"rendered":"https:\/\/maisonecohuis.be\/?page_id=5171"},"modified":"2026-01-06T12:27:39","modified_gmt":"2026-01-06T11:27:39","slug":"accompagnements-et-primes-pour-les-particuliers","status":"publish","type":"page","link":"https:\/\/maisonecohuis.be\/?page_id=5171","title":{"rendered":"Accompagnements et primes pour les particuliers"},"content":{"rendered":"\n<p>Des solutions existent pour vous aider \u00e0 <strong>mieux comprendre votre consommation<\/strong>, <strong>r\u00e9duire vos d\u00e9penses \u00e9nerg\u00e9tiques<\/strong> et <strong>am\u00e9liorer votre logement<\/strong>.<br>Cliquez sur le th\u00e8me qui vous concerne pour acc\u00e9der aux informations, services et primes disponibles<\/p>\n\n\n\n<p><\/p>\n\n\n\n<div class=\"wp-block-buttons has-custom-font-size has-large-font-size is-horizontal is-content-justification-center is-layout-flex wp-container-core-buttons-is-layout-8c9cdea3 wp-block-buttons-is-layout-flex\" style=\"padding-top:var(--wp--preset--spacing--30);padding-right:0;padding-bottom:var(--wp--preset--spacing--30);padding-left:0\">\n<div class=\"wp-block-button is-style-outline is-style-outline--1\"><a class=\"wp-block-button__link wp-element-button\" href=\"#comprendre\">R\u00e9duire sa consommation et sa facture<\/a><\/div>\n<\/div>\n\n\n\n<div class=\"wp-block-buttons is-content-justification-center is-layout-flex wp-container-core-buttons-is-layout-fe1bbffc wp-block-buttons-is-layout-flex\" style=\"padding-top:var(--wp--preset--spacing--30);padding-bottom:var(--wp--preset--spacing--30)\">\n<div class=\"wp-block-button is-style-outline is-style-outline--2\"><a class=\"wp-block-button__link has-large-font-size has-custom-font-size wp-element-button\" href=\"#r\u00e9nover\">R\u00e9nover et isoler son logement<\/a><\/div>\n<\/div>\n\n\n\n<div class=\"wp-block-buttons is-content-justification-center is-layout-flex wp-container-core-buttons-is-layout-fe1bbffc wp-block-buttons-is-layout-flex\" style=\"padding-top:var(--wp--preset--spacing--30);padding-bottom:var(--wp--preset--spacing--30)\">\n<div class=\"wp-block-button is-style-outline is-style-outline--3\" id=\"produire\"><a class=\"wp-block-button__link has-large-font-size has-custom-font-size wp-element-button\" href=\"#produire-partager\">Produire et partager de l&rsquo;\u00e9nergie verte<\/a><\/div>\n<\/div>\n\n\n\n<hr class=\"wp-block-separator has-alpha-channel-opacity is-style-dots\" style=\"margin-top:var(--wp--preset--spacing--40);margin-bottom:var(--wp--preset--spacing--40)\"\/>\n\n\n\n<h2 class=\"wp-block-heading\" id=\"comprendre\"><strong>Comprendre sa facture et r\u00e9duire sa consommation d&rsquo;\u00e9nergie<\/strong><\/h2>\n\n\n\n<h4 class=\"wp-block-heading\"><strong>SERVICE ENERGIE &#8211; CAFA<\/strong><\/h4>\n\n\n\n<p>La premi\u00e8re \u00e9tape pour faire des \u00e9conomies d\u2019\u00e9nergie est de pouvoir comprendre sa consommation, lire sa facture et choisir un contrat d\u2019\u00e9nergie adapt\u00e9.<\/p>\n\n\n\n<p>Le Service \u00c9nergie du CAFA (CPAS de Saint-Gilles) est gratuit pour les Saint-Gilloises et Saint-Gillois. Il peut vous accompagner pour mieux comprendre vos factures d\u2019\u00e9nergie et vous venir en aide en cas de difficult\u00e9s de paiement (gaz, \u00e9lectricit\u00e9, eau).<\/p>\n\n\n\n<p>\u2192 <strong>En savoir plus sur les services <\/strong><a href=\"https:\/\/cafa.be\/secteurs\/energie\/service_energie\/\" title=\"la page du Secteur Energie du CAFA. \">du Secteur Energie du CAFA. <\/a><\/p>\n\n\n\n<h4 class=\"wp-block-heading\"><strong>SERVICE ECO&amp;CO &#8211; CAFA<\/strong><\/h4>\n\n\n\n<p>Le service Eco &amp; Co propose des ateliers gratuits de sensibilisation sur diff\u00e9rents th\u00e8mes li\u00e9s au d\u00e9veloppement durable, dont les \u00e9conomies d\u2019\u00e9nergie. Ces ateliers, gratuits pour les Saint-Gillois, permettent de mieux comprendre sa consommation, d\u2019adopter de bonnes pratiques au quotidien et d\u2019utiliser ses appareils de mani\u00e8re plus efficace.<\/p>\n\n\n\n<p>Le service propose \u00e9galement :<\/p>\n\n\n\n<ul class=\"wp-block-list\">\n<li>un <strong>atelier sur les primes et aides \u00e0 la r\u00e9novation<\/strong> ;<\/li>\n\n\n\n<li>un <strong>audit \u00e9nerg\u00e9tique de surface<\/strong> pour identifier les d\u00e9perditions d\u2019\u00e9nergie dans le logement.<\/li>\n<\/ul>\n\n\n\n<p>\u2192 <strong><a href=\"https:\/\/maisonecohuis.be\/?page_id=1299\" title=\"D\u00e9couvrir l\u2019ensemble des services propos\u00e9s par Eco &amp; Co \u00e0 la Maisonecohuis\">D\u00e9couvrir l\u2019ensemble des services propos\u00e9s par Eco &amp; Co \u00e0 la MaisonEcoHuis<\/a><\/strong><\/p>\n\n\n\n<hr class=\"wp-block-separator has-alpha-channel-opacity is-style-dots\" style=\"margin-top:var(--wp--preset--spacing--40);margin-bottom:var(--wp--preset--spacing--40)\"\/>\n\n\n\n<h2 class=\"wp-block-heading\" id=\"r\u00e9nover\"><strong>R\u00e9nover, isoler et am\u00e9liorer son logement<\/strong><\/h2>\n\n\n\n<p>Plusieurs services gratuits peuvent accompagner les habitants dans leurs projets d\u2019isolation et de r\u00e9novation, ainsi que pour s\u2019informer sur les <strong>primes et aides existantes<\/strong>.<\/p>\n\n\n\n<h4 class=\"wp-block-heading\"><strong>Homegrade<\/strong><\/h4>\n\n\n\n<p>Homegrade propose un <strong>accompagnement gratuit<\/strong> <strong>et personnalis\u00e9<\/strong> pour am\u00e9liorer la performance \u00e9nerg\u00e9tique de votre logement, mieux comprendre les normes, les r\u00e8gles et les primes disponibles. Son site internet met \u00e9galement \u00e0 disposition de nombreuses ressources pratiques pour vous guider dans vos d\u00e9marches (\u00e9nergie, acoustique, isolation, gestion des travaux, etc.).<\/p>\n\n\n\n<p>Ces services s\u2019adressent aussi aux <strong>locataires<\/strong>, notamment pour certains audits et pour l\u2019acc\u00e8s \u00e0 certaines primes de r\u00e9novation.<\/p>\n\n\n\n<blockquote class=\"wp-block-quote is-layout-flow wp-block-quote-is-layout-flow\">\n<p>Contactez gratuitement les conseillers d&rsquo;<a href=\"https:\/\/homegrade.brussels\/contact\/#iframeWordpress\" title=\"Contact Homegrade\">Homegrade<\/a><\/p>\n\n\n\n<p>Consultez <a href=\"https:\/\/homegrade.brussels\/publications\/\" title=\"les publications th\u00e9matiques d'Homegrade\">les publications th\u00e9matiques d&rsquo;Homegrade<\/a><\/p>\n<\/blockquote>\n\n\n\n<h4 class=\"wp-block-heading\"><strong>CAFA \u2013 Service R\u00e9novation<\/strong><\/h4>\n\n\n\n<p>Pour un ancrage plus local, le CAFA \u00e0 Saint-Gilles, via son <a href=\"https:\/\/cafa.be\/secteurs\/logement\/renovation_energie\/\" title=\"Service R\u00e9novation\">Service R\u00e9novation<\/a>, propose des audits \u00e9nerg\u00e9tiques, des conseils sur les primes r\u00e9gionales et les techniques de r\u00e9novation, et vous accompagnent durant vos travaux et d\u00e9marches administratives.<\/p>\n\n\n\n<h4 class=\"wp-block-heading\"><strong>Vous \u00eates en copropri\u00e9t\u00e9 ?<\/strong><\/h4>\n\n\n\n<p>Les <strong>copropri\u00e9t\u00e9s<\/strong> b\u00e9n\u00e9ficient \u00e9galement d\u2019un accompagnement sp\u00e9cifique pour leurs projets de r\u00e9novation et d\u2019isolation. <\/p>\n\n\n\n<p>Si votre copropri\u00e9t\u00e9 est g\u00e9r\u00e9e par un syndic professionnel, vous pouvez contacter le Facilitateur B\u00e2timent Durable pour \u00eatre accompagn\u00e9 dans toutes les \u00e9tapes de r\u00e9alisation de travaux \u00e9nerg\u00e9tiques, de la r\u00e9flexion \u00e0 la mise en \u0153uvre (choix techniques, cadre r\u00e9glementaire, primes, organisation des travaux).<\/p>\n\n\n\n<p>Si votre copropri\u00e9t\u00e9 est g\u00e9r\u00e9e sans syndic professionnel, vous pouvez contacter Homegrade ou vous renseigner sur les travaux de r\u00e9novation en copropri\u00e9t\u00e9 dans leur dossier sp\u00e9cialis\u00e9.<\/p>\n\n\n\n<p><a href=\"https:\/\/homegrade.brussels\/conseils\/coproprietes\/\" title=\"\u2192 Renseignez vous sur les travaux de r\u00e9novation \u00e9nerg\u00e9tique en copropri\u00e9t\u00e9\">\u2192 Renseignez vous sur les travaux de r\u00e9novation \u00e9nerg\u00e9tique en copropri\u00e9t\u00e9<\/a><\/p>\n\n\n\n<hr class=\"wp-block-separator has-alpha-channel-opacity is-style-dots\" style=\"margin-top:var(--wp--preset--spacing--40);margin-bottom:var(--wp--preset--spacing--40)\"\/>\n\n\n\n<h2 class=\"wp-block-heading\" id=\"produire-partager\"><strong>Produire et partager de l&rsquo;\u00e9nergie verte<\/strong><\/h2>\n\n\n\n<p>Lorsque votre logement est bien isol\u00e9 et que votre consommation est ma\u00eetris\u00e9e, il peut \u00eatre pertinent d\u2019envisager l\u2019<strong>installation de panneaux solaires<\/strong>, si votre situation le permet.<br>Vous pouvez \u00e9galement <strong>participer \u00e0 un partage d\u2019\u00e9nergie<\/strong>, une solution accessible \u00e0 tous les profils pour consommer de l\u2019\u00e9lectricit\u00e9 solaire produite \u00e0 Bruxelles.<\/p>\n\n\n\n<blockquote class=\"wp-block-quote is-layout-flow wp-block-quote-is-layout-flow\">\n<p>Consultez notre page d\u00e9di\u00e9e \u00e0 <a href=\"https:\/\/maisonecohuis.be\/?page_id=5116\" title=\"Installer des panneaux solaires \u00e0 Saint-Gilles\">l&rsquo;installation de panneaux solaires<\/a><\/p>\n\n\n\n<p>Consultez notre page sur <a href=\"https:\/\/maisonecohuis.be\/?page_id=5157\" title=\"Le partage d\u2019\u00e9nergie : une \u00e9nergie renouvelable et locale pour tous\">le partage et les communaut\u00e9s d&rsquo;\u00e9nergie<\/a><\/p>\n<\/blockquote>\n\n\n\n<p><\/p>\n\n\n\n<p><\/p>\n","protected":false},"excerpt":{"rendered":"<p>Des solutions existent pour vous aider \u00e0 mieux comprendre votre consommation, r\u00e9duire vos d\u00e9penses \u00e9nerg\u00e9tiques et am\u00e9liorer votre logement.Cliquez sur le th\u00e8me qui vous concerne [&hellip;] <span class=\"read-more-link\"><a class=\"read-more\" href=\"https:\/\/maisonecohuis.be\/?page_id=5171\">Read More<\/a><\/span><\/p>\n","protected":false},"author":1,"featured_media":0,"parent":0,"menu_order":0,"comment_status":"closed","ping_status":"closed","template":"page-templates\/centered.php","meta":{"om_disable_all_campaigns":false,"_monsterinsights_skip_tracking":false,"_monsterinsights_sitenote_active":false,"_monsterinsights_sitenote_note":"","_monsterinsights_sitenote_category":0,"_uf_show_specific_survey":0,"_uf_disable_surveys":false,"footnotes":""},"class_list":["post-5171","page","type-page","status-publish","hentry"],"aioseo_notices":[],"_links":{"self":[{"href":"https:\/\/maisonecohuis.be\/index.php?rest_route=\/wp\/v2\/pages\/5171","targetHints":{"allow":["GET"]}}],"collection":[{"href":"https:\/\/maisonecohuis.be\/index.php?rest_route=\/wp\/v2\/pages"}],"about":[{"href":"https:\/\/maisonecohuis.be\/index.php?rest_route=\/wp\/v2\/types\/page"}],"author":[{"embeddable":true,"href":"https:\/\/maisonecohuis.be\/index.php?rest_route=\/wp\/v2\/users\/1"}],"replies":[{"embeddable":true,"href":"https:\/\/maisonecohuis.be\/index.php?rest_route=%2Fwp%2Fv2%2Fcomments&post=5171"}],"version-history":[{"count":19,"href":"https:\/\/maisonecohuis.be\/index.php?rest_route=\/wp\/v2\/pages\/5171\/revisions"}],"predecessor-version":[{"id":5251,"href":"https:\/\/maisonecohuis.be\/index.php?rest_route=\/wp\/v2\/pages\/5171\/revisions\/5251"}],"wp:attachment":[{"href":"https:\/\/maisonecohuis.be\/index.php?rest_route=%2Fwp%2Fv2%2Fmedia&parent=5171"}],"curies":[{"name":"wp","href":"https:\/\/api.w.org\/{rel}","templated":true}]}}