{"id":5165,"date":"2026-01-01T18:51:50","date_gmt":"2026-01-01T17:51:50","guid":{"rendered":"https:\/\/maisonecohuis.be\/?page_id=5165"},"modified":"2026-01-01T18:51:50","modified_gmt":"2026-01-01T17:51:50","slug":"aides-accompagnements-et-primes","status":"publish","type":"page","link":"https:\/\/maisonecohuis.be\/?page_id=5165","title":{"rendered":"Aides, Accompagnements et Primes"},"content":{"rendered":"\n<p>Que vous soyez <strong>particulier<\/strong>, <strong>entreprise<\/strong>, <strong>association<\/strong> ou <strong>professionnel du b\u00e2timent<\/strong>, de nombreux services gratuits existent \u00e0 Saint-Gilles et en R\u00e9gion bruxelloise pour vous aider \u00e0 mieux comprendre votre consommation d\u2019\u00e9nergie, r\u00e9duire vos factures et mener des projets de r\u00e9novation ou de production d\u2019\u00e9nergie renouvelable.<\/p>\n\n\n\n<p>S\u00e9lectionnez le profil qui correspond le mieux \u00e0 votre situation afin d\u2019acc\u00e9der aux informations, accompagnements et aides les plus adapt\u00e9es \u00e0 vos besoins.<\/p>\n\n\n\n<hr class=\"wp-block-separator has-alpha-channel-opacity is-style-wide\" style=\"margin-top:var(--wp--preset--spacing--50);margin-bottom:var(--wp--preset--spacing--50)\"\/>\n\n\n\n<div class=\"wp-block-buttons is-horizontal is-content-justification-left is-nowrap is-layout-flex wp-container-core-buttons-is-layout-7263b898 wp-block-buttons-is-layout-flex\">\n<div class=\"wp-block-button has-custom-width wp-block-button__width-50 is-style-outline is-style-outline--1\"><a class=\"wp-block-button__link has-border-color has-dark-gray-border-color wp-element-button\" href=\"https:\/\/maisonecohuis.be\/?page_id=5171\" style=\"border-width:3px;border-top-left-radius:55px;border-top-right-radius:55px;border-bottom-left-radius:55px;border-bottom-right-radius:55px;padding-top:var(--wp--preset--spacing--50);padding-right:0;padding-bottom:var(--wp--preset--spacing--50);padding-left:0\">Vous \u00eates un particulier<\/a><\/div>\n\n\n\n<div class=\"wp-block-button has-custom-width wp-block-button__width-50 is-style-outline is-style-outline--2\"><a class=\"wp-block-button__link has-border-color has-dark-gray-border-color wp-element-button\" href=\"https:\/\/maisonecohuis.be\/?page_id=5177\" style=\"padding-top:var(--wp--preset--spacing--30);padding-bottom:var(--wp--preset--spacing--30)\">Vous \u00eates une entreprise ou association<\/a><\/div>\n\n\n\n<div class=\"wp-block-button has-custom-width wp-block-button__width-50 is-style-outline is-style-outline--3\"><a class=\"wp-block-button__link has-border-color has-dark-gray-border-color wp-element-button\" href=\"https:\/\/maisonecohuis.be\/?page_id=5199\" style=\"padding-top:var(--wp--preset--spacing--30);padding-bottom:var(--wp--preset--spacing--30)\">Vous \u00eates un professionnel du b\u00e2timent<\/a><\/div>\n<\/div>\n\n\n\n<figure class=\"wp-block-image aligncenter size-large is-resized is-style-default\" style=\"margin-top:var(--wp--preset--spacing--60);margin-right:0;margin-bottom:var(--wp--preset--spacing--60);margin-left:0\"><img loading=\"lazy\" decoding=\"async\" width=\"811\" height=\"1024\" src=\"https:\/\/maisonecohuis.be\/wp-content\/uploads\/2026\/01\/PLAN-CLIMAT_FR_vert-fonce_RVBdpi-811x1024.png\" alt=\"\" class=\"wp-image-5211\" style=\"aspect-ratio:0.7920018236884098;width:222px;height:auto\" srcset=\"https:\/\/maisonecohuis.be\/wp-content\/uploads\/2026\/01\/PLAN-CLIMAT_FR_vert-fonce_RVBdpi-811x1024.png 811w, https:\/\/maisonecohuis.be\/wp-content\/uploads\/2026\/01\/PLAN-CLIMAT_FR_vert-fonce_RVBdpi-238x300.png 238w, https:\/\/maisonecohuis.be\/wp-content\/uploads\/2026\/01\/PLAN-CLIMAT_FR_vert-fonce_RVBdpi-768x970.png 768w, https:\/\/maisonecohuis.be\/wp-content\/uploads\/2026\/01\/PLAN-CLIMAT_FR_vert-fonce_RVBdpi-1216x1536.png 1216w, https:\/\/maisonecohuis.be\/wp-content\/uploads\/2026\/01\/PLAN-CLIMAT_FR_vert-fonce_RVBdpi-1622x2048.png 1622w, https:\/\/maisonecohuis.be\/wp-content\/uploads\/2026\/01\/PLAN-CLIMAT_FR_vert-fonce_RVBdpi.png 1975w\" sizes=\"auto, (max-width: 811px) 100vw, 811px\" \/><\/figure>\n\n\n\n<p><\/p>\n","protected":false},"excerpt":{"rendered":"<p>Que vous soyez particulier, entreprise, association ou professionnel du b\u00e2timent, de nombreux services gratuits existent \u00e0 Saint-Gilles et en R\u00e9gion bruxelloise pour vous aider \u00e0 [&hellip;] <span class=\"read-more-link\"><a class=\"read-more\" href=\"https:\/\/maisonecohuis.be\/?page_id=5165\">Read More<\/a><\/span><\/p>\n","protected":false},"author":1,"featured_media":0,"parent":0,"menu_order":0,"comment_status":"closed","ping_status":"closed","template":"","meta":{"om_disable_all_campaigns":false,"_monsterinsights_skip_tracking":false,"_monsterinsights_sitenote_active":false,"_monsterinsights_sitenote_note":"","_monsterinsights_sitenote_category":0,"_uf_show_specific_survey":0,"_uf_disable_surveys":false,"footnotes":""},"class_list":["post-5165","page","type-page","status-publish","hentry"],"aioseo_notices":[],"_links":{"self":[{"href":"https:\/\/maisonecohuis.be\/index.php?rest_route=\/wp\/v2\/pages\/5165","targetHints":{"allow":["GET"]}}],"collection":[{"href":"https:\/\/maisonecohuis.be\/index.php?rest_route=\/wp\/v2\/pages"}],"about":[{"href":"https:\/\/maisonecohuis.be\/index.php?rest_route=\/wp\/v2\/types\/page"}],"author":[{"embeddable":true,"href":"https:\/\/maisonecohuis.be\/index.php?rest_route=\/wp\/v2\/users\/1"}],"replies":[{"embeddable":true,"href":"https:\/\/maisonecohuis.be\/index.php?rest_route=%2Fwp%2Fv2%2Fcomments&post=5165"}],"version-history":[{"count":6,"href":"https:\/\/maisonecohuis.be\/index.php?rest_route=\/wp\/v2\/pages\/5165\/revisions"}],"predecessor-version":[{"id":5214,"href":"https:\/\/maisonecohuis.be\/index.php?rest_route=\/wp\/v2\/pages\/5165\/revisions\/5214"}],"wp:attachment":[{"href":"https:\/\/maisonecohuis.be\/index.php?rest_route=%2Fwp%2Fv2%2Fmedia&parent=5165"}],"curies":[{"name":"wp","href":"https:\/\/api.w.org\/{rel}","templated":true}]}}