{"id":5116,"date":"2025-12-30T14:33:10","date_gmt":"2025-12-30T13:33:10","guid":{"rendered":"https:\/\/maisonecohuis.be\/?page_id=5116"},"modified":"2026-01-01T18:30:49","modified_gmt":"2026-01-01T17:30:49","slug":"installer-des-panneaux-solaires-a-saint-gilles","status":"publish","type":"page","link":"https:\/\/maisonecohuis.be\/?page_id=5116","title":{"rendered":"Installer des panneaux solaires \u00e0 Saint-Gilles"},"content":{"rendered":"\n<p><\/p>\n\n\n\n<div class=\"wp-block-columns is-layout-flex wp-container-core-columns-is-layout-28f84493 wp-block-columns-is-layout-flex\">\n<div class=\"wp-block-column is-layout-flow wp-block-column-is-layout-flow\">\n<figure class=\"wp-block-image aligncenter size-large\"><img loading=\"lazy\" decoding=\"async\" width=\"1024\" height=\"683\" src=\"http:\/\/maisonecohuis.be\/wp-content\/uploads\/2025\/06\/panneaux-solaires-1024x683.jpg\" alt=\"\" class=\"wp-image-4799\" srcset=\"https:\/\/maisonecohuis.be\/wp-content\/uploads\/2025\/06\/panneaux-solaires-1024x683.jpg 1024w, https:\/\/maisonecohuis.be\/wp-content\/uploads\/2025\/06\/panneaux-solaires-300x200.jpg 300w, https:\/\/maisonecohuis.be\/wp-content\/uploads\/2025\/06\/panneaux-solaires-768x512.jpg 768w, https:\/\/maisonecohuis.be\/wp-content\/uploads\/2025\/06\/panneaux-solaires-1536x1024.jpg 1536w, https:\/\/maisonecohuis.be\/wp-content\/uploads\/2025\/06\/panneaux-solaires.jpg 1620w\" sizes=\"auto, (max-width: 1024px) 100vw, 1024px\" \/><\/figure>\n<\/div>\n\n\n\n<div class=\"wp-block-column is-layout-flow wp-block-column-is-layout-flow\">\n<p>\u00c0 Bruxelles et Saint-Gilles, le potentiel photovolta\u00efque est encore fortement sous-exploit\u00e9. Si l\u2019installation de panneaux augmente au fil des ann\u00e9es (<a href=\"https:\/\/maisonecohuis.be\/?page_id=336\" title=\"Plan Climat\">voir Plan Climat<\/a>), en 2025 les installations photovolta\u00efques certifi\u00e9es \u00e0 Saint-Gilles ne repr\u00e9sentent que  <strong>3 193 kWc<\/strong> de puissance install\u00e9e, pour un potentiel solaire saint-gillois estim\u00e9 \u00e0 <strong>69 882 kW<\/strong> par <a href=\"https:\/\/environnement.brussels\/citoyen\/politique-regionale\/rapports-des-projets-environnementaux\/barometre-bruxellois-des-panneaux-solaires?highlight=panneaux%20solaires\" title=\"Bruxelles Environnement\">Bruxelles Environnement<\/a>.<\/p>\n\n\n\n<p>Pourtant, installer des panneaux photovolta\u00efques pr\u00e9sente de nombreux avantages et est toujours rentable en r\u00e9gion bruxelloise.&nbsp;<\/p>\n<\/div>\n<\/div>\n\n\n\n<div data-wp-context=\"{ &quot;autoclose&quot;: false, &quot;accordionItems&quot;: [] }\" data-wp-interactive=\"core\/accordion\" role=\"group\" class=\"wp-block-accordion is-layout-flow wp-block-accordion-is-layout-flow\">\n<div data-wp-class--is-open=\"state.isOpen\" data-wp-context=\"{ &quot;id&quot;: &quot;accordion-item-1&quot;, &quot;openByDefault&quot;: false }\" data-wp-init=\"callbacks.initAccordionItems\" data-wp-on-window--hashchange=\"callbacks.hashChange\" class=\"wp-block-accordion-item is-layout-flow wp-block-accordion-item-is-layout-flow\">\n<h3 class=\"wp-block-accordion-heading has-larger-font-size\"><button aria-expanded=\"false\" aria-controls=\"accordion-item-1-panel\" data-wp-bind--aria-expanded=\"state.isOpen\" data-wp-on--click=\"actions.toggle\" data-wp-on--keydown=\"actions.handleKeyDown\" id=\"accordion-item-1\" class=\"wp-block-accordion-heading__toggle\"><span class=\"wp-block-accordion-heading__toggle-title\"><strong>Pourquoi passer au solaire photovolta\u00efque ?<\/strong><\/span><span class=\"wp-block-accordion-heading__toggle-icon\" aria-hidden=\"true\">+<\/span><\/button><\/h3>\n\n\n\n<div inert aria-labelledby=\"accordion-item-1\" data-wp-bind--inert=\"!state.isOpen\" id=\"accordion-item-1-panel\" role=\"region\" class=\"wp-block-accordion-panel is-layout-flow wp-block-accordion-panel-is-layout-flow\">\n<h2 class=\"wp-block-heading\"><strong>Un investissement rentable<\/strong><\/h2>\n\n\n\n<p><strong>Un retour sur investissement rapide<\/strong> : gr\u00e2ce au m\u00e9canisme des certificats verts, le retour sur investissement d\u2019une installation photovolta\u00efque est en moyenne de <strong>5 \u00e0 7 ans <\/strong>en R\u00e9gion bruxelloise. Vous b\u00e9n\u00e9ficiez ensuite d\u2019une \u00e9lectricit\u00e9 solaire gratuite pendant le reste de la dur\u00e9e de vie de l\u2019installation.<\/p>\n\n\n\n<p><strong>Une protection face \u00e0 la hausse des prix de l\u2019\u00e9nergie<\/strong> : produire et consommer sa propre \u00e9lectricit\u00e9 (autoconsommation) permet, \u00e0 terme, de r\u00e9aliser des \u00e9conomies sur la facture d\u2019\u00e9lectricit\u00e9, dans un contexte o\u00f9 les prix de l\u2019\u00e9nergie restent \u00e9lev\u00e9s en Belgique et soumis \u00e0 l\u2019instabilit\u00e9 des crises.<\/p>\n\n\n\n<p><strong>Une baisse du co\u00fbt d\u2019installation<\/strong> : le co\u00fbt des installations a fortement diminu\u00e9 ces derni\u00e8res ann\u00e9es, tandis que les panneaux offrent aujourd\u2019hui de meilleurs rendements et une dur\u00e9e de vie plus longue (environ 25 ans \u00e0 rendement maximal). Actuellement, une installation moyenne de 5 kWc, couvrant les besoins d\u2019un m\u00e9nage bruxellois moyen, co\u00fbte environ 5 000 euros, soit 1 euro par Wc <em>(source : <a href=\"https:\/\/www.comparateur-energie.be\/blog\/panneaux-photovoltaiques-belgique-2025-rentable?referrer=https%3A%2F%2Fwww.google.com%2F\" title=\"Comparateur \u00c9nergie\">Comparateur \u00c9nergie<\/a>)<\/em>.<\/p>\n\n\n\n<h3 class=\"wp-block-heading\"><strong>R\u00e9duire son empreinte carbone<\/strong><\/h3>\n\n\n\n<p>Contrairement aux id\u00e9es re\u00e7ues, l\u2019impact sur l&rsquo;environnement de la construction des panneaux photovolta\u00efques est faible. <strong>Le co\u00fbt \u00e9nerg\u00e9tique<\/strong> li\u00e9 \u00e0 la fabrication et au transport des panneaux est compens\u00e9 <strong>en moins de 1,5 ans<\/strong> en Belgique, puis produit une \u00e9nergie 100% propre pendant le reste de sa dur\u00e9e de vie.<\/p>\n\n\n\n<p>Par ailleurs, la mati\u00e8re premi\u00e8re des panneaux est la poudre de silicium, qui n\u2019est pas une terre rare, et les composants des panneaux se recyclent aujourd\u2019hui de 95 \u00e0 99% selon les constructeurs !<\/p>\n\n\n\n<p>Enfin, la production et l&rsquo;autoconsommation d&rsquo;\u00e9lectricit\u00e9 solaire repr\u00e9sente un r\u00e9el impact positif sur l&#8217;empreinte carbone d&rsquo;un m\u00e9nage. En Belgique, sur base de notre mix \u00e9lectrique, chaque nouvelle installation photovolta\u00efque de 5 kWc permet d\u2019\u00e9conomiser <strong>2 tonnes de CO2<\/strong> par an, soit l\u2019\u00e9quivalent de 10.875 km parcourus en voiture !<\/p>\n\n\n\n<p><em>Sources : <a href=\"https:\/\/www.renouvelle.be\/fr\/outils\/abc-du-solaire-photovoltaique\" title=\"Renouvelle.be\">Renouvelle.be<\/a>, <a href=\"https:\/\/www.greenpeace.fr\/impact-environnemental-solaire\" title=\"Greenpeace.fr\">Greenpeace.fr<\/a><\/em><\/p>\n<\/div>\n<\/div>\n<\/div>\n\n\n\n<div data-wp-context=\"{ &quot;autoclose&quot;: false, &quot;accordionItems&quot;: [] }\" data-wp-interactive=\"core\/accordion\" role=\"group\" class=\"wp-block-accordion is-layout-flow wp-block-accordion-is-layout-flow\">\n<div data-wp-class--is-open=\"state.isOpen\" data-wp-context=\"{ &quot;id&quot;: &quot;accordion-item-2&quot;, &quot;openByDefault&quot;: false }\" data-wp-init=\"callbacks.initAccordionItems\" data-wp-on-window--hashchange=\"callbacks.hashChange\" class=\"wp-block-accordion-item is-layout-flow wp-block-accordion-item-is-layout-flow\">\n<h3 class=\"wp-block-accordion-heading has-larger-font-size\"><button aria-expanded=\"false\" aria-controls=\"accordion-item-2-panel\" data-wp-bind--aria-expanded=\"state.isOpen\" data-wp-on--click=\"actions.toggle\" data-wp-on--keydown=\"actions.handleKeyDown\" id=\"accordion-item-2\" class=\"wp-block-accordion-heading__toggle\"><span class=\"wp-block-accordion-heading__toggle-title\"><strong>Les diff\u00e9rents types de panneaux solaires<\/strong><\/span><span class=\"wp-block-accordion-heading__toggle-icon\" aria-hidden=\"true\">+<\/span><\/button><\/h3>\n\n\n\n<div inert aria-labelledby=\"accordion-item-2\" data-wp-bind--inert=\"!state.isOpen\" id=\"accordion-item-2-panel\" role=\"region\" class=\"wp-block-accordion-panel is-layout-flow wp-block-accordion-panel-is-layout-flow\">\n<p>Plusieurs types de panneaux solaires existent : <strong>les panneaux solaires photovolta\u00efques (PV), les panneaux solaires thermiques et les panneaux solaires plug-and-play.<\/strong><\/p>\n\n\n\n<p>Les panneaux photovolta\u00efques utilisent le rayonnement solaire pour <strong>produire de l\u2019\u00e9lectricit\u00e9<\/strong>, tandis que les panneaux solaires thermiques captent<strong> <\/strong>la chaleur<strong> <\/strong>du rayonnement solaire pour <strong>chauffer de l\u2019eau sanitaire. <\/strong>Lorsque la demande en eau chaude est \u00e9lev\u00e9e, le solaire thermique a un meilleur rendement que le solaire photovolta\u00efque, mais il n\u00e9cessite un entretien plus important ainsi que le placement d\u2019un plus grand boiler. Par ailleurs, si la demande en eau chaude est faible, le rendement d\u00e9croit.<\/p>\n\n\n\n<p>En r\u00e9gion bruxelloise, seuls les panneaux solaires photovolta\u00efques b\u00e9n\u00e9ficient d\u2019aides financi\u00e8res (certificats verts). Le retour sur investissement de cette option est donc plus int\u00e9ressant que les panneaux thermiques.&nbsp;<\/p>\n\n\n\n<p>Les panneaux solaires <strong>plug-and-play<\/strong> sont une nouvelle option plus accessible sur le march\u00e9 de l\u2019\u00e9lectricit\u00e9 belge. D\u00e9j\u00e0 \u00e9quip\u00e9s d\u2019onduleurs, ils peuvent \u00eatre directement install\u00e9s chez soi sans aide professionnelle et branch\u00e9s \u00e0 une prise \u00e9lectrique de son habitation. Ils sont donc facilement montables et d\u00e9montables, donc accessibles aux locataires. Ces syst\u00e8mes permettent \u00e9galement une autoconsommation plus \u00e9lev\u00e9e que les panneaux classiques sur toiture, mais pour une r\u00e9duction moins importante de la facture \u00e9nerg\u00e9tique globale.&nbsp;<\/p>\n\n\n\n<p><em>Sources : <\/em><a href=\"https:\/\/homegrade.brussels\/conseils\/energies\/panneaux-solaires-thermiques\/\" title=\"Homegrade\">Homegrade<\/a>, <a href=\"https:\/\/www.renouvelle.be\/fr\/les-kits-solaires-plug-play-bientot-autorises-en-belgique\/\" title=\"Renouvelle.be\">Renouvelle.be<\/a>, <a href=\"https:\/\/www.energuide.be\/fr\/questions-reponses\/les-panneaux-solaires-plug-play-sont-ils-dignes-dinteret\/20318\/\" title=\"Energuide.be\">Energuide.be<\/a><\/p>\n<\/div>\n<\/div>\n<\/div>\n\n\n\n<div data-wp-context=\"{ &quot;autoclose&quot;: false, &quot;accordionItems&quot;: [] }\" data-wp-interactive=\"core\/accordion\" role=\"group\" class=\"wp-block-accordion is-layout-flow wp-block-accordion-is-layout-flow\">\n<div data-wp-class--is-open=\"state.isOpen\" data-wp-context=\"{ &quot;id&quot;: &quot;accordion-item-3&quot;, &quot;openByDefault&quot;: false }\" data-wp-init=\"callbacks.initAccordionItems\" data-wp-on-window--hashchange=\"callbacks.hashChange\" class=\"wp-block-accordion-item is-layout-flow wp-block-accordion-item-is-layout-flow\">\n<h3 class=\"wp-block-accordion-heading\"><button aria-expanded=\"false\" aria-controls=\"accordion-item-3-panel\" data-wp-bind--aria-expanded=\"state.isOpen\" data-wp-on--click=\"actions.toggle\" data-wp-on--keydown=\"actions.handleKeyDown\" id=\"accordion-item-3\" class=\"wp-block-accordion-heading__toggle\"><span class=\"wp-block-accordion-heading__toggle-title\"><strong>Avant de vous lancer : les points \u00e0 v\u00e9rifier<\/strong><\/span><span class=\"wp-block-accordion-heading__toggle-icon\" aria-hidden=\"true\">+<\/span><\/button><\/h3>\n\n\n\n<div inert aria-labelledby=\"accordion-item-3\" data-wp-bind--inert=\"!state.isOpen\" id=\"accordion-item-3-panel\" role=\"region\" class=\"wp-block-accordion-panel is-layout-flow wp-block-accordion-panel-is-layout-flow\">\n<p>Malgr\u00e9 les avantages list\u00e9s plus haut, l\u2019installation de panneaux photovolta\u00efques n\u2019est pas forc\u00e9ment la solution prioritaire pour r\u00e9duire votre facture et vos \u00e9missions de gaz \u00e0 effet de serre.<\/p>\n\n\n\n<ul class=\"wp-block-list\">\n<li>D\u2019autres mani\u00e8res de r\u00e9duire sa consommation, parfois plus efficaces et \u00e0 moindre co\u00fbt existent. Dans un premier temps, pensez \u00e0 r\u00e9aliser un diagnostic \u00e9nerg\u00e9tique de votre habitation pour identifier si d\u2019autres mesures ne seraient pas aussi adapt\u00e9es : am\u00e9liorer l\u2019isolation, mieux r\u00e9gler son syst\u00e8me de chauffage, utiliser des appareils \u00e9conomes en \u00e9nergie&#8230;.<\/li>\n<\/ul>\n\n\n\n<p><a href=\"https:\/\/document.environnement.brussels\/opac_css\/elecfile\/100conseilsEnergieFR\" title=\"\u2192 D\u00e9couvrir des conseils pour r\u00e9duire sa consommation d\u2019\u00e9nergie\">\u2192 <strong>D\u00e9couvrir des conseils pour r\u00e9duire sa consommation d\u2019\u00e9nergie<\/strong><\/a><\/p>\n\n\n\n<p>\u2192 <strong>Trouver un accompagnement pour r\u00e9aliser un diagnostic \u00e9nerg\u00e9tique<\/strong> (renvoyer vers notre page)<\/p>\n\n\n\n<ul class=\"wp-block-list\">\n<li>Votre toiture doit \u00eatre en bon \u00e9tat : <strong>bien isol\u00e9e et \u00e9tanche.<\/strong> En effet, cela est indispensable pour le bon fonctionnement des panneaux et avoir un meilleur rendement. Par ailleurs, effectuer des travaux de toiture apr\u00e8s avoir install\u00e9 des panneaux est beaucoup plus compliqu\u00e9 et co\u00fbteux.<\/li>\n\n\n\n<li>Estimez si votre toit a un <strong>bon potentiel solaire<\/strong> : Selon l\u2019orientation, l\u2019inclinaison et la surface de votre toiture, l\u2019installation sera plus ou moins rentable.&nbsp;<\/li>\n<\/ul>\n\n\n\n<p>Estimez le potentiel solaire de votre to\u00eet, les co\u00fbts et gains associ\u00e9s gr\u00e2ce \u00e0 la <strong><span style=\"text-decoration: underline;\"><a href=\"https:\/\/geodata.environnement.brussels\/client\/solar\/\" title=\"carte solaire de Bruxelles Environnement\">carte solaire de Bruxelles Environnement<\/a><\/span><\/strong>.<\/p>\n\n\n\n<ul class=\"wp-block-list\">\n<li>Pas propri\u00e9taire de votre toit ? Parlez-en \u00e0 votre propri\u00e9taire ou rejoignez <a href=\"https:\/\/maisonecohuis.be\/?page_id=5157\" title=\"Le partage d\u2019\u00e9nergie : une \u00e9nergie renouvelable et locale pour tous\"><strong>un partage d\u2019\u00e9nergie<\/strong> <\/a>pour b\u00e9n\u00e9ficier d\u2019\u00e9nergie solaire locale \u00e0 prix stable.<\/li>\n<\/ul>\n\n\n\n<p><\/p>\n<\/div>\n<\/div>\n<\/div>\n\n\n\n<div data-wp-context=\"{ &quot;autoclose&quot;: false, &quot;accordionItems&quot;: [] }\" data-wp-interactive=\"core\/accordion\" role=\"group\" class=\"wp-block-accordion is-layout-flow wp-block-accordion-is-layout-flow\">\n<div data-wp-class--is-open=\"state.isOpen\" data-wp-context=\"{ &quot;id&quot;: &quot;accordion-item-4&quot;, &quot;openByDefault&quot;: false }\" data-wp-init=\"callbacks.initAccordionItems\" data-wp-on-window--hashchange=\"callbacks.hashChange\" class=\"wp-block-accordion-item is-layout-flow wp-block-accordion-item-is-layout-flow\">\n<h3 class=\"wp-block-accordion-heading\"><button aria-expanded=\"false\" aria-controls=\"accordion-item-4-panel\" data-wp-bind--aria-expanded=\"state.isOpen\" data-wp-on--click=\"actions.toggle\" data-wp-on--keydown=\"actions.handleKeyDown\" id=\"accordion-item-4\" class=\"wp-block-accordion-heading__toggle\"><span class=\"wp-block-accordion-heading__toggle-title\"><strong>Se faire accompagner et financer son installation<\/strong><\/span><span class=\"wp-block-accordion-heading__toggle-icon\" aria-hidden=\"true\">+<\/span><\/button><\/h3>\n\n\n\n<div inert aria-labelledby=\"accordion-item-4\" data-wp-bind--inert=\"!state.isOpen\" id=\"accordion-item-4-panel\" role=\"region\" class=\"wp-block-accordion-panel is-layout-flow wp-block-accordion-panel-is-layout-flow\">\n<details class=\"wp-block-details is-layout-flow wp-block-details-is-layout-flow\"><summary><strong>Options de financement<\/strong><\/summary>\n<h4 class=\"wp-block-heading\"><strong>option 1 : Investir et b\u00e9n\u00e9ficier de Certificats Verts<\/strong><\/h4>\n\n\n\n<p>\u00c0 Bruxelles, il existe le m\u00e9canisme des Certificats Verts (CV) : pour un MWh d\u2019\u00e9nergie produite par votre installation, vous obtenez environ 2 CV (selon la taille de votre installation) que vous pouvez revendre \u00e0 un fournisseur d\u2019\u00e9nergie a un prix n\u00e9goci\u00e9 sur le march\u00e9, ou \u00e0 H\u00e9lia au prix minimum de 65 euros par CV.<\/p>\n\n\n\n<p>Pour b\u00e9n\u00e9ficier des certificats verts, l\u2019installation doit \u00eatre certifi\u00e9e \u00e0 la fin des travaux par Brugel. Il faudra donc choisir un installateur certifi\u00e9, dans <a href=\"https:\/\/rescert.be\/fr\/list?res_category=2\" title=\"l\u2019annuaire RESCert :\">l\u2019annuaire RESCert<\/a>.<\/p>\n\n\n\n<p>Pour en savoir plus sur <strong>le fonctionnement des certificats verts et leur gestion<\/strong>, consultez la <strong><a href=\"https:\/\/homegrade.brussels\/wp-content\/uploads\/2024\/04\/Homegrade_ficheinfo_energies_certificats-verts-vendre_FR.pdf\" title=\"fiche explicative de Homegrade\">fiche explicative de Homegrade<\/a><\/strong>. Vous y trouverez \u00e9galement toutes les <strong><a href=\"https:\/\/brugel.brussels\/themes\/energies-renouvelables-11\/certificats-verts-503\" title=\"conditions d\u2019\u00e9ligibilit\u00e9 et la proc\u00e9dure de vente des certificats verts\">conditions d\u2019\u00e9ligibilit\u00e9 et la proc\u00e9dure de vente des certificats verts<\/a><\/strong> sur le site de Brugel.<\/p>\n\n\n\n<p><\/p>\n\n\n\n<h4 class=\"wp-block-heading\"><strong>option 2 : Une installation gratuite gr\u00e2ce au tiers-investisseur<\/strong><\/h4>\n\n\n\n<p>Pour les personnes qui n\u2019ont pas les fonds suffisants pour investir dans une installation, il est possible de recourir au m\u00e9canisme de tiers-investisseur, c&rsquo;est-\u00e0-dire qu\u2019une soci\u00e9t\u00e9 tierce finance les travaux.<\/p>\n\n\n\n<p>En \u00e9change, le tiers-investisseur est propri\u00e9taire pendant dix ans des panneaux photovolta\u00efques, et b\u00e9n\u00e9ficie donc des certificats verts engendr\u00e9s par la production (qui servent normalement \u00e0 rembourser le co\u00fbt de l\u2019installation). Par contre, vous consommez directement l\u2019\u00e9nergie verte produite, et b\u00e9n\u00e9ficiez directement des \u00e9conomies d&rsquo;\u00e9nergie associ\u00e9es. Apr\u00e8s 10 ans, vous devenez propri\u00e9taire de l\u2019installation mais n\u2019avez donc plus droit aux Certificats Verts.<\/p>\n\n\n\n<p>\u00c0 Bruxelles, plusieurs tiers-investisseurs proposent ce service, que ce soit pour les particuliers, petites ou plus grandes structures. Pour plus d\u2019informations, consultez la <strong><a href=\"https:\/\/energie.bruxeo.be\/fr\/tiers-investisseurs\" title=\"liste des tiers-investisseurs actifs\">liste des tiers-investisseurs actifs<\/a> <\/strong>en R\u00e9gion bruxelloise de Bruxeo<strong>.<\/strong><\/p>\n<\/details>\n\n\n\n<details class=\"wp-block-details is-layout-flow wp-block-details-is-layout-flow\"><summary><strong>Ressources et Accompagnement<\/strong><\/summary>\n<h4 class=\"wp-block-heading\"><strong>Vous \u00eates un particulier<\/strong><\/h4>\n\n\n\n<p>Les conseillers de <strong><a href=\"https:\/\/homegrade.brussels\/conseils\/energies\/\" title=\"Homegrade\">Homegrade<\/a><\/strong> peuvent vous renseigner <strong>gratuitement<\/strong>, \u00e9valuer avec vous les b\u00e9n\u00e9fices d\u2019une installation photovolta\u00efque et vous accompagner \u00e0 chaque \u00e9tape de votre projet.<\/p>\n\n\n\n<p>\u00c0 Saint-Gilles, vous pouvez \u00e9galement faire appel au <a href=\"https:\/\/cafa.be\/secteurs\/logement\/renovation_energie\/\" title=\"service R\u00e9novation et \u00c9nergie du CAFA.\"><strong>service R\u00e9novation et \u00c9nergie du CAFA<\/strong>.<\/a> Ce service du CPAS, gratuit et accessible \u00e0 tous propose notamment la r\u00e9alisation d\u2019un audit \u00e9nerg\u00e9tique de votre logement.<\/p>\n\n\n\n<hr class=\"wp-block-separator has-alpha-channel-opacity\"\/>\n\n\n\n<h4 class=\"wp-block-heading\"><strong>Vous \u00eates une association, une entreprise ou un ind\u00e9pendant<\/strong><\/h4>\n\n\n\n<ul class=\"wp-block-list\">\n<li><strong>ASBL et acteurs du secteur social non marchand<\/strong> : contactez les <a href=\"https:\/\/energie.bruxeo.be\/fr\/energie\" title=\"Energy Advisors\">Energy Advisors<\/a>, service gratuit de Bruxeo.<\/li>\n\n\n\n<li><strong>Ind\u00e9pendants, petites et moyennes entreprises<\/strong> : faites appel au <a href=\"https:\/\/www.ucm.be\/produits\/accompagnement-energie-bruxelles\" title=\"service gratuit accompagnement \u00e9nergie d'UCM\">service gratuit accompagnement \u00e9nergie d&rsquo;<strong>UCM<\/strong><\/a>. <\/li>\n<\/ul>\n\n\n\n<hr class=\"wp-block-separator has-alpha-channel-opacity\"\/>\n\n\n\n<h3 class=\"wp-block-heading\"><strong>Ressources utiles pour aller plus loin<\/strong><\/h3>\n\n\n\n<p>De nombreuses ressources pratiques sont disponibles pour vous guider dans les d\u00e9marches et les \u00e9tapes d&rsquo;installation de panneaux photovolta\u00efques :<\/p>\n\n\n\n<p><strong><a href=\"https:\/\/environnement.brussels\/citoyen\/agir-pour-lenvironnement\/renover-et-construire\/quest-ce-que-lenergie-verte#panneaux-solaires-plug-and-play\" title=\"Les diff\u00e9rentes sources d\u2019\u00e9nergie verte\">Les diff\u00e9rentes sources d\u2019\u00e9nergie verte<\/a><\/strong> \u2013 <strong>Bruxelles Environnement<\/strong><\/p>\n\n\n\n<p><a href=\"https:\/\/guidebatimentdurable.brussels\/produire-lelectricite-verte-photovoltaique-autres\" title=\"Produire de l\u2019\u00e9lectricit\u00e9 verte par le photovolta\u00efque\">Produire de l\u2019\u00e9lectricit\u00e9 verte par le photovolta\u00efque<\/a><strong> &#8211; Guide B\u00e2timent Durable<\/strong><\/p>\n\n\n\n<p><a href=\"https:\/\/homegrade.brussels\/conseils\/energies\/installer-panneaux-solaires-photovoltaiques\/\" title=\"Installer des panneaux solaires photovolta\u00efques\">Installer des panneaux solaires photovolta\u00efques<\/a> \u2013 <strong>Homegrade<\/strong> <\/p>\n\n\n\n<p><strong><a href=\"https:\/\/environnement.brussels\/blog-citoyen\/dossiers\/les-panneaux-solaires-en-10-questions\" title=\"Les panneaux solaires en 10 questions\">Les panneaux solaires en 10 questions<\/a><\/strong> \u2013 <strong>Bruxelles Environnement<\/strong><\/p>\n<\/details>\n<\/div>\n<\/div>\n<\/div>\n\n\n\n<p><\/p>\n","protected":false},"excerpt":{"rendered":"<p>\u00c0 Bruxelles et Saint-Gilles, le potentiel photovolta\u00efque est encore fortement sous-exploit\u00e9. Si l\u2019installation de panneaux augmente au fil des ann\u00e9es (voir Plan Climat), en 2025 [&hellip;] <span class=\"read-more-link\"><a class=\"read-more\" href=\"https:\/\/maisonecohuis.be\/?page_id=5116\">Read More<\/a><\/span><\/p>\n","protected":false},"author":1,"featured_media":0,"parent":0,"menu_order":0,"comment_status":"closed","ping_status":"closed","template":"page-templates\/fullwidth.php","meta":{"om_disable_all_campaigns":false,"_monsterinsights_skip_tracking":false,"_monsterinsights_sitenote_active":false,"_monsterinsights_sitenote_note":"","_monsterinsights_sitenote_category":0,"_uf_show_specific_survey":0,"_uf_disable_surveys":false,"footnotes":""},"class_list":["post-5116","page","type-page","status-publish","hentry"],"aioseo_notices":[],"_links":{"self":[{"href":"https:\/\/maisonecohuis.be\/index.php?rest_route=\/wp\/v2\/pages\/5116","targetHints":{"allow":["GET"]}}],"collection":[{"href":"https:\/\/maisonecohuis.be\/index.php?rest_route=\/wp\/v2\/pages"}],"about":[{"href":"https:\/\/maisonecohuis.be\/index.php?rest_route=\/wp\/v2\/types\/page"}],"author":[{"embeddable":true,"href":"https:\/\/maisonecohuis.be\/index.php?rest_route=\/wp\/v2\/users\/1"}],"replies":[{"embeddable":true,"href":"https:\/\/maisonecohuis.be\/index.php?rest_route=%2Fwp%2Fv2%2Fcomments&post=5116"}],"version-history":[{"count":40,"href":"https:\/\/maisonecohuis.be\/index.php?rest_route=\/wp\/v2\/pages\/5116\/revisions"}],"predecessor-version":[{"id":5204,"href":"https:\/\/maisonecohuis.be\/index.php?rest_route=\/wp\/v2\/pages\/5116\/revisions\/5204"}],"wp:attachment":[{"href":"https:\/\/maisonecohuis.be\/index.php?rest_route=%2Fwp%2Fv2%2Fmedia&parent=5116"}],"curies":[{"name":"wp","href":"https:\/\/api.w.org\/{rel}","templated":true}]}}