{"id":4923,"date":"2026-02-25T15:52:11","date_gmt":"2026-02-25T14:52:11","guid":{"rendered":"https:\/\/maisonecohuis.be\/?page_id=4923"},"modified":"2026-04-09T15:34:55","modified_gmt":"2026-04-09T13:34:55","slug":"les-frelons-asiatiques","status":"publish","type":"page","link":"https:\/\/maisonecohuis.be\/?page_id=4923","title":{"rendered":"Les frelons asiatiques"},"content":{"rendered":"\n<p>De plus en plus pr\u00e9sent en Belgique depuis 2023, le frelon asiatique (<em>Vespa velutina<\/em>) constitue une esp\u00e8ce envahissante dont l\u2019expansion suscite une vigilance accrue. Cousin du frelon europ\u00e9en, il repr\u00e9sente une menace pour la biodiversit\u00e9 locale, notamment pour les populations d\u2019abeilles domestiques et sauvages.<\/p>\n\n\n\n<p>\u00c0 Saint-Gilles, la Commune et le Service Climat et Biodiversit\u00e9 collaborent actuellement avec Bruxelles Environnement afin de mettre en place un projet de gestion raisonn\u00e9e de cette esp\u00e8ce. Dans ce cadre, des couvercles de pi\u00e8ges sont \u00e0 disposition (de mars \u00e0 mai) des citoyen\u00b7ne\u00b7s souhaitant participer \u00e0 la surveillance du frelon asiatique.<\/p>\n\n\n\n<hr class=\"wp-block-separator has-alpha-channel-opacity\"\/>\n\n\n\n<h5 class=\"wp-block-heading\"><strong><em>\ud83d\udc1d Frelon europ\u00e9en vs. frelon asiatique<\/em><\/strong><\/h5>\n\n\n\n<p>Les frelons pr\u00e9sents chez nous peuvent \u00eatre soit europ\u00e9ens, soit asiatiques, et il est utile de savoir les diff\u00e9rencier. Le <strong>frelon europ\u00e9en<\/strong>, plus grand et jaune-brun, est une esp\u00e8ce locale qui joue un r\u00f4le utile dans la nature et n\u2019est g\u00e9n\u00e9ralement pas agressive envers l\u2019homme.<br>Le <strong>frelon asiatique<\/strong>, plus sombre avec des <strong>pattes jaunes<\/strong>, est en revanche une esp\u00e8ce invasive qui menace potentiellement les insectes indig\u00e8nes et les abeilles domestiques particuli\u00e8rement.<\/p>\n\n\n\n<figure class=\"wp-block-image size-large\"><img loading=\"lazy\" decoding=\"async\" width=\"1024\" height=\"525\" src=\"http:\/\/maisonecohuis.be\/wp-content\/uploads\/2026\/01\/Capture-decran-2026-01-22-140555-1024x525.png\" alt=\"\" class=\"wp-image-5340\" srcset=\"https:\/\/maisonecohuis.be\/wp-content\/uploads\/2026\/01\/Capture-decran-2026-01-22-140555-1024x525.png 1024w, https:\/\/maisonecohuis.be\/wp-content\/uploads\/2026\/01\/Capture-decran-2026-01-22-140555-300x154.png 300w, https:\/\/maisonecohuis.be\/wp-content\/uploads\/2026\/01\/Capture-decran-2026-01-22-140555-768x394.png 768w, https:\/\/maisonecohuis.be\/wp-content\/uploads\/2026\/01\/Capture-decran-2026-01-22-140555.png 1073w\" sizes=\"auto, (max-width: 1024px) 100vw, 1024px\" \/><\/figure>\n\n\n\n<h5 class=\"wp-block-heading\"><strong><em>Nid primaire et nid secondaire<\/em><\/strong><\/h5>\n\n\n\n<p><strong>En d\u00e9but de printemps<\/strong>, les fondatrices (futures reines de l&rsquo;ann\u00e9e) sortent apr\u00e8s avoir hiverner. Pendant 8 semaines, elles vont cr\u00e9\u00e9 leur nid primaire (taille d&rsquo;une balle de golf), et commencer \u00e0 pondre les premiers \u0153ufs. A cette p\u00e9riode l\u00e0, la future reine fait de nombreux allers-retours entre son nid primaire et les ressources florales pour y collecter du nectar et du pollen (pour nourrir les futures jeunes larves).<\/p>\n\n\n\n<p><strong>Par la suite (vers le mois de juin)<\/strong>, quand le nid est trop populeux, la petite colonie d\u00e9m\u00e9nage pour installer un grand nid (80cm \u00e0 1m), g\u00e9n\u00e9ralement assez haut dans les arbres. A partir de ce moment l\u00e0, la reine ne sort plus et pond \u00e0 l&rsquo;int\u00e9rieur, les ouvri\u00e8res se chargent des allers-retours pour fournir la colonie.<\/p>\n\n\n\n<p><em>Photos des nids primaires et secondaires \u00e0 venir.<\/em><\/p>\n\n\n\n<figure class=\"wp-block-gallery has-nested-images columns-default is-cropped wp-block-gallery-1 is-layout-flex wp-block-gallery-is-layout-flex\">\n<figure class=\"wp-block-image size-large\"><img loading=\"lazy\" decoding=\"async\" width=\"1024\" height=\"272\" data-id=\"5994\" src=\"https:\/\/maisonecohuis.be\/wp-content\/uploads\/2026\/03\/timing-nid-primaire-et-secondaire-1024x272.jpg\" alt=\"\" class=\"wp-image-5994\" srcset=\"https:\/\/maisonecohuis.be\/wp-content\/uploads\/2026\/03\/timing-nid-primaire-et-secondaire-1024x272.jpg 1024w, https:\/\/maisonecohuis.be\/wp-content\/uploads\/2026\/03\/timing-nid-primaire-et-secondaire-300x80.jpg 300w, https:\/\/maisonecohuis.be\/wp-content\/uploads\/2026\/03\/timing-nid-primaire-et-secondaire-768x204.jpg 768w, https:\/\/maisonecohuis.be\/wp-content\/uploads\/2026\/03\/timing-nid-primaire-et-secondaire-1536x409.jpg 1536w, https:\/\/maisonecohuis.be\/wp-content\/uploads\/2026\/03\/timing-nid-primaire-et-secondaire.jpg 1752w\" sizes=\"auto, (max-width: 1024px) 100vw, 1024px\" \/><\/figure>\n<\/figure>\n\n\n\n<h5 class=\"wp-block-heading\">\ud83c\udfaf <strong><em>Le pi\u00e9geage : comment et pourquoi ?<\/em><\/strong><\/h5>\n\n\n\n<p>Le pi\u00e9geage du frelon asiatique est un outil qui doit \u00eatre utilis\u00e9 avec prudence. L\u2019objectif n\u2019est pas d\u2019\u00e9liminer massivement les insectes, mais de <strong>d\u00e9tecter pr\u00e9cocement<\/strong> la pr\u00e9sence de fondatrices au printemps afin de limiter l\u2019installation de nouveaux nids.<\/p>\n\n\n\n<p>Voici quelques principes importants :<\/p>\n\n\n\n<h6 class=\"wp-block-heading\">\u2714\ufe0f Un pi\u00e9geage cibl\u00e9<\/h6>\n\n\n\n<p>Le pi\u00e9geage doit \u00eatre r\u00e9alis\u00e9 <strong>au d\u00e9but du printemps<\/strong> (mars\u2013mai) pendant 8 semaines, p\u00e9riode durant laquelle les reines cherchent un lieu pour fonder un nid. Le lancement de la saison de pi\u00e9geage est d\u00e9termin\u00e9 par la m\u00e9t\u00e9o et officiellement d\u00e9marr\u00e9 au feu vert de Bruxelles Environnement.<br><br><strong>En \u00e9t\u00e9 et en automne<\/strong>, le pi\u00e9geage n\u2019est <strong>pas recommand\u00e9<\/strong>, car il capture de nombreuses esp\u00e8ces utiles et indig\u00e8nes sans r\u00e9elle efficacit\u00e9 sur la dynamique des colonies.<\/p>\n\n\n\n<p><strong>En fin d&rsquo;automne<\/strong>, des pi\u00e8ges peuvent \u00eatre install\u00e9s dans les zones sensibles o\u00f9 les frelons posent souci telles que dans une r\u00e9serve naturelle ou \u00e0 proximit\u00e9 des ruches.<\/p>\n\n\n\n<h6 class=\"wp-block-heading\">\u2714\ufe0f Des pi\u00e8ges s\u00e9lectifs<\/h6>\n\n\n\n<p>Les couvercles de pi\u00e8ges fournis par la Commune de Saint-Gilles sont con\u00e7us pour <strong>limiter les prises d\u2019insectes non cibl\u00e9s<\/strong>. Ils doivent \u00eatre utilis\u00e9s exclusivement avec les instructions qui les accompagnent.<\/p>\n\n\n\n<figure class=\"wp-block-gallery has-nested-images columns-default is-cropped wp-block-gallery-2 is-layout-flex wp-block-gallery-is-layout-flex\">\n<figure class=\"wp-block-image size-full\"><img loading=\"lazy\" decoding=\"async\" width=\"860\" height=\"530\" data-id=\"5987\" src=\"https:\/\/maisonecohuis.be\/wp-content\/uploads\/2026\/03\/fa142_gestionfrelon_louishautier_cra-w.jpeg\" alt=\"\" class=\"wp-image-5987\" srcset=\"https:\/\/maisonecohuis.be\/wp-content\/uploads\/2026\/03\/fa142_gestionfrelon_louishautier_cra-w.jpeg 860w, https:\/\/maisonecohuis.be\/wp-content\/uploads\/2026\/03\/fa142_gestionfrelon_louishautier_cra-w-300x185.jpeg 300w, https:\/\/maisonecohuis.be\/wp-content\/uploads\/2026\/03\/fa142_gestionfrelon_louishautier_cra-w-768x473.jpeg 768w\" sizes=\"auto, (max-width: 860px) 100vw, 860px\" \/><\/figure>\n<figcaption class=\"blocks-gallery-caption wp-element-caption\">Mod\u00e8le de pi\u00e8ge \u00a9 Louis Hautier, CRA-W<\/figcaption><\/figure>\n\n\n\n<p>Les pi\u00e8ges sont con\u00e7us pour que les petits insectes puissent ressortir et que les plus grands ne puissent pas rentrer.<\/p>\n\n\n\n<p>L&rsquo;\u00e9ponge dans le bocal sera imbib\u00e9e de l&rsquo;app\u00e2t (&nbsp;bi\u00e8re brune ou panach\u00e9&nbsp;<strong>+<\/strong>&nbsp;vin blanc&nbsp;<strong>+<\/strong>&nbsp;sirop de fruits rouges), ce syst\u00e8me permet aux insectes de se d\u00e9poser sur l&rsquo;\u00e9ponge et de ne pas se noyer.<\/p>\n\n\n\n<h6 class=\"wp-block-heading\">\u2714\ufe0f Un pi\u00e9geage \u00e9thique<\/h6>\n\n\n\n<p>G\u00e9rer un pi\u00e8ge correctement demande un certain engagement pour assurer un pi\u00e9geage utile et \u00e9thique :<\/p>\n\n\n\n<ul class=\"wp-block-list\">\n<li>Les pi\u00e8ges doivent \u00eatre id\u00e9alement relev\u00e9s tous les jours, maximum toutes les 48 heures.<\/li>\n\n\n\n<li>L&rsquo;app\u00e2t doit \u00eatre renouvel\u00e9 maximum tous les 7 jours (3 jours si la temp\u00e9rature d\u00e9passe les 25\u00b0C).<\/li>\n\n\n\n<li>Il ne peut pas \u00eatre plac\u00e9 en plein soleil car les insectes, avec la surchauffe, deviennent st\u00e9riles.<\/li>\n\n\n\n<li>Replacer le pi\u00e8ge au m\u00eame endroit.<\/li>\n\n\n\n<li>Vous attrapez des insectes ? Que faire, voici les 3 situations :\n<ul class=\"wp-block-list\">\n<li><strong>Uniquement des frelons asiatiques<\/strong> : placer le pi\u00e8ge au cong\u00e9lateur une nuit, sortir les frelons morts, r\u00e9alimenter le pot en app\u00e2t et replacer le pi\u00e8ge.<\/li>\n\n\n\n<li><strong>Uniquement des esp\u00e8ces non cibles :<\/strong> ouvrir le pot, lib\u00e9rer les insectes et replacer le pot apr\u00e8s avoir \u00e9ventuellement r\u00e9alimenter le pi\u00e8ge avec de l\u2019app\u00e2t.<\/li>\n\n\n\n<li><strong>Des frelons asiatiques ET d\u2019esp\u00e8ces non cibles : <\/strong>engourdir tous les insectes en pla\u00e7ant le pot au r\u00e9frig\u00e9rateur (1h max \u00e0 4\u00b0C), lib\u00e9rer les esp\u00e8ces non-cibles apr\u00e8s engourdissement en prenant toutes les pr\u00e9cautions n\u00e9cessaires pour \u00e9viter le risque de piq\u00fbres. Ecraser les frelons asiatiques ou les placer au cong\u00e9lateur (plus de 12h).<\/li>\n<\/ul>\n<\/li>\n\n\n\n<li>Un relev\u00e9 des prises de frelons est \u00e9galement demand\u00e9.<\/li>\n<\/ul>\n\n\n\n<p>Le pi\u00e8ge doit \u00eatre dispos\u00e9s \u00e0 un endroit non fr\u00e9quent\u00e9 par les habitant.e.s afin de ne pas s&rsquo;exposer \u00e0 un risque de piqure.<\/p>\n\n\n\n<p>Une charte devra \u00eatre sign\u00e9e par chaque pi\u00e9geur.euse volontaire. Le pi\u00e8ge d\u00e9livr\u00e9 par la commune sera rendu en fin de saison.<\/p>\n\n\n\n<p>Vous \u00eates int\u00e9ress\u00e9.e.s par poser et g\u00e9rer un pi\u00e8ge chez vous ? Contactez-nous sur <a href=\"mailto:maisonecohuis@stgilles.brussels\" target=\"_blank\" rel=\"noopener\" title=\"\">maisonecohuis@stgilles.brussels<\/a><\/p>\n\n\n\n<h5 class=\"wp-block-heading\">\u26a0\ufe0f\ud83d\udc1d <strong><em>Signaler un nid<\/em><\/strong><\/h5>\n\n\n\n<p>Le pi\u00e9geage seul ne suffit pas : l\u2019identification et la destruction des nids par des professionnels restent la mesure la plus efficace. Ne tentez jamais de d\u00e9truire vous-m\u00eame un nid, c&rsquo;est dangereux (les frelons ne sont pas agressifs, ils le deviennent quand on s&rsquo;approche trop pr\u00e8s de leur nid).<\/p>\n\n\n\n<p>Attention quand vous signalez un nid :<\/p>\n\n\n\n<ul class=\"wp-block-list\">\n<li>Assurez-vous que c&rsquo;est bien un nid de frelon asiatique&#8230; et non un nid de pie, un gui, etc. Cela \u00e9vitera la mobilisation des services administratifs et d\u00e9sinsectiseurs pour rien.<\/li>\n\n\n\n<li>Assurez-vous que le nid est en activit\u00e9. Les nids en hiver sont abandonn\u00e9s et ne seront pas r\u00e9utilis\u00e9s l&rsquo;ann\u00e9e suivante, de plus assurez-vous que le nid n&rsquo;a pas d\u00e9j\u00e0 \u00e9t\u00e9 pr\u00e9alablement neutralis\u00e9.<\/li>\n<\/ul>\n\n\n\n<p>Je vois un nid &gt; Je m&rsquo;assure que c&rsquo;est un nid de frelon &gt; 3 situations sont possibles :<\/p>\n\n\n\n<ol class=\"wp-block-list\">\n<li>Il y a une <strong>urgence vitale, un danger grave et urgent<\/strong> (menace directe et vitale ou menace rendant un lieu inhabitable), contactez les pompiers en composant le <strong>112<\/strong>. <br><em>Attention, les pompiers se r\u00e9servent le droit de facturer une intervention qui se r\u00e9v\u00e8le non-urgente au(x) b\u00e9n\u00e9ficiaire(s) de l&rsquo;intervention, sur base des constatations de l&rsquo;\u00e9quipe appel\u00e9e sur le terrain.<\/em><\/li>\n\n\n\n<li>Le nid se trouve <strong>en espace public<\/strong> (arbre dans une rue, parc, b\u00e2timent public) :<br>==&gt; <strong>signalez le sur <a href=\"https:\/\/fixmystreet.brussels\/\" target=\"_blank\" rel=\"noopener\" title=\"\">Fix My Street<\/a> ou contactez&nbsp;<a href=\"mailto:espacepublic@stgilles.brussels\">espacepublic@stgilles.brussels<\/a><\/strong>\n<ul class=\"wp-block-list\">\n<li>Selon l&#8217;emplacement du nid, sa hauteur ainsi que son accessibilit\u00e9, les services communaux feront leur maximum pour intervenir rapidement (sachez que si le nid est \u00e0 <strong>plus de 7 m\u00e8tres<\/strong>, il ne doit pas \u00eatre n\u00e9cessairement neutralis\u00e9 si les contraintes techniques ne permettent pas une intervention facile).<\/li>\n<\/ul>\n<\/li>\n\n\n\n<li>Le nid se trouve <strong>en espace priv\u00e9<\/strong> (jardin, fa\u00e7ade, etc.) :\n<ul class=\"wp-block-list\">\n<li>Signalez les nids sur <a href=\"https:\/\/www.vespa-alert.be\/fr\/index.html\" target=\"_blank\" rel=\"noopener\" title=\"\">Vespa Alert<\/a><\/li>\n\n\n\n<li>Le propri\u00e9taire du terrain doit faire appel \u00e0 un\u00a0<a href=\"https:\/\/eur05.safelinks.protection.outlook.com\/?url=https%3A%2F%2Frenature.brussels%2Ffr%2Fdesinsectiseurs&amp;data=05%7C02%7Ceruwet%40stgilles.brussels%7C8dd43f3507ce4f22164b08ddf505738a%7C4177ac30e0594af389049440ac9d92c1%7C0%7C0%7C638936125947109982%7CUnknown%7CTWFpbGZsb3d8eyJFbXB0eU1hcGkiOnRydWUsIlYiOiIwLjAuMDAwMCIsIlAiOiJXaW4zMiIsIkFOIjoiTWFpbCIsIldUIjoyfQ%3D%3D%7C0%7C%7C%7C&amp;sdata=2CbsmxqfTmTda7f5INey4844%2B7bX%2BVU96pYuwNvT1UU%3D&amp;reserved=0\">d\u00e9sinsectiseur professionnel<\/a>.\u00a0Attention, chaque propri\u00e9taire est responsable de neutraliser les nids sur son propre terrain.<\/li>\n<\/ul>\n<\/li>\n<\/ol>\n\n\n\n<p><strong>Aucune intervention n&rsquo;est n\u00e9cessaire<\/strong> <strong>: <\/strong><\/p>\n\n\n\n<ul class=\"wp-block-list\">\n<li>Pour des frelons en vol (pas de nid observ\u00e9 \u00e0 proximit\u00e9).<\/li>\n\n\n\n<li>Ou des nids abandonn\u00e9s, en d\u00e9composition (c&rsquo;est-\u00e0-dire observ\u00e9s entre novembre et avril-mai : ces nids n&rsquo;abriteront pas de nouvelle colonie).<\/li>\n<\/ul>\n\n\n\n<hr class=\"wp-block-separator has-alpha-channel-opacity\"\/>\n\n\n\n<h5 class=\"wp-block-heading\">\ud83d\udd0d<strong><em> Ressources et liens utiles<\/em><\/strong><\/h5>\n\n\n\n<ul class=\"wp-block-list\">\n<li><strong>Reconna\u00eetre le frelon asiatique<\/strong><br>Fiche compl\u00e8te : <em><a href=\"https:\/\/renature.brussels\/fr\/hotel\/animaux\/vespa-velutina\" target=\"_blank\" rel=\"noopener\" title=\"\">Frelon asiatique \u2013 renature.brussels<\/a><\/em><\/li>\n\n\n\n<li><strong>Contribuez \u00e0 la gestion raisonn\u00e9e du frelon asiatique<\/strong><br>Toutes les infos sur <a href=\"https:\/\/renature.brussels\/fr\/actions\/ville-saine\/contribuez-a-la-gestion-raisonnee-du-frelon-asiatique\" target=\"_blank\" rel=\"noopener\" title=\"\">le site de renature.brussels<\/a><\/li>\n\n\n\n<li><strong>Liste des d\u00e9sinsectiseurs actifs \u00e0 Bruxelles<\/strong><br><em><a href=\"https:\/\/renature.brussels\/fr\/desinsectiseurs\" target=\"_blank\" rel=\"noopener\" title=\"\">Liste de d\u00e9sinsectiseurs intervenant \u00e0 Bruxelles \u2013 renature.brussels<\/a><\/em><\/li>\n\n\n\n<li><strong>D\u00e9m\u00ealer le vrai du faux<\/strong><br><em><a href=\"https:\/\/environnement.brussels\/blog-citoyen\/sorties-et-actions\/le-frelon-asiatique-departage-le-vrai-du-faux\" target=\"_blank\" rel=\"noopener\" title=\"\">Le frelon asiatique : on d\u00e9partage le vrai du faux ! \u2013 Blog citoyen, Bruxelles Environnement<\/a><\/em><\/li>\n<\/ul>\n\n\n\n<p><\/p>\n\n\n\n<hr class=\"wp-block-separator has-alpha-channel-opacity\"\/>\n\n\n\n<h5 class=\"wp-block-heading\">\ud83d\udccd<strong><em> Signaler une observation<\/em><\/strong><\/h5>\n\n\n\n<p>Vous avez rep\u00e9r\u00e9 un frelon asiatique ?<br>Votre signalement est pr\u00e9cieux pour suivre l\u2019\u00e9volution de l\u2019esp\u00e8ce en Belgique.<\/p>\n\n\n\n<p>\u27a1\ufe0f D\u00e9clarez votre observation sur <strong>Observations.be<\/strong>, la plateforme de r\u00e9f\u00e9rence pour le suivi de la faune.<\/p>\n","protected":false},"excerpt":{"rendered":"<p>De plus en plus pr\u00e9sent en Belgique depuis 2023, le frelon asiatique (Vespa velutina) constitue une esp\u00e8ce envahissante dont l\u2019expansion suscite une vigilance accrue. Cousin [&hellip;] <span class=\"read-more-link\"><a class=\"read-more\" href=\"https:\/\/maisonecohuis.be\/?page_id=4923\">Read More<\/a><\/span><\/p>\n","protected":false},"author":1,"featured_media":0,"parent":0,"menu_order":0,"comment_status":"closed","ping_status":"closed","template":"","meta":{"om_disable_all_campaigns":false,"_monsterinsights_skip_tracking":false,"_monsterinsights_sitenote_active":false,"_monsterinsights_sitenote_note":"","_monsterinsights_sitenote_category":0,"_uf_show_specific_survey":0,"_uf_disable_surveys":false,"footnotes":""},"class_list":["post-4923","page","type-page","status-publish","hentry"],"aioseo_notices":[],"_links":{"self":[{"href":"https:\/\/maisonecohuis.be\/index.php?rest_route=\/wp\/v2\/pages\/4923","targetHints":{"allow":["GET"]}}],"collection":[{"href":"https:\/\/maisonecohuis.be\/index.php?rest_route=\/wp\/v2\/pages"}],"about":[{"href":"https:\/\/maisonecohuis.be\/index.php?rest_route=\/wp\/v2\/types\/page"}],"author":[{"embeddable":true,"href":"https:\/\/maisonecohuis.be\/index.php?rest_route=\/wp\/v2\/users\/1"}],"replies":[{"embeddable":true,"href":"https:\/\/maisonecohuis.be\/index.php?rest_route=%2Fwp%2Fv2%2Fcomments&post=4923"}],"version-history":[{"count":17,"href":"https:\/\/maisonecohuis.be\/index.php?rest_route=\/wp\/v2\/pages\/4923\/revisions"}],"predecessor-version":[{"id":6071,"href":"https:\/\/maisonecohuis.be\/index.php?rest_route=\/wp\/v2\/pages\/4923\/revisions\/6071"}],"wp:attachment":[{"href":"https:\/\/maisonecohuis.be\/index.php?rest_route=%2Fwp%2Fv2%2Fmedia&parent=4923"}],"curies":[{"name":"wp","href":"https:\/\/api.w.org\/{rel}","templated":true}]}}