{"id":4818,"date":"2025-07-09T11:32:11","date_gmt":"2025-07-09T09:32:11","guid":{"rendered":"https:\/\/maisonecohuis.be\/?page_id=4818"},"modified":"2026-02-17T16:08:23","modified_gmt":"2026-02-17T15:08:23","slug":"chats-errants-2","status":"publish","type":"page","link":"https:\/\/maisonecohuis.be\/?page_id=4818&lang=nl","title":{"rendered":"Zwerfkatten"},"content":{"rendered":"\n<p><em>Deze pagina wordt binnenkort vertaald.<\/em><\/p>\n\n\n\n<p>Il est l\u00e9galement interdit de nourrir un animal errant, chat compris. La population de chats errants explose et cela cr\u00e9\u00e9 de plus en plus de pr\u00e9carit\u00e9 pour eux. Les refuges sont \u00e9galement pleins et ont de plus en plus de mal \u00e0 accueillir des nouveaux arrivants.<\/p>\n\n\n\n<p>Si vous adoptez un chat, n&rsquo;oubliez pas que cela repr\u00e9sente une grande responsabilit\u00e9 ainsi qu&rsquo;une charge financi\u00e8re non n\u00e9gligeable. R\u00e9fl\u00e9chissez y bien avant. De plus, privil\u00e9giez l&rsquo;adoption d&rsquo;un chat en refuge.<\/p>\n\n\n\n<p>Et si vous vous attachez \u00e0 un chat errant, faites la d\u00e9marche d\u2019adoption. Dans le cas contraire, le chat pourrait \u00eatre pris en charge par une association ou une autre personne faisant les d\u00e9marches d\u2019adoption.<\/p>\n\n\n\n<p>Si vous rep\u00e9rez un chat errant, vous pouvez faire appel \u00e0 <a href=\"https:\/\/www.chatslibres.be\/\" target=\"_blank\" rel=\"noopener\" title=\"\">l&rsquo;ASBL Chats Libres<\/a> qui viendra trapper le chat, dans la mesure du possible (ce sont des b\u00e9n\u00e9voles motiv\u00e9es qui s&rsquo;en chargent). Le chat sera soign\u00e9 et st\u00e9rilis\u00e9 et ensuite :<\/p>\n\n\n\n<ul class=\"wp-block-list\">\n<li>soit propos\u00e9 \u00e0 l&rsquo;adoption s&rsquo;il est sociable et s&rsquo;il y a de la place dans le refuge ;<\/li>\n\n\n\n<li>soit remis sur le site o\u00f9 il a \u00e9t\u00e9 trouv\u00e9 s&rsquo;il n&rsquo;est pas sociable et si le site est s\u00e9curis\u00e9 ;<\/li>\n\n\n\n<li>soit accueilli dans la partie \u00ab\u00a0chats sauvages\u00a0\u00bb du refuge s&rsquo;il n&rsquo;est pas sociable et si le site d&rsquo;o\u00f9 il vient compromet leur s\u00e9curit\u00e9.<\/li>\n<\/ul>\n\n\n\n<figure class=\"wp-block-image size-large\"><a href=\"https:\/\/www.chatslibres.be\/\" target=\"_blank\" rel=\" noreferrer noopener\"><img loading=\"lazy\" decoding=\"async\" width=\"1024\" height=\"243\" src=\"https:\/\/maisonecohuis.be\/wp-content\/uploads\/2025\/04\/chats-libres-logo-1024x243.jpg\" alt=\"Logo de l'asbl Chats Libres, partenaire de la commune de Saint-Gilles pour la gestion des chats errants du territoire saint-gillois.\" class=\"wp-image-4617\" srcset=\"https:\/\/maisonecohuis.be\/wp-content\/uploads\/2025\/04\/chats-libres-logo-1024x243.jpg 1024w, https:\/\/maisonecohuis.be\/wp-content\/uploads\/2025\/04\/chats-libres-logo-300x71.jpg 300w, https:\/\/maisonecohuis.be\/wp-content\/uploads\/2025\/04\/chats-libres-logo-768x182.jpg 768w, https:\/\/maisonecohuis.be\/wp-content\/uploads\/2025\/04\/chats-libres-logo.jpg 1191w\" sizes=\"auto, (max-width: 1024px) 100vw, 1024px\" \/><\/a><figcaption class=\"wp-element-caption\">Permanences t\u00e9l\u00e9phoniques : les mardis, jeudis et samedis, de 12 \u00e0 14h, au 02\/736 80 58<br>Par mail: chatslibres34@gmail.com <\/figcaption><\/figure>\n","protected":false},"excerpt":{"rendered":"<p>Deze pagina wordt binnenkort vertaald. Il est l\u00e9galement interdit de nourrir un animal errant, chat compris. La population de chats errants explose et cela cr\u00e9\u00e9 [&hellip;] <span class=\"read-more-link\"><a class=\"read-more\" href=\"https:\/\/maisonecohuis.be\/?page_id=4818&#038;lang=nl\">Read More<\/a><\/span><\/p>\n","protected":false},"author":1,"featured_media":0,"parent":0,"menu_order":0,"comment_status":"closed","ping_status":"closed","template":"","meta":{"om_disable_all_campaigns":false,"_monsterinsights_skip_tracking":false,"_monsterinsights_sitenote_active":false,"_monsterinsights_sitenote_note":"","_monsterinsights_sitenote_category":0,"_uf_show_specific_survey":0,"_uf_disable_surveys":false,"footnotes":""},"class_list":["post-4818","page","type-page","status-publish","hentry"],"aioseo_notices":[],"_links":{"self":[{"href":"https:\/\/maisonecohuis.be\/index.php?rest_route=\/wp\/v2\/pages\/4818","targetHints":{"allow":["GET"]}}],"collection":[{"href":"https:\/\/maisonecohuis.be\/index.php?rest_route=\/wp\/v2\/pages"}],"about":[{"href":"https:\/\/maisonecohuis.be\/index.php?rest_route=\/wp\/v2\/types\/page"}],"author":[{"embeddable":true,"href":"https:\/\/maisonecohuis.be\/index.php?rest_route=\/wp\/v2\/users\/1"}],"replies":[{"embeddable":true,"href":"https:\/\/maisonecohuis.be\/index.php?rest_route=%2Fwp%2Fv2%2Fcomments&post=4818"}],"version-history":[{"count":3,"href":"https:\/\/maisonecohuis.be\/index.php?rest_route=\/wp\/v2\/pages\/4818\/revisions"}],"predecessor-version":[{"id":5751,"href":"https:\/\/maisonecohuis.be\/index.php?rest_route=\/wp\/v2\/pages\/4818\/revisions\/5751"}],"wp:attachment":[{"href":"https:\/\/maisonecohuis.be\/index.php?rest_route=%2Fwp%2Fv2%2Fmedia&parent=4818"}],"curies":[{"name":"wp","href":"https:\/\/api.w.org\/{rel}","templated":true}]}}