{"id":4814,"date":"2025-07-09T11:30:47","date_gmt":"2025-07-09T09:30:47","guid":{"rendered":"https:\/\/maisonecohuis.be\/?page_id=4814"},"modified":"2026-02-17T16:22:28","modified_gmt":"2026-02-17T15:22:28","slug":"conseil-consultatif-du-bien-etre-animal-nl","status":"publish","type":"page","link":"https:\/\/maisonecohuis.be\/?page_id=4814&lang=nl","title":{"rendered":"Burgerraadpleging"},"content":{"rendered":"\n<p><em>Deze pagina wordt binnenkort vertaald.<\/em><\/p>\n\n\n\n<p>Le bien-\u00eatre animal vous int\u00e9resse ? Vous \u00eates sensible \u00e0 la cause animale, vous travaillez dans ce domaine ou vous avez des connaissances particuli\u00e8res sur le sujet ? Vous souhaitez agir pour le bien-\u00eatre des animaux dans votre commune ?<\/p>\n\n\n\n<figure class=\"wp-block-image aligncenter size-medium is-resized\"><img loading=\"lazy\" decoding=\"async\" width=\"300\" height=\"300\" src=\"https:\/\/maisonecohuis.be\/wp-content\/uploads\/2023\/05\/RVB_Picto_Consultation_vert-300x300.png\" alt=\"Conseil consultatif du bien-\u00eatre animal de la commune de Saint-Gilles (Bruxelles).\" class=\"wp-image-3056\" style=\"width:245px\" srcset=\"https:\/\/maisonecohuis.be\/wp-content\/uploads\/2023\/05\/RVB_Picto_Consultation_vert-300x300.png 300w, https:\/\/maisonecohuis.be\/wp-content\/uploads\/2023\/05\/RVB_Picto_Consultation_vert-150x150.png 150w, https:\/\/maisonecohuis.be\/wp-content\/uploads\/2023\/05\/RVB_Picto_Consultation_vert-768x768.png 768w, https:\/\/maisonecohuis.be\/wp-content\/uploads\/2023\/05\/RVB_Picto_Consultation_vert-1024x1024.png 1024w, https:\/\/maisonecohuis.be\/wp-content\/uploads\/2023\/05\/RVB_Picto_Consultation_vert.png 1299w\" sizes=\"auto, (max-width: 300px) 100vw, 300px\" \/><\/figure>\n\n\n\n<p><\/p>\n\n\n\n<p>La Cellule Bien-\u00eatre animal de la commune de Saint-Gilles a cr\u00e9\u00e9 en 2023 un Conseil Consultatif du Bien-\u00eatre Animal, dont le r\u00f4le est de&nbsp;collaborer avec l\u2019\u00e9chevinat du bien-\u00eatre animal et les autres membres du coll\u00e8ge, par exemple en \u00e9mettant des avis et propositions sur des th\u00e9matiques et des enjeux li\u00e9s au bien-\u00eatre des animaux, en aidant \u00e0 l\u2019\u00e9laboration d\u2019outils de sensibilisation&#8230;<\/p>\n\n\n\n<p><strong>Envie d\u2019en faire partie ?<\/strong> N&rsquo;h\u00e9sitez pas \u00e0 nous envoyer votre candidature !<\/p>\n\n\n\n<p><strong>Comment ? <\/strong><\/p>\n\n\n\n<div class=\"wp-block-buttons is-layout-flex wp-block-buttons-is-layout-flex\">\n<div class=\"wp-block-button\"><a class=\"wp-block-button__link has-medium-gray-color has-pale-ocean-gradient-background has-text-color has-background has-link-color wp-element-button\" href=\"http:\/\/maisonecohuis.be\/wp-content\/uploads\/2023\/07\/Formulaire-de-candidature.pdf\" target=\"_blank\" rel=\"noreferrer noopener\">Remplissez le formulaire de candidature (pdf)<\/a><\/div>\n<\/div>\n\n\n\n<p>et envoyez-le \u00e0 l\u2019adresse&nbsp;: <a href=\"mailto:bienetreanimal@stgilles.brussels\" target=\"_blank\" rel=\"noopener\" title=\"\">bienetreanimal@stgilles.brussels<\/a>.<\/p>\n\n\n\n<div style=\"height:20px\" aria-hidden=\"true\" class=\"wp-block-spacer\"><\/div>\n\n\n\n<div class=\"wp-block-buttons is-layout-flex wp-block-buttons-is-layout-flex\">\n<div class=\"wp-block-button\"><a class=\"wp-block-button__link has-medium-gray-color has-pale-ocean-gradient-background has-text-color has-background has-link-color wp-element-button\" href=\"http:\/\/maisonecohuis.be\/wp-content\/uploads\/2024\/07\/Formulaire-de-candidature-FR.docx\" target=\"_blank\" rel=\"noreferrer noopener\">Version word du formulaire<\/a><\/div>\n<\/div>\n\n\n\n<p>et envoyez-le \u00e0 l\u2019adresse&nbsp;: <a href=\"mailto:bienetreanimal@stgilles.brussels\" target=\"_blank\" rel=\"noopener\" title=\"\">bienetreanimal@stgilles.brussels<\/a>.<\/p>\n\n\n\n<div style=\"height:20px\" aria-hidden=\"true\" class=\"wp-block-spacer\"><\/div>\n\n\n\n<div class=\"wp-block-buttons is-layout-flex wp-block-buttons-is-layout-flex\">\n<div class=\"wp-block-button has-custom-width wp-block-button__width-100\"><a class=\"wp-block-button__link has-very-light-gray-to-cyan-bluish-gray-gradient-background has-background wp-element-button\" href=\"http:\/\/maisonecohuis.be\/wp-content\/uploads\/2023\/07\/Reglement-conseil-consultatif-du-bien-e%CC%82tre-animal-saint-gilles-FR.pdf\" target=\"_blank\" rel=\"noreferrer noopener\">R\u00e8glement du Conseil Consultatif du bien-\u00eatre animal<\/a><\/div>\n<\/div>\n","protected":false},"excerpt":{"rendered":"<p>Deze pagina wordt binnenkort vertaald. Le bien-\u00eatre animal vous int\u00e9resse ? Vous \u00eates sensible \u00e0 la cause animale, vous travaillez dans ce domaine ou vous [&hellip;] <span class=\"read-more-link\"><a class=\"read-more\" href=\"https:\/\/maisonecohuis.be\/?page_id=4814&#038;lang=nl\">Read More<\/a><\/span><\/p>\n","protected":false},"author":1,"featured_media":0,"parent":0,"menu_order":0,"comment_status":"closed","ping_status":"closed","template":"","meta":{"om_disable_all_campaigns":false,"_monsterinsights_skip_tracking":false,"_monsterinsights_sitenote_active":false,"_monsterinsights_sitenote_note":"","_monsterinsights_sitenote_category":0,"_uf_show_specific_survey":0,"_uf_disable_surveys":false,"footnotes":""},"class_list":["post-4814","page","type-page","status-publish","hentry"],"aioseo_notices":[],"_links":{"self":[{"href":"https:\/\/maisonecohuis.be\/index.php?rest_route=\/wp\/v2\/pages\/4814","targetHints":{"allow":["GET"]}}],"collection":[{"href":"https:\/\/maisonecohuis.be\/index.php?rest_route=\/wp\/v2\/pages"}],"about":[{"href":"https:\/\/maisonecohuis.be\/index.php?rest_route=\/wp\/v2\/types\/page"}],"author":[{"embeddable":true,"href":"https:\/\/maisonecohuis.be\/index.php?rest_route=\/wp\/v2\/users\/1"}],"replies":[{"embeddable":true,"href":"https:\/\/maisonecohuis.be\/index.php?rest_route=%2Fwp%2Fv2%2Fcomments&post=4814"}],"version-history":[{"count":3,"href":"https:\/\/maisonecohuis.be\/index.php?rest_route=\/wp\/v2\/pages\/4814\/revisions"}],"predecessor-version":[{"id":5763,"href":"https:\/\/maisonecohuis.be\/index.php?rest_route=\/wp\/v2\/pages\/4814\/revisions\/5763"}],"wp:attachment":[{"href":"https:\/\/maisonecohuis.be\/index.php?rest_route=%2Fwp%2Fv2%2Fmedia&parent=4814"}],"curies":[{"name":"wp","href":"https:\/\/api.w.org\/{rel}","templated":true}]}}