{"id":4527,"date":"2025-01-30T11:02:08","date_gmt":"2025-01-30T10:02:08","guid":{"rendered":"https:\/\/maisonecohuis.be\/?page_id=4527"},"modified":"2025-01-30T11:02:09","modified_gmt":"2025-01-30T10:02:09","slug":"kleinpetitfruit","status":"publish","type":"page","link":"https:\/\/maisonecohuis.be\/?page_id=4527","title":{"rendered":"KleinPetitFruit"},"content":{"rendered":"\n<figure class=\"wp-block-image alignright size-large is-resized\"><img loading=\"lazy\" decoding=\"async\" width=\"722\" height=\"1024\" src=\"https:\/\/maisonecohuis.be\/wp-content\/uploads\/2025\/01\/kleinpetitfruit_logo_web-722x1024.png\" alt=\"\" class=\"wp-image-4531\" style=\"width:229px;height:auto\" srcset=\"https:\/\/maisonecohuis.be\/wp-content\/uploads\/2025\/01\/kleinpetitfruit_logo_web-722x1024.png 722w, https:\/\/maisonecohuis.be\/wp-content\/uploads\/2025\/01\/kleinpetitfruit_logo_web-211x300.png 211w, https:\/\/maisonecohuis.be\/wp-content\/uploads\/2025\/01\/kleinpetitfruit_logo_web-768x1090.png 768w, https:\/\/maisonecohuis.be\/wp-content\/uploads\/2025\/01\/kleinpetitfruit_logo_web-1083x1536.png 1083w, https:\/\/maisonecohuis.be\/wp-content\/uploads\/2025\/01\/kleinpetitfruit_logo_web-1444x2048.png 1444w, https:\/\/maisonecohuis.be\/wp-content\/uploads\/2025\/01\/kleinpetitfruit_logo_web.png 1748w\" sizes=\"auto, (max-width: 722px) 100vw, 722px\" \/><\/figure>\n\n\n\n<p><\/p>\n\n\n\n<p><\/p>\n\n\n\n<p><strong>Le projet \u2018KleinPetitFruit\u2019 fait partie de l\u2019appel \u00e0 projets \u2018Action Climat\u2019 2022 de Bruxelles Environnement pour la mise en \u0153uvre de projets environnementaux durables.<\/strong><\/p>\n\n\n\n<figure class=\"wp-block-image alignright size-large is-resized\"><img loading=\"lazy\" decoding=\"async\" width=\"1024\" height=\"682\" src=\"https:\/\/maisonecohuis.be\/wp-content\/uploads\/2025\/01\/berries-2277_1280-1024x682.jpg\" alt=\"\" class=\"wp-image-4528\" style=\"width:459px;height:auto\" srcset=\"https:\/\/maisonecohuis.be\/wp-content\/uploads\/2025\/01\/berries-2277_1280-1024x682.jpg 1024w, https:\/\/maisonecohuis.be\/wp-content\/uploads\/2025\/01\/berries-2277_1280-300x200.jpg 300w, https:\/\/maisonecohuis.be\/wp-content\/uploads\/2025\/01\/berries-2277_1280-768x512.jpg 768w, https:\/\/maisonecohuis.be\/wp-content\/uploads\/2025\/01\/berries-2277_1280.jpg 1280w\" sizes=\"auto, (max-width: 1024px) 100vw, 1024px\" \/><\/figure>\n\n\n\n<p><\/p>\n\n\n\n<p><\/p>\n\n\n\n<p><\/p>\n\n\n\n<p>Ce projet est port\u00e9 par les services de D\u00e9veloppement Durable des communes de Saint-Gilles et Forest. Avec ce projet, les 2 communes veulent augmenter la production de petits fruits sur leur territoire. Cette action servira comme un tremplin vers une production de fruits et\/ou l\u00e9gumes plus diversifi\u00e9s et une sensibilisation \u00e0 l\u2019autoproduction. De plus, en favorisant la flore indig\u00e8ne et en participant aux actions de d\u00e9min\u00e9ralisation et de v\u00e9g\u00e9talisation de la ville, elle b\u00e9n\u00e9ficiera aussi \u00e0 la biodiversit\u00e9.<\/p>\n\n\n\n<figure class=\"wp-block-image alignleft size-full is-resized\"><img loading=\"lazy\" decoding=\"async\" width=\"720\" height=\"960\" src=\"https:\/\/maisonecohuis.be\/wp-content\/uploads\/2025\/01\/407393920_10161379841697072_1378040123803435347_n.jpg\" alt=\"\" class=\"wp-image-4529\" style=\"width:326px;height:auto\" srcset=\"https:\/\/maisonecohuis.be\/wp-content\/uploads\/2025\/01\/407393920_10161379841697072_1378040123803435347_n.jpg 720w, https:\/\/maisonecohuis.be\/wp-content\/uploads\/2025\/01\/407393920_10161379841697072_1378040123803435347_n-225x300.jpg 225w\" sizes=\"auto, (max-width: 720px) 100vw, 720px\" \/><\/figure>\n\n\n\n<p class=\"has-text-align-left\">Lors des deux premi\u00e8res saisons de plantation du projet KleinPetitFruit au total, 733 m\u00e8tres de haies comestibles ont \u00e9t\u00e9 plant\u00e9s \u00e0 Saint-Gilles. Ces haies sont compos\u00e9es de diff\u00e9rentes vari\u00e9t\u00e9s de groseilliers \u00e0 grappes, groseilliers \u00e0 maquereau, de framboisiers, de baies de mai, de caseillier et de cassis. Nous sommes donc en bonne voie pour atteindre notre objectif de 1060 m\u00e8tres. Dans l&rsquo;espace public, les plantations ont \u00e9t\u00e9 r\u00e9alis\u00e9es entre autres sur les places Morichar, Marie-Janson, Bouvier, Jacques Franck ou en face de la Maison des Cultures. Nous avons \u00e9galement eu l\u2019aide des collectifs de citoyen.ne.s comme celui de l\u2019Avenue des Villas.<\/p>\n\n\n\n<figure class=\"wp-block-image alignright size-large is-resized\"><img loading=\"lazy\" decoding=\"async\" width=\"768\" height=\"1024\" src=\"https:\/\/maisonecohuis.be\/wp-content\/uploads\/2025\/01\/Fontainas2-768x1024.jpg\" alt=\"\" class=\"wp-image-4530\" style=\"width:333px;height:auto\" srcset=\"https:\/\/maisonecohuis.be\/wp-content\/uploads\/2025\/01\/Fontainas2-768x1024.jpg 768w, https:\/\/maisonecohuis.be\/wp-content\/uploads\/2025\/01\/Fontainas2-225x300.jpg 225w, https:\/\/maisonecohuis.be\/wp-content\/uploads\/2025\/01\/Fontainas2-1152x1536.jpg 1152w, https:\/\/maisonecohuis.be\/wp-content\/uploads\/2025\/01\/Fontainas2.jpg 1440w\" sizes=\"auto, (max-width: 768px) 100vw, 768px\" \/><\/figure>\n\n\n\n<p class=\"has-text-align-right\"><\/p>\n\n\n\n<p><\/p>\n\n\n\n<p><\/p>\n\n\n\n<p class=\"has-text-align-left\">Dans les prochaines ann\u00e9es on pourra y cueillir de d\u00e9licieuses fruits. D&rsquo;ici l\u00e0, elles serviront de protection et de nourriture pour les insectes et oiseaux.<\/p>\n","protected":false},"excerpt":{"rendered":"<p>Le projet \u2018KleinPetitFruit\u2019 fait partie de l\u2019appel \u00e0 projets \u2018Action Climat\u2019 2022 de Bruxelles Environnement pour la mise en \u0153uvre de projets environnementaux durables. Ce [&hellip;] <span class=\"read-more-link\"><a class=\"read-more\" href=\"https:\/\/maisonecohuis.be\/?page_id=4527\">Read More<\/a><\/span><\/p>\n","protected":false},"author":1,"featured_media":0,"parent":0,"menu_order":0,"comment_status":"closed","ping_status":"closed","template":"","meta":{"om_disable_all_campaigns":false,"_monsterinsights_skip_tracking":false,"_monsterinsights_sitenote_active":false,"_monsterinsights_sitenote_note":"","_monsterinsights_sitenote_category":0,"_uf_show_specific_survey":0,"_uf_disable_surveys":false,"footnotes":""},"class_list":["post-4527","page","type-page","status-publish","hentry"],"aioseo_notices":[],"_links":{"self":[{"href":"https:\/\/maisonecohuis.be\/index.php?rest_route=\/wp\/v2\/pages\/4527","targetHints":{"allow":["GET"]}}],"collection":[{"href":"https:\/\/maisonecohuis.be\/index.php?rest_route=\/wp\/v2\/pages"}],"about":[{"href":"https:\/\/maisonecohuis.be\/index.php?rest_route=\/wp\/v2\/types\/page"}],"author":[{"embeddable":true,"href":"https:\/\/maisonecohuis.be\/index.php?rest_route=\/wp\/v2\/users\/1"}],"replies":[{"embeddable":true,"href":"https:\/\/maisonecohuis.be\/index.php?rest_route=%2Fwp%2Fv2%2Fcomments&post=4527"}],"version-history":[{"count":3,"href":"https:\/\/maisonecohuis.be\/index.php?rest_route=\/wp\/v2\/pages\/4527\/revisions"}],"predecessor-version":[{"id":4536,"href":"https:\/\/maisonecohuis.be\/index.php?rest_route=\/wp\/v2\/pages\/4527\/revisions\/4536"}],"wp:attachment":[{"href":"https:\/\/maisonecohuis.be\/index.php?rest_route=%2Fwp%2Fv2%2Fmedia&parent=4527"}],"curies":[{"name":"wp","href":"https:\/\/api.w.org\/{rel}","templated":true}]}}