{"id":418,"date":"2018-07-17T14:13:11","date_gmt":"2018-07-17T12:13:11","guid":{"rendered":"http:\/\/maisonecohuis.be\/?page_id=418"},"modified":"2026-01-29T11:06:46","modified_gmt":"2026-01-29T10:06:46","slug":"appels-a-projets-eco-citoyens","status":"publish","type":"page","link":"https:\/\/maisonecohuis.be\/?page_id=418","title":{"rendered":"Appels \u00e0 projets \u00e9co-citoyens"},"content":{"rendered":"<p>Chaque ann\u00e9e, la Maison Eco lance un <span style=\"color: #00ff00;\"><strong>appel \u00e0 projets \u00e9co-citoyens saint-gillois<\/strong><\/span>.<\/p>\n<p>Cet appel vise \u00e0 soutenir les initiatives locales citoyennes prenant en compte la pr\u00e9servation de l&rsquo;environnement mais aussi la coh\u00e9sion sociale.<br \/>\nIl s\u2019inscrit dans le cadre de la participation citoyenne du <span style=\"color: #0000ff;\"><strong>Plan Climat<\/strong> <\/span>qui vise \u00e0 r\u00e9duire les \u00e9missions carbones du territoire de 40% entre 2005 et 2030, et \u00e0 d\u00e9velopper des strat\u00e9gies d\u2019adaptation au d\u00e9r\u00e8glement climatique.<br \/>\nLa commune invite donc les citoyen\u00b7ne\u00b7s et ASBL \u00e0 r\u00e9aliser des projets sur le territoire de Saint-Gilles en lien avec les axes principaux du plan climat (\u00e9nergie &amp; b\u00e2ti, mobilit\u00e9 active &amp; qualit\u00e9 de l\u2019air, nature en ville, eau, d\u00e9chets et alimentation durable).<br \/>\nLe budget disponible est de 1.000\u20ac pour les projets citoyens et jusqu&rsquo;\u00e0 3.000\u20ac peuvent \u00eatre attribu\u00e9s pour les projets d\u2019associations.<\/p>\n<p><span style=\"color: #00ff00;\"><strong>Depuis 2013<\/strong><\/span>, au total c&rsquo;est plus d&rsquo;une <span style=\"color: #00ff00;\"><strong>quarantaine<\/strong> <\/span>de projets \u00e9co-citoyens qui ont d\u00e9j\u00e0 \u00e9t\u00e9 soutenus!<\/p>\n<p>Pour plus d&rsquo;informations, contactez-nous.<\/p>\n<p><a href=\"https:\/\/irisbox.irisnet.be\/irisbox\/formulaire\/ac-saint-gilles\/appel-a-projets-eco-citoyen\" target=\"_blank\" rel=\"noopener\">Appel \u00e0 projets 2025<\/a><\/p>\n<h6>Quelques projets:<\/h6>\n<div id='gallery-1' class='gallery galleryid-418 gallery-columns-4 gallery-size-thumbnail'><figure class='gallery-item'>\n\t\t\t<div class='gallery-icon landscape'>\n\t\t\t\t<a href='https:\/\/maisonecohuis.be\/wp-content\/uploads\/2024\/01\/Pianofabriek_Verantwoording_terrasse.png'><img loading=\"lazy\" decoding=\"async\" width=\"150\" height=\"150\" src=\"https:\/\/maisonecohuis.be\/wp-content\/uploads\/2024\/01\/Pianofabriek_Verantwoording_terrasse-150x150.png\" class=\"attachment-thumbnail size-thumbnail\" alt=\"\" aria-describedby=\"gallery-1-3532\" \/><\/a>\n\t\t\t<\/div>\n\t\t\t\t<figcaption class='wp-caption-text gallery-caption' id='gallery-1-3532'>\n\t\t\t\tPianofabriek Groene Muur\n\t\t\t\t<\/figcaption><\/figure><figure class='gallery-item'>\n\t\t\t<div class='gallery-icon landscape'>\n\t\t\t\t<a href='https:\/\/maisonecohuis.be\/wp-content\/uploads\/2024\/01\/Boite-a-outils-ACE_image.png'><img loading=\"lazy\" decoding=\"async\" width=\"150\" height=\"150\" src=\"https:\/\/maisonecohuis.be\/wp-content\/uploads\/2024\/01\/Boite-a-outils-ACE_image-150x150.png\" class=\"attachment-thumbnail size-thumbnail\" alt=\"\" aria-describedby=\"gallery-1-3531\" \/><\/a>\n\t\t\t<\/div>\n\t\t\t\t<figcaption class='wp-caption-text gallery-caption' id='gallery-1-3531'>\n\t\t\t\tCreaD ACE2023\n\t\t\t\t<\/figcaption><\/figure><figure class='gallery-item'>\n\t\t\t<div class='gallery-icon portrait'>\n\t\t\t\t<a href='https:\/\/maisonecohuis.be\/wp-content\/uploads\/2024\/01\/Projet-pleine-terre_dessin.png'><img loading=\"lazy\" decoding=\"async\" width=\"150\" height=\"150\" src=\"https:\/\/maisonecohuis.be\/wp-content\/uploads\/2024\/01\/Projet-pleine-terre_dessin-150x150.png\" class=\"attachment-thumbnail size-thumbnail\" alt=\"\" aria-describedby=\"gallery-1-3533\" srcset=\"https:\/\/maisonecohuis.be\/wp-content\/uploads\/2024\/01\/Projet-pleine-terre_dessin-150x150.png 150w, https:\/\/maisonecohuis.be\/wp-content\/uploads\/2024\/01\/Projet-pleine-terre_dessin-580x580.png 580w\" sizes=\"auto, (max-width: 150px) 100vw, 150px\" \/><\/a>\n\t\t\t<\/div>\n\t\t\t\t<figcaption class='wp-caption-text gallery-caption' id='gallery-1-3533'>\n\t\t\t\tC\u00e9n\u00f4me Pleine Terre\n\t\t\t\t<\/figcaption><\/figure><figure class='gallery-item'>\n\t\t\t<div class='gallery-icon landscape'>\n\t\t\t\t<a href='https:\/\/maisonecohuis.be\/wp-content\/uploads\/2024\/01\/2024-01-04-_Galerie_ASBL-KAIOS.png'><img loading=\"lazy\" decoding=\"async\" width=\"150\" height=\"150\" src=\"https:\/\/maisonecohuis.be\/wp-content\/uploads\/2024\/01\/2024-01-04-_Galerie_ASBL-KAIOS-150x150.png\" class=\"attachment-thumbnail size-thumbnail\" alt=\"\" aria-describedby=\"gallery-1-3529\" \/><\/a>\n\t\t\t<\/div>\n\t\t\t\t<figcaption class='wp-caption-text gallery-caption' id='gallery-1-3529'>\n\t\t\t\tKAIOS Alimentation saine et durable \n\t\t\t\t<\/figcaption><\/figure><figure class='gallery-item'>\n\t\t\t<div class='gallery-icon landscape'>\n\t\t\t\t<a href='https:\/\/maisonecohuis.be\/wp-content\/uploads\/2024\/01\/PA_PhotoVisite.jpg'><img loading=\"lazy\" decoding=\"async\" width=\"150\" height=\"150\" src=\"https:\/\/maisonecohuis.be\/wp-content\/uploads\/2024\/01\/PA_PhotoVisite-150x150.jpg\" class=\"attachment-thumbnail size-thumbnail\" alt=\"\" aria-describedby=\"gallery-1-3534\" \/><\/a>\n\t\t\t<\/div>\n\t\t\t\t<figcaption class='wp-caption-text gallery-caption' id='gallery-1-3534'>\n\t\t\t\tCafa Parcours Alimentation\n\t\t\t\t<\/figcaption><\/figure><figure class='gallery-item'>\n\t\t\t<div class='gallery-icon landscape'>\n\t\t\t\t<a href='https:\/\/maisonecohuis.be\/wp-content\/uploads\/2024\/01\/t\u00e9l\u00e9chargement-3.jpg'><img loading=\"lazy\" decoding=\"async\" width=\"150\" height=\"150\" src=\"https:\/\/maisonecohuis.be\/wp-content\/uploads\/2024\/01\/t\u00e9l\u00e9chargement-3-150x150.jpg\" class=\"attachment-thumbnail size-thumbnail\" alt=\"\" aria-describedby=\"gallery-1-3530\" \/><\/a>\n\t\t\t<\/div>\n\t\t\t\t<figcaption class='wp-caption-text gallery-caption' id='gallery-1-3530'>\n\t\t\t\tNo Javel Donnerie de Quartier\n\t\t\t\t<\/figcaption><\/figure><figure class='gallery-item'>\n\t\t\t<div class='gallery-icon landscape'>\n\t\t\t\t<a href='https:\/\/maisonecohuis.be\/wp-content\/uploads\/2024\/01\/Rapports-d\u2019activit\u00e9s-\u2013-Shinobis-Riders.png'><img loading=\"lazy\" decoding=\"async\" width=\"150\" height=\"150\" src=\"https:\/\/maisonecohuis.be\/wp-content\/uploads\/2024\/01\/Rapports-d\u2019activit\u00e9s-\u2013-Shinobis-Riders-150x150.png\" class=\"attachment-thumbnail size-thumbnail\" alt=\"\" aria-describedby=\"gallery-1-3535\" \/><\/a>\n\t\t\t<\/div>\n\t\t\t\t<figcaption class='wp-caption-text gallery-caption' id='gallery-1-3535'>\n\t\t\t\tShinobis Riders Fruit Ride\n\t\t\t\t<\/figcaption><\/figure><figure class='gallery-item'>\n\t\t\t<div class='gallery-icon landscape'>\n\t\t\t\t<a href='https:\/\/maisonecohuis.be\/wp-content\/uploads\/2024\/01\/Pilone_Photo.png'><img loading=\"lazy\" decoding=\"async\" width=\"150\" height=\"150\" src=\"https:\/\/maisonecohuis.be\/wp-content\/uploads\/2024\/01\/Pilone_Photo-150x150.png\" class=\"attachment-thumbnail size-thumbnail\" alt=\"\" aria-describedby=\"gallery-1-3536\" \/><\/a>\n\t\t\t<\/div>\n\t\t\t\t<figcaption class='wp-caption-text gallery-caption' id='gallery-1-3536'>\n\t\t\t\tCitymine(d) Pilone\n\t\t\t\t<\/figcaption><\/figure><figure class='gallery-item'>\n\t\t\t<div class='gallery-icon portrait'>\n\t\t\t\t<a href='https:\/\/maisonecohuis.be\/wp-content\/uploads\/2024\/01\/Rue-de-Lisbonne-Photo.jpg'><img loading=\"lazy\" decoding=\"async\" width=\"150\" height=\"150\" src=\"https:\/\/maisonecohuis.be\/wp-content\/uploads\/2024\/01\/Rue-de-Lisbonne-Photo-150x150.jpg\" class=\"attachment-thumbnail size-thumbnail\" alt=\"\" aria-describedby=\"gallery-1-3537\" \/><\/a>\n\t\t\t<\/div>\n\t\t\t\t<figcaption class='wp-caption-text gallery-caption' id='gallery-1-3537'>\n\t\t\t\tV\u00e9g\u00e9talisation la rue de Lisbonne par les habitant\u00b7e\u00b7s\n\t\t\t\t<\/figcaption><\/figure><figure class='gallery-item'>\n\t\t\t<div class='gallery-icon landscape'>\n\t\t\t\t<a href='https:\/\/maisonecohuis.be\/wp-content\/uploads\/2024\/01\/CPCA-diffusion-web.png'><img loading=\"lazy\" decoding=\"async\" width=\"150\" height=\"150\" src=\"https:\/\/maisonecohuis.be\/wp-content\/uploads\/2024\/01\/CPCA-diffusion-web-150x150.png\" class=\"attachment-thumbnail size-thumbnail\" alt=\"\" aria-describedby=\"gallery-1-3538\" \/><\/a>\n\t\t\t<\/div>\n\t\t\t\t<figcaption class='wp-caption-text gallery-caption' id='gallery-1-3538'>\n\t\t\t\tC&rsquo;est pas cousu d&rsquo;avance de la Compagnie histoires publiques\n\t\t\t\t<\/figcaption><\/figure><figure class='gallery-item'>\n\t\t\t<div class='gallery-icon landscape'>\n\t\t\t\t<a href='https:\/\/maisonecohuis.be\/wp-content\/uploads\/2024\/01\/poules.jpg'><img loading=\"lazy\" decoding=\"async\" width=\"150\" height=\"150\" src=\"https:\/\/maisonecohuis.be\/wp-content\/uploads\/2024\/01\/poules-150x150.jpg\" class=\"attachment-thumbnail size-thumbnail\" alt=\"\" aria-describedby=\"gallery-1-3539\" \/><\/a>\n\t\t\t<\/div>\n\t\t\t\t<figcaption class='wp-caption-text gallery-caption' id='gallery-1-3539'>\n\t\t\t\tSETM Poulailler \n\t\t\t\t<\/figcaption><\/figure><figure class='gallery-item'>\n\t\t\t<div class='gallery-icon landscape'>\n\t\t\t\t<a href='https:\/\/maisonecohuis.be\/wp-content\/uploads\/2018\/07\/ruche-inaya.jpg'><img loading=\"lazy\" decoding=\"async\" width=\"150\" height=\"150\" src=\"https:\/\/maisonecohuis.be\/wp-content\/uploads\/2018\/07\/ruche-inaya-150x150.jpg\" class=\"attachment-thumbnail size-thumbnail\" alt=\"\" aria-describedby=\"gallery-1-419\" \/><\/a>\n\t\t\t<\/div>\n\t\t\t\t<figcaption class='wp-caption-text gallery-caption' id='gallery-1-419'>\n\t\t\t\tRuche didactique Inaya asbl\n\t\t\t\t<\/figcaption><\/figure><figure class='gallery-item'>\n\t\t\t<div class='gallery-icon landscape'>\n\t\t\t\t<a href='https:\/\/maisonecohuis.be\/wp-content\/uploads\/2024\/01\/Moskollectif_compost.png'><img loading=\"lazy\" decoding=\"async\" width=\"150\" height=\"150\" src=\"https:\/\/maisonecohuis.be\/wp-content\/uploads\/2024\/01\/Moskollectif_compost-150x150.png\" class=\"attachment-thumbnail size-thumbnail\" alt=\"\" aria-describedby=\"gallery-1-3605\" \/><\/a>\n\t\t\t<\/div>\n\t\t\t\t<figcaption class='wp-caption-text gallery-caption' id='gallery-1-3605'>\n\t\t\t\tCompost Moskollectif\n\t\t\t\t<\/figcaption><\/figure><figure class='gallery-item'>\n\t\t\t<div class='gallery-icon landscape'>\n\t\t\t\t<a href='https:\/\/maisonecohuis.be\/wp-content\/uploads\/2024\/01\/LePerche2.jpg'><img loading=\"lazy\" decoding=\"async\" width=\"150\" height=\"150\" src=\"https:\/\/maisonecohuis.be\/wp-content\/uploads\/2024\/01\/LePerche2-150x150.jpg\" class=\"attachment-thumbnail size-thumbnail\" alt=\"\" aria-describedby=\"gallery-1-3615\" \/><\/a>\n\t\t\t<\/div>\n\t\t\t\t<figcaption class='wp-caption-text gallery-caption' id='gallery-1-3615'>\n\t\t\t\tCollectif de sant\u00e9 La Perche Le B\u00e2teau vert\n\t\t\t\t<\/figcaption><\/figure><figure class='gallery-item'>\n\t\t\t<div class='gallery-icon landscape'>\n\t\t\t\t<a href='https:\/\/maisonecohuis.be\/wp-content\/uploads\/2024\/01\/VerdurisationMidi.jpg'><img loading=\"lazy\" decoding=\"async\" width=\"150\" height=\"150\" src=\"https:\/\/maisonecohuis.be\/wp-content\/uploads\/2024\/01\/VerdurisationMidi-150x150.jpg\" class=\"attachment-thumbnail size-thumbnail\" alt=\"\" aria-describedby=\"gallery-1-3606\" \/><\/a>\n\t\t\t<\/div>\n\t\t\t\t<figcaption class='wp-caption-text gallery-caption' id='gallery-1-3606'>\n\t\t\t\tRencontres au Z\u00e9nith des riverains de Saint-Gilles Midide \n\t\t\t\t<\/figcaption><\/figure><figure class='gallery-item'>\n\t\t\t<div class='gallery-icon landscape'>\n\t\t\t\t<a href='https:\/\/maisonecohuis.be\/wp-content\/uploads\/2024\/01\/ReparathequeMobile.jpg'><img loading=\"lazy\" decoding=\"async\" width=\"150\" height=\"150\" src=\"https:\/\/maisonecohuis.be\/wp-content\/uploads\/2024\/01\/ReparathequeMobile-150x150.jpg\" class=\"attachment-thumbnail size-thumbnail\" alt=\"\" aria-describedby=\"gallery-1-3607\" srcset=\"https:\/\/maisonecohuis.be\/wp-content\/uploads\/2024\/01\/ReparathequeMobile-150x150.jpg 150w, https:\/\/maisonecohuis.be\/wp-content\/uploads\/2024\/01\/ReparathequeMobile-300x300.jpg 300w, https:\/\/maisonecohuis.be\/wp-content\/uploads\/2024\/01\/ReparathequeMobile-768x768.jpg 768w, https:\/\/maisonecohuis.be\/wp-content\/uploads\/2024\/01\/ReparathequeMobile-1024x1024.jpg 1024w\" sizes=\"auto, (max-width: 150px) 100vw, 150px\" \/><\/a>\n\t\t\t<\/div>\n\t\t\t\t<figcaption class='wp-caption-text gallery-caption' id='gallery-1-3607'>\n\t\t\t\tOxymore R\u00e9parath\u00e8que mobile\n\t\t\t\t<\/figcaption><\/figure><figure class='gallery-item'>\n\t\t\t<div class='gallery-icon landscape'>\n\t\t\t\t<a href='https:\/\/maisonecohuis.be\/wp-content\/uploads\/2024\/01\/photo-nappe.jpg'><img loading=\"lazy\" decoding=\"async\" width=\"150\" height=\"150\" src=\"https:\/\/maisonecohuis.be\/wp-content\/uploads\/2024\/01\/photo-nappe-150x150.jpg\" class=\"attachment-thumbnail size-thumbnail\" alt=\"\" \/><\/a>\n\t\t\t<\/div><\/figure><figure class='gallery-item'>\n\t\t\t<div class='gallery-icon portrait'>\n\t\t\t\t<a href='https:\/\/maisonecohuis.be\/wp-content\/uploads\/2024\/01\/SousLespavslesarbres.png'><img loading=\"lazy\" decoding=\"async\" width=\"150\" height=\"150\" src=\"https:\/\/maisonecohuis.be\/wp-content\/uploads\/2024\/01\/SousLespavslesarbres-150x150.png\" class=\"attachment-thumbnail size-thumbnail\" alt=\"\" \/><\/a>\n\t\t\t<\/div><\/figure><figure class='gallery-item'>\n\t\t\t<div class='gallery-icon landscape'>\n\t\t\t\t<a href='https:\/\/maisonecohuis.be\/wp-content\/uploads\/2024\/01\/image-broderie.jpg'><img loading=\"lazy\" decoding=\"async\" width=\"150\" height=\"150\" src=\"https:\/\/maisonecohuis.be\/wp-content\/uploads\/2024\/01\/image-broderie-150x150.jpg\" class=\"attachment-thumbnail size-thumbnail\" alt=\"\" aria-describedby=\"gallery-1-3614\" \/><\/a>\n\t\t\t<\/div>\n\t\t\t\t<figcaption class='wp-caption-text gallery-caption' id='gallery-1-3614'>\n\t\t\t\tQuartiers Brod\u00e9s &#8211; Projet citoyen\n\t\t\t\t<\/figcaption><\/figure><figure class='gallery-item'>\n\t\t\t<div class='gallery-icon landscape'>\n\t\t\t\t<a href='https:\/\/maisonecohuis.be\/wp-content\/uploads\/2018\/07\/IMG_0228.jpg'><img loading=\"lazy\" decoding=\"async\" width=\"150\" height=\"150\" src=\"https:\/\/maisonecohuis.be\/wp-content\/uploads\/2018\/07\/IMG_0228-150x150.jpg\" class=\"attachment-thumbnail size-thumbnail\" alt=\"\" aria-describedby=\"gallery-1-384\" \/><\/a>\n\t\t\t<\/div>\n\t\t\t\t<figcaption class='wp-caption-text gallery-caption' id='gallery-1-384'>\n\t\t\t\tpotager collectif\n\t\t\t\t<\/figcaption><\/figure><figure class='gallery-item'>\n\t\t\t<div class='gallery-icon landscape'>\n\t\t\t\t<a href='https:\/\/maisonecohuis.be\/wp-content\/uploads\/2018\/07\/P1050533.jpg'><img loading=\"lazy\" decoding=\"async\" width=\"150\" height=\"150\" src=\"https:\/\/maisonecohuis.be\/wp-content\/uploads\/2018\/07\/P1050533-150x150.jpg\" class=\"attachment-thumbnail size-thumbnail\" alt=\"\" aria-describedby=\"gallery-1-438\" \/><\/a>\n\t\t\t<\/div>\n\t\t\t\t<figcaption class='wp-caption-text gallery-caption' id='gallery-1-438'>\n\t\t\t\tUn hiver en couleurs &#8211; La transformath\u00e8que\n\t\t\t\t<\/figcaption><\/figure><figure class='gallery-item'>\n\t\t\t<div class='gallery-icon portrait'>\n\t\t\t\t<a href='https:\/\/maisonecohuis.be\/wp-content\/uploads\/2018\/07\/31478680_1780679815333932_9117165857926021120_o.jpg'><img loading=\"lazy\" decoding=\"async\" width=\"150\" height=\"150\" src=\"https:\/\/maisonecohuis.be\/wp-content\/uploads\/2018\/07\/31478680_1780679815333932_9117165857926021120_o-150x150.jpg\" class=\"attachment-thumbnail size-thumbnail\" alt=\"\" aria-describedby=\"gallery-1-440\" \/><\/a>\n\t\t\t<\/div>\n\t\t\t\t<figcaption class='wp-caption-text gallery-caption' id='gallery-1-440'>\n\t\t\t\tLaat de Villalaan bloeien!\n\t\t\t\t<\/figcaption><\/figure><figure class='gallery-item'>\n\t\t\t<div class='gallery-icon landscape'>\n\t\t\t\t<a href='https:\/\/maisonecohuis.be\/wp-content\/uploads\/2018\/07\/BILD1905.jpg'><img loading=\"lazy\" decoding=\"async\" width=\"150\" height=\"150\" src=\"https:\/\/maisonecohuis.be\/wp-content\/uploads\/2018\/07\/BILD1905-150x150.jpg\" class=\"attachment-thumbnail size-thumbnail\" alt=\"\" aria-describedby=\"gallery-1-434\" \/><\/a>\n\t\t\t<\/div>\n\t\t\t\t<figcaption class='wp-caption-text gallery-caption' id='gallery-1-434'>\n\t\t\t\tPapa Douala &#8211; soep voor iedereen\n\t\t\t\t<\/figcaption><\/figure><figure class='gallery-item'>\n\t\t\t<div class='gallery-icon landscape'>\n\t\t\t\t<a href='https:\/\/maisonecohuis.be\/wp-content\/uploads\/2018\/07\/P1040647.jpg'><img loading=\"lazy\" decoding=\"async\" width=\"150\" height=\"150\" src=\"https:\/\/maisonecohuis.be\/wp-content\/uploads\/2018\/07\/P1040647-150x150.jpg\" class=\"attachment-thumbnail size-thumbnail\" alt=\"\" aria-describedby=\"gallery-1-435\" \/><\/a>\n\t\t\t<\/div>\n\t\t\t\t<figcaption class='wp-caption-text gallery-caption' id='gallery-1-435'>\n\t\t\t\tPeter Pan school \n\t\t\t\t<\/figcaption><\/figure><figure class='gallery-item'>\n\t\t\t<div class='gallery-icon landscape'>\n\t\t\t\t<a href='https:\/\/maisonecohuis.be\/wp-content\/uploads\/2018\/07\/IMG_20170501_134728.jpg'><img loading=\"lazy\" decoding=\"async\" width=\"150\" height=\"150\" src=\"https:\/\/maisonecohuis.be\/wp-content\/uploads\/2018\/07\/IMG_20170501_134728-150x150.jpg\" class=\"attachment-thumbnail size-thumbnail\" alt=\"\" aria-describedby=\"gallery-1-436\" \/><\/a>\n\t\t\t<\/div>\n\t\t\t\t<figcaption class='wp-caption-text gallery-caption' id='gallery-1-436'>\n\t\t\t\tPianofabriek &#8211; Afrokata Kids \n\t\t\t\t<\/figcaption><\/figure><figure class='gallery-item'>\n\t\t\t<div class='gallery-icon landscape'>\n\t\t\t\t<a href='https:\/\/maisonecohuis.be\/wp-content\/uploads\/2024\/01\/Cafa_p\u00e9dalier3.jpg.png'><img loading=\"lazy\" decoding=\"async\" width=\"150\" height=\"150\" src=\"https:\/\/maisonecohuis.be\/wp-content\/uploads\/2024\/01\/Cafa_p\u00e9dalier3.jpg-150x150.png\" class=\"attachment-thumbnail size-thumbnail\" alt=\"\" aria-describedby=\"gallery-1-3611\" srcset=\"https:\/\/maisonecohuis.be\/wp-content\/uploads\/2024\/01\/Cafa_p\u00e9dalier3.jpg-150x150.png 150w, https:\/\/maisonecohuis.be\/wp-content\/uploads\/2024\/01\/Cafa_p\u00e9dalier3.jpg-300x300.png 300w, https:\/\/maisonecohuis.be\/wp-content\/uploads\/2024\/01\/Cafa_p\u00e9dalier3.jpg.png 459w\" sizes=\"auto, (max-width: 150px) 100vw, 150px\" \/><\/a>\n\t\t\t<\/div>\n\t\t\t\t<figcaption class='wp-caption-text gallery-caption' id='gallery-1-3611'>\n\t\t\t\tP\u00e9dalier ecodynamique &#8211; Cafa asbl\n\t\t\t\t<\/figcaption><\/figure>\n\t\t<\/div>\n\n<p><a href=\"https:\/\/www.creative-district.be\/wp-content\/uploads\/2023\/12\/Boite-a-outils-ACE.pdf\">Boite-a-outils-ACE<\/a><\/p>\n<p><iframe loading=\"lazy\" title=\"ACE 2023\" width=\"1160\" height=\"653\" src=\"https:\/\/www.youtube.com\/embed\/wXVAYMh0ZAc?feature=oembed\" frameborder=\"0\" allow=\"accelerometer; autoplay; clipboard-write; encrypted-media; gyroscope; picture-in-picture; web-share\" referrerpolicy=\"strict-origin-when-cross-origin\" allowfullscreen><\/iframe><\/p>\n<p><iframe loading=\"lazy\" title=\"Fleurissons l&#039;avenue des Villas! \/ Laat de Villalaan bloien\" src=\"https:\/\/player.vimeo.com\/video\/286172602?dnt=1&amp;app_id=122963\" width=\"1160\" height=\"653\" frameborder=\"0\" allow=\"autoplay; fullscreen; picture-in-picture; clipboard-write; encrypted-media; web-share\" referrerpolicy=\"strict-origin-when-cross-origin\"><\/iframe><\/p>\n<p><iframe loading=\"lazy\" title=\"Les appels \u00e0 projets \u00e9cocitoyens saint-gillois \/ \tProjectoproep Eco-bewoners in Sint-Gillis\" src=\"https:\/\/player.vimeo.com\/video\/106379099?dnt=1&amp;app_id=122963\" width=\"1160\" height=\"653\" frameborder=\"0\" allow=\"autoplay; fullscreen; picture-in-picture; clipboard-write; encrypted-media; web-share\" referrerpolicy=\"strict-origin-when-cross-origin\"><\/iframe><\/p>\n<p><iframe loading=\"lazy\" title=\"Saint-Gilles Midi - Rencontres au z\u00e9nith \/ Sint-Gillis Zuid: ontmoetingen zijn de max\" src=\"https:\/\/player.vimeo.com\/video\/286348173?dnt=1&amp;app_id=122963\" width=\"1160\" height=\"653\" frameborder=\"0\" allow=\"autoplay; fullscreen; picture-in-picture; clipboard-write; encrypted-media; web-share\" referrerpolicy=\"strict-origin-when-cross-origin\"><\/iframe><\/p>\n<p><iframe loading=\"lazy\" title=\"V\u00e9g\u00e9talisation collective de quartier - maison m\u00e9dicale La Perche \/ Gezondheidscollectief La Perche\" src=\"https:\/\/player.vimeo.com\/video\/286170729?dnt=1&amp;app_id=122963\" width=\"1160\" height=\"653\" frameborder=\"0\" allow=\"autoplay; fullscreen; picture-in-picture; clipboard-write; encrypted-media; web-share\" referrerpolicy=\"strict-origin-when-cross-origin\"><\/iframe><\/p>\n<p><iframe loading=\"lazy\" title=\"Un rucher didactique en ville - Inaya asbl \/ Een bijeenkorf in een stedelijke omgeving\" src=\"https:\/\/player.vimeo.com\/video\/286169334?dnt=1&amp;app_id=122963\" width=\"1160\" height=\"653\" frameborder=\"0\" allow=\"autoplay; fullscreen; picture-in-picture; clipboard-write; encrypted-media; web-share\" referrerpolicy=\"strict-origin-when-cross-origin\"><\/iframe><\/p>\n","protected":false},"excerpt":{"rendered":"<p>Chaque ann\u00e9e, la Maison Eco lance un appel \u00e0 projets \u00e9co-citoyens saint-gillois. Cet appel vise \u00e0 soutenir les initiatives locales citoyennes prenant en compte la [&hellip;] <span class=\"read-more-link\"><a class=\"read-more\" href=\"https:\/\/maisonecohuis.be\/?page_id=418\">Read More<\/a><\/span><\/p>\n","protected":false},"author":1,"featured_media":0,"parent":0,"menu_order":0,"comment_status":"closed","ping_status":"closed","template":"","meta":{"om_disable_all_campaigns":false,"_monsterinsights_skip_tracking":false,"_monsterinsights_sitenote_active":false,"_monsterinsights_sitenote_note":"","_monsterinsights_sitenote_category":0,"_uf_show_specific_survey":0,"_uf_disable_surveys":false,"footnotes":""},"class_list":["post-418","page","type-page","status-publish","hentry"],"aioseo_notices":[],"_links":{"self":[{"href":"https:\/\/maisonecohuis.be\/index.php?rest_route=\/wp\/v2\/pages\/418","targetHints":{"allow":["GET"]}}],"collection":[{"href":"https:\/\/maisonecohuis.be\/index.php?rest_route=\/wp\/v2\/pages"}],"about":[{"href":"https:\/\/maisonecohuis.be\/index.php?rest_route=\/wp\/v2\/types\/page"}],"author":[{"embeddable":true,"href":"https:\/\/maisonecohuis.be\/index.php?rest_route=\/wp\/v2\/users\/1"}],"replies":[{"embeddable":true,"href":"https:\/\/maisonecohuis.be\/index.php?rest_route=%2Fwp%2Fv2%2Fcomments&post=418"}],"version-history":[{"count":33,"href":"https:\/\/maisonecohuis.be\/index.php?rest_route=\/wp\/v2\/pages\/418\/revisions"}],"predecessor-version":[{"id":5368,"href":"https:\/\/maisonecohuis.be\/index.php?rest_route=\/wp\/v2\/pages\/418\/revisions\/5368"}],"wp:attachment":[{"href":"https:\/\/maisonecohuis.be\/index.php?rest_route=%2Fwp%2Fv2%2Fmedia&parent=418"}],"curies":[{"name":"wp","href":"https:\/\/api.w.org\/{rel}","templated":true}]}}