{"id":4101,"date":"2024-07-29T09:11:06","date_gmt":"2024-07-29T07:11:06","guid":{"rendered":"https:\/\/maisonecohuis.be\/?page_id=4101"},"modified":"2026-02-23T09:36:57","modified_gmt":"2026-02-23T08:36:57","slug":"maltraitance-animale","status":"publish","type":"page","link":"https:\/\/maisonecohuis.be\/?page_id=4101","title":{"rendered":"Maltraitance animale"},"content":{"rendered":"\n<p>Nous n\u2019avons pas tous la m\u00eame sensibilit\u00e9 au bien-\u00eatre animal. Par exemple, peut-on laisser un chien toute une journ\u00e9e sur un balcon ? Peut-on avoir un serpent chez soi ? N&rsquo;h\u00e9sitez pas \u00e0 consulter <a href=\"https:\/\/environnement.brussels\/citoyen\/lenvironnement-bruxelles\/veiller-au-bien-etre-animal\" target=\"_blank\" rel=\"noreferrer noopener\">le site web de Bruxelles Environnement<\/a> \u00e0 ce sujet.<\/p>\n\n\n\n<figure class=\"wp-block-image aligncenter size-large is-resized\"><img loading=\"lazy\" decoding=\"async\" width=\"1024\" height=\"1024\" src=\"http:\/\/maisonecohuis.be\/wp-content\/uploads\/2021\/05\/RVB_Picto_Maltraitance_vert-1024x1024.png\" alt=\"Maltraitance animale : enqu\u00eate et suivi en collaboration avec la police midi.\" class=\"wp-image-1598\" style=\"width:245px\" srcset=\"https:\/\/maisonecohuis.be\/wp-content\/uploads\/2021\/05\/RVB_Picto_Maltraitance_vert-1024x1024.png 1024w, https:\/\/maisonecohuis.be\/wp-content\/uploads\/2021\/05\/RVB_Picto_Maltraitance_vert-150x150.png 150w, https:\/\/maisonecohuis.be\/wp-content\/uploads\/2021\/05\/RVB_Picto_Maltraitance_vert-300x300.png 300w, https:\/\/maisonecohuis.be\/wp-content\/uploads\/2021\/05\/RVB_Picto_Maltraitance_vert-768x768.png 768w, https:\/\/maisonecohuis.be\/wp-content\/uploads\/2021\/05\/RVB_Picto_Maltraitance_vert.png 1299w\" sizes=\"auto, (max-width: 1024px) 100vw, 1024px\" \/><\/figure>\n\n\n\n<p><em>Signalez les n\u00e9gligences<\/em><br>Vous remarquez des animaux de compagnie, \u00e0 domicile ou en magasin, avec des plaies non-soign\u00e9es, des espaces d\u2019h\u00e9bergement trop petits ou inadapt\u00e9s, de mauvaises conditions d\u2019hygi\u00e8ne et de soins, un manque de nourriture ?<br>Si vous connaissez le propri\u00e9taire des animaux et la situation pr\u00e9cise, remplissez <a href=\"https:\/\/environnement.brussels\/thematiques\/bien-etre-animal\/porter-plainte-en-cas-de-negligence-ou-de-maltraitance-animale\" target=\"_blank\" rel=\"noreferrer noopener\">le formulaire de Bruxelles Environnement<\/a>.<br>Si vous ne disposez pas des informations utiles ou en cas d\u2019urgence, adressez-vous directement \u00e0 la cellule animaux de la zone de police au 02 559 84 74\u00a0 ou 02 559 81 63.<\/p>\n\n\n\n<p><em>Pas de maltraitance av\u00e9r\u00e9e, mais un doute raisonnable ?<\/em><br>Contactez la Cellule Bien-\u00eatre animal ou la cellule animaux de la police au 02 559 84 74\u00a0 ou 02 559 81 63. Si la maltraitance est av\u00e9r\u00e9e, la police interviendra.<br>En cas de conflit, il y a \u00e9galement la possibilit\u00e9 de faire intervenir le service m\u00e9diation de la commune (<a href=\"mailto:mediation.1060@stgilles.brussels\" target=\"_blank\" rel=\"noreferrer noopener\">mediation.1060@stgilles.brussels<\/a> ou 02\/542.62.40).<\/p>\n\n\n\n<hr class=\"wp-block-separator has-alpha-channel-opacity\"\/>\n","protected":false},"excerpt":{"rendered":"<p>Nous n\u2019avons pas tous la m\u00eame sensibilit\u00e9 au bien-\u00eatre animal. Par exemple, peut-on laisser un chien toute une journ\u00e9e sur un balcon ? Peut-on avoir [&hellip;] <span class=\"read-more-link\"><a class=\"read-more\" href=\"https:\/\/maisonecohuis.be\/?page_id=4101\">Read More<\/a><\/span><\/p>\n","protected":false},"author":1,"featured_media":0,"parent":0,"menu_order":0,"comment_status":"closed","ping_status":"closed","template":"","meta":{"om_disable_all_campaigns":false,"_monsterinsights_skip_tracking":false,"_monsterinsights_sitenote_active":false,"_monsterinsights_sitenote_note":"","_monsterinsights_sitenote_category":0,"_uf_show_specific_survey":0,"_uf_disable_surveys":false,"footnotes":""},"class_list":["post-4101","page","type-page","status-publish","hentry"],"aioseo_notices":[],"_links":{"self":[{"href":"https:\/\/maisonecohuis.be\/index.php?rest_route=\/wp\/v2\/pages\/4101","targetHints":{"allow":["GET"]}}],"collection":[{"href":"https:\/\/maisonecohuis.be\/index.php?rest_route=\/wp\/v2\/pages"}],"about":[{"href":"https:\/\/maisonecohuis.be\/index.php?rest_route=\/wp\/v2\/types\/page"}],"author":[{"embeddable":true,"href":"https:\/\/maisonecohuis.be\/index.php?rest_route=\/wp\/v2\/users\/1"}],"replies":[{"embeddable":true,"href":"https:\/\/maisonecohuis.be\/index.php?rest_route=%2Fwp%2Fv2%2Fcomments&post=4101"}],"version-history":[{"count":6,"href":"https:\/\/maisonecohuis.be\/index.php?rest_route=\/wp\/v2\/pages\/4101\/revisions"}],"predecessor-version":[{"id":5919,"href":"https:\/\/maisonecohuis.be\/index.php?rest_route=\/wp\/v2\/pages\/4101\/revisions\/5919"}],"wp:attachment":[{"href":"https:\/\/maisonecohuis.be\/index.php?rest_route=%2Fwp%2Fv2%2Fmedia&parent=4101"}],"curies":[{"name":"wp","href":"https:\/\/api.w.org\/{rel}","templated":true}]}}