{"id":4060,"date":"2024-07-24T13:09:13","date_gmt":"2024-07-24T11:09:13","guid":{"rendered":"https:\/\/maisonecohuis.be\/?page_id=4060"},"modified":"2026-04-01T15:52:51","modified_gmt":"2026-04-01T13:52:51","slug":"mon-chien-en-ville","status":"publish","type":"page","link":"https:\/\/maisonecohuis.be\/?page_id=4060","title":{"rendered":"Mon chien en ville"},"content":{"rendered":"\n<p>Avoir un chien en milieu urbain n\u2019est pas anodin. Comment \u00e9duquer son chien pour qu\u2019il puisse \u00e9voluer sereinement en ville ? O\u00f9 peut-on le promener en laisse ou en libert\u00e9 totale ? Quels sont les besoins \u00e0 respecter ? Une s\u00e9rie de question sont \u00e0 se poser avant l\u2019acquisition ou l\u2019adoption d\u2019un chien.<\/p>\n\n\n\n<figure class=\"wp-block-image aligncenter size-full is-resized\"><img loading=\"lazy\" decoding=\"async\" width=\"1240\" height=\"1240\" src=\"https:\/\/maisonecohuis.be\/wp-content\/uploads\/2023\/05\/RVB_Picto_Chien-ville_vert-3.png\" alt=\"Les chiens en ville et particuli\u00e8rement \u00e0 Saint-Gilles (Bruxelles).\" class=\"wp-image-3061\" style=\"object-fit:cover;width:245px;height:auto\" srcset=\"https:\/\/maisonecohuis.be\/wp-content\/uploads\/2023\/05\/RVB_Picto_Chien-ville_vert-3.png 1240w, https:\/\/maisonecohuis.be\/wp-content\/uploads\/2023\/05\/RVB_Picto_Chien-ville_vert-3-150x150.png 150w, https:\/\/maisonecohuis.be\/wp-content\/uploads\/2023\/05\/RVB_Picto_Chien-ville_vert-3-300x300.png 300w, https:\/\/maisonecohuis.be\/wp-content\/uploads\/2023\/05\/RVB_Picto_Chien-ville_vert-3-768x768.png 768w, https:\/\/maisonecohuis.be\/wp-content\/uploads\/2023\/05\/RVB_Picto_Chien-ville_vert-3-1024x1024.png 1024w\" sizes=\"auto, (max-width: 1240px) 100vw, 1240px\" \/><\/figure>\n\n\n\n<h3 class=\"wp-block-heading\">Accueillir un chien \u00e0 la maison<\/h3>\n\n\n\n<details class=\"wp-block-details is-layout-flow wp-block-details-is-layout-flow\"><summary>Lire plus<\/summary>\n<p>Un chien qui arrive \u00e0 la maison, c\u2019est un sacr\u00e9 changement tant pour l\u2019humain que pour le chien, soyons patients et rappelons-nous de la r\u00e8gle des 3\/3\/3 qui donne une estimations du temps d\u2019adaptation :<\/p>\n\n\n\n<p>3 jours pour d\u00e9compresser : le chien peut se sentir stress\u00e9, apeur\u00e9, en inconfort. il pourrait ne pas vouloir boire ou manger, \u00eatre ferm\u00e9 sur lui-m\u00eame et se cacher derri\u00e8re un meuble.<\/p>\n\n\n\n<p>3 semaines pour apprendre la routine : le chien va commencer \u00e0 s\u2019habituer, se sentir plus confortable, apprivoiser son environnement, commencer \u00e0 montrer sa personnalit\u00e9 et \u00e0 baisser la garde<\/p>\n\n\n\n<p>3 mois pour se sentir \u00e0 l\u2019aise \u00e0 la maison : le chien se sent plus confortable, commence \u00e0 faire confiance et \u00e0 \u00e9tablir une connexion, il acquiert la confiance de sa nouvelle famille et s\u2019habitue \u00e0 sa nouvelle routine.<\/p>\n\n\n\n<p>Quelques conseils :<\/p>\n\n\n\n<p>Pr\u00e9voir une zone d\u00e9di\u00e9e pour qu\u2019il puisse se reposer sans d\u00e9ranger ou \u00eatre d\u00e9rang\u00e9.<\/p>\n\n\n\n<p>Mettre des routines en place : le r\u00e9veil, les repas, les promenades, les moments de jeu, les moments de repos, les ordres avant de mettre la laisse, \u2026<\/p>\n\n\n\n<p>Respecter ses besoins: promenades, socialisation, jeux.<\/p>\n\n\n\n<p>Mettre un cadre en place: les ordres sont utiles pour que le chien apprenne ce qu\u2019il peut faire et ne pas faire.<\/p>\n<\/details>\n\n\n\n<h3 class=\"wp-block-heading\">O\u00f9 promener son chien ?<\/h3>\n\n\n\n<details class=\"wp-block-details is-layout-flow wp-block-details-is-layout-flow\"><summary>Lire plus<\/summary>\n<h2 class=\"wp-block-heading\">Parcs canins<\/h2>\n\n\n\n<p><p>Les parcs canins sont des zones cl\u00f4tur\u00e9es d\u00e9di\u00e9es aux chiens, ils peuvent y \u00eatre l\u00e2ch\u00e9s.<\/p>\n<ul>\n<li>Parc canin Square Baron Bouvier<\/li>\n<li>Parc canin Place Marie Janson (du c\u00f4t\u00e9 de la Rue de la Victoire)<\/li>\n<li>Jardin Victor de Laveleye (station de m\u00e9tro Horta)<\/li>\n<li>Parc Pierre Paulus (en haut du parc \u00e0 l&rsquo;entr\u00e9e, tout nouveau)<\/li>\n<\/ul>\n<p><a href=\"https:\/\/www.google.com\/maps\/d\/u\/1\/viewer?mid=16r5Eja15Zk6HCgYwUn8su9Vn4ktDPSg&amp;ll=50.82952466605384%2C4.347820558999649&amp;z=15\" target=\"_blank\" rel=\"noopener\"><img loading=\"lazy\" decoding=\"async\" class=\"alignnone wp-image-3151 size-full\" src=\"http:\/\/maisonecohuis.be\/wp-content\/uploads\/2023\/05\/parc-libert\u00e9.png\" alt=\"parc chien en libert\u00e9\" width=\"1181\" height=\"737\" srcset=\"https:\/\/maisonecohuis.be\/wp-content\/uploads\/2023\/05\/parc-libert\u00e9.png 1181w, https:\/\/maisonecohuis.be\/wp-content\/uploads\/2023\/05\/parc-libert\u00e9-300x187.png 300w, https:\/\/maisonecohuis.be\/wp-content\/uploads\/2023\/05\/parc-libert\u00e9-768x479.png 768w, https:\/\/maisonecohuis.be\/wp-content\/uploads\/2023\/05\/parc-libert\u00e9-1024x639.png 1024w, https:\/\/maisonecohuis.be\/wp-content\/uploads\/2023\/05\/parc-libert\u00e9-800x500.png 800w\" sizes=\"auto, (max-width: 1181px) 100vw, 1181px\" \/><\/a><\/p>\n<p>L\u2019acc\u00e8s aux parcs canins implique :<\/p>\n<ul>\n<li>que le chien ne repr\u00e9sente pas un danger<\/li>\n<li>que le chien soit en bonne sant\u00e9<\/li>\n<li>que le ma\u00eetre reste attentif et responsable de son chien<\/li>\n<\/ul>\n<h6>&nbsp;<\/h6>\n<h2>Parcs<\/h2>\n<p>Retrouvez les parcs autorisant les chiens en laisse sur la carte suivante:<\/p>\n<ul>\n<li>Place Marie Janson<\/li>\n<li>Parc de la Porte de Hal<\/li>\n<li>Place Louis Morichar<\/li>\n<\/ul>\n<p><a href=\"https:\/\/www.google.com\/maps\/d\/u\/1\/viewer?mid=16r5Eja15Zk6HCgYwUn8su9Vn4ktDPSg&amp;ll=50.82952466605384%2C4.347820558999649&amp;z=15\" target=\"_blank\" rel=\"noopener\"><img loading=\"lazy\" decoding=\"async\" class=\"alignnone wp-image-3152 size-full\" src=\"http:\/\/maisonecohuis.be\/wp-content\/uploads\/2023\/05\/parc-chiens-en-laisse.png\" alt=\"parc chiens en laisse\" width=\"1216\" height=\"776\" srcset=\"https:\/\/maisonecohuis.be\/wp-content\/uploads\/2023\/05\/parc-chiens-en-laisse.png 1216w, https:\/\/maisonecohuis.be\/wp-content\/uploads\/2023\/05\/parc-chiens-en-laisse-300x191.png 300w, https:\/\/maisonecohuis.be\/wp-content\/uploads\/2023\/05\/parc-chiens-en-laisse-768x490.png 768w, https:\/\/maisonecohuis.be\/wp-content\/uploads\/2023\/05\/parc-chiens-en-laisse-1024x653.png 1024w\" sizes=\"auto, (max-width: 1216px) 100vw, 1216px\" \/><\/a><\/p>\n<p>Les r\u00e8gles de bien-vivre s\u2019appliquent toujours :<\/p>\n<ul>\n<li>Ramasser les crottes<\/li>\n<li>Respecter la tranquillit\u00e9 du lieu<\/li>\n<li>\u00c9viter de laisser le chien creuser<\/li>\n<\/ul>\n<p>Plus de <a href=\"http:\/\/maisonecohuis.be\/?page_id=3096\" target=\"_blank\" rel=\"noopener\">r\u00e8gles de bonne conduite<\/a><\/p>\n<h2><strong>Parcs interdits<\/strong><\/h2>\n<p>M\u00eame en laisse les chiens y sont interdits!<\/p>\n<ul>\n<li><span style=\"color: #000000;\">Parc Pierre Paulus<\/span><\/li>\n<li><span style=\"color: #000000;\">Parc Germeau<\/span><\/li>\n<li>Place Hermann Dumont<\/li>\n<\/ul>\n<figure id=\"attachment_3153\" aria-describedby=\"caption-attachment-3153\" style=\"width: 1192px\" class=\"wp-caption alignnone\"><a href=\"https:\/\/www.google.com\/maps\/d\/u\/1\/viewer?mid=16r5Eja15Zk6HCgYwUn8su9Vn4ktDPSg&amp;ll=50.82952466605384%2C4.347820558999649&amp;z=15\" target=\"_blank\" rel=\"noopener\"><img loading=\"lazy\" decoding=\"async\" class=\"wp-image-3153 size-full\" src=\"http:\/\/maisonecohuis.be\/wp-content\/uploads\/2023\/05\/chiens-iterdits.png\" alt=\"chiens interdits\" width=\"1192\" height=\"795\" srcset=\"https:\/\/maisonecohuis.be\/wp-content\/uploads\/2023\/05\/chiens-iterdits.png 1192w, https:\/\/maisonecohuis.be\/wp-content\/uploads\/2023\/05\/chiens-iterdits-300x200.png 300w, https:\/\/maisonecohuis.be\/wp-content\/uploads\/2023\/05\/chiens-iterdits-768x512.png 768w, https:\/\/maisonecohuis.be\/wp-content\/uploads\/2023\/05\/chiens-iterdits-1024x683.png 1024w\" sizes=\"auto, (max-width: 1192px) 100vw, 1192px\" \/><\/a><figcaption id=\"caption-attachment-3153\" class=\"wp-caption-text\">chiens interdits<\/figcaption><\/figure><\/p>\n<\/details>\n\n\n\n<h2 class=\"wp-block-heading\">L&rsquo;\u00e9ducation<\/h2>\n\n\n\n<details class=\"wp-block-details is-layout-flow wp-block-details-is-layout-flow\"><summary>Lire plus<\/summary>\n<p><\/p>\n\n\n\n<p>Eduquer son chien permet de \u2026<\/p>\n\n\n\n<ul class=\"wp-block-list\">\n<li>conna\u00eetre ses besoins<\/li>\n\n\n\n<li>garantir sa s\u00e9curit\u00e9<\/li>\n\n\n\n<li>l&#8217;emmener partout<\/li>\n\n\n\n<li>cr\u00e9er une relation de confiance<\/li>\n\n\n\n<li>vivre sereinement au quotidien<\/li>\n<\/ul>\n\n\n\n<p><strong>Ecoles\/Cours d\u2019\u00e9ducation Canine en R\u00e9gion de Bruxelles-Capitale<\/strong><\/p>\n\n\n\n<p><a href=\"https:\/\/ceca-since-1983.be\/\" target=\"_blank\" rel=\"noopener\" title=\"\">CECA (Anderlecht)<\/a><\/p>\n\n\n\n<p><a href=\"https:\/\/www.facebook.com\/groups\/clubcaninouragan\/\" target=\"_blank\" rel=\"noopener\" title=\"\">Club Canin Ouragan (Anderlecht)<\/a><\/p>\n\n\n\n<p><a href=\"https:\/\/dressagepicardie.com\/\" target=\"_blank\" rel=\"noopener\" title=\"\">Picardie (Evere)<\/a><\/p>\n\n\n\n<p><a href=\"https:\/\/ckcsj.be\/\" target=\"_blank\" rel=\"noopener\" title=\"\">Club cynologique Saint-Joseph (Melsbroek)<\/a><\/p>\n\n\n\n<p><a href=\"https:\/\/educanis.be\/\" target=\"_blank\" rel=\"noopener\" title=\"\">Educanis (Overijse)<\/a><\/p>\n\n\n\n<p><a href=\"https:\/\/www.clubepc.net\/\" target=\"_blank\" rel=\"noopener\" title=\"\">EPC (Uccle)<\/a><\/p>\n\n\n\n<p><a href=\"https:\/\/www.godog.be\/a-watermael-boitsfort\/\" target=\"_blank\" rel=\"noopener\" title=\"\">Godog (Watermael-Boitsfort)<\/a><\/p>\n\n\n\n<p><a href=\"https:\/\/www.lebonchien.brussels\/\" target=\"_blank\" rel=\"noopener\" title=\"\">Le bon chien (Watermael-Boitsfort)<\/a><\/p>\n\n\n\n<p><a href=\"https:\/\/scaledogs.be\/en\/\" target=\"_blank\" rel=\"noopener\" title=\"\">Scale Dogs (Watermael-Boitsfort)<\/a><\/p>\n\n\n\n<p><a href=\"https:\/\/www.familydogacademy.be\/\" target=\"_blank\" rel=\"noopener\" title=\"\">Family Dog Academy (Woluwe)<\/a><\/p>\n<\/details>\n\n\n\n<h2 class=\"wp-block-heading\">La bonne conduite<\/h2>\n\n\n\n<details class=\"wp-block-details is-layout-flow wp-block-details-is-layout-flow\"><summary>Lire plus<\/summary>\n<p>L\u2019environnement urbain a des sp\u00e9cificit\u00e9s auxquelles les chiens doivent s\u2019habituer.<br>Pour permettre \u00e0 son chien de s\u2019\u00e9panouir, il faut s\u2019y adapter !<\/p>\n\n\n\n<p>Voici quelques r\u00e8gles de bonne conduite \u00e0 suivre:<\/p>\n\n\n\n<p><strong>&#8211; Je l\u2019\u00e9duque pour garantir sa s\u00e9curit\u00e9 et son bien-\u00eatre<br><\/strong>Un chien qui a un bon rappel ou qui connait le stop peut plus facilement \u00e9viter un accident. S\u2019il apprend \u00e0 rester sage, il pourra nous accompagner en terrasse ou dans un restaurant qui autorise la pr\u00e9sence des chiens.<br>En r\u00e9gion de Bruxelles-Capitale, il est possible de participer \u00e0 des cours d\u2019\u00e9ducation canine<\/p>\n\n\n\n<p><strong>&#8211; J\u2019accorde de l\u2019importance \u00e0 sa socialisation<br><\/strong>Rencontrer ses cong\u00e9n\u00e8res est un besoin important pour le chien. Cela lui permettra de communiquer, de jouer, de se d\u00e9penser, \u2026.<\/p>\n\n\n\n<p><strong>&#8211; Je ramasse toujours ses d\u00e9jections<br><\/strong>Pour le respect des autres usagers mais aussi pour le respect de la nature, ramassez toujours les d\u00e9jections de votre chien.<br>Montrons le bon exemple !<\/p>\n\n\n\n<p><strong>&#8211; Je le garde en laisse \u00e0 l\u2019exception des espaces d\u00e9di\u00e9s<br><\/strong>La ville est un concentr\u00e9 de diversit\u00e9, essayons de bien vivre ensemble en consid\u00e9rant tous les autres usagers. Gardons la laisse tout le temps sauf dans les espaces d\u00e9di\u00e9s \u00e0 la libert\u00e9 des canid\u00e9s.<br>Les personnes phobiques, allergiques ou sensibles \u00e0 la tranquillit\u00e9 vous remercient.<\/p>\n\n\n\n<p><strong>&#8211; Je ne le laisse pas aboyer<br><\/strong>Un aboiement peut atteindre 100 d\u00e9cibels, ce qui \u00e9quivaut au passage d\u2019un train, au bruit d\u2019une perceuse ou d\u2019une tondeuse \u00e0 gazon. Faisons attention, particuli\u00e8rement en soir\u00e9e et en p\u00e9riode estivale, \u00e0 ne pas laisser aboyer son chien car l\u2019aboiement est communicatif pour ses cong\u00e9n\u00e8res.<\/p>\n\n\n\n<p><strong>&#8211; Je pr\u00e9serve la tranquillit\u00e9 du public, des cong\u00e9n\u00e8res, de la faune et de la flore<br><\/strong>Un chien qui saute sur les humains avec ses pattes boueuses, un chien qui en emb\u00eate les autres, un chien qui poursuit un animal, un chien qui creuse, \u2026<\/p>\n\n\n\n<p>Toutes ces situations peuvent para\u00eetre banales prises s\u00e9par\u00e9ment, mais nous sommes en ville et la densit\u00e9 d\u2019habitants cr\u00e9e une augmentation des interactions. Les cons\u00e9quences sont impactantes pour les chiens, les humains et les espaces verts car elles sont souvent r\u00e9p\u00e9t\u00e9es ! Soyons attentifs \u00e0 ne pas impacter les autres et \u00e0 pr\u00e9server les coins de natures tellement n\u00e9cessaires \u00e0 notre bien-\u00eatre \u00e0 tous !<\/p>\n\n\n\n<p><strong>Le chien parfait n\u2019existe pas. Apprenons \u00e0 conna\u00eetre ses faiblesses et \u00e0 les anticiper.<\/strong><\/p>\n<\/details>\n","protected":false},"excerpt":{"rendered":"<p>Avoir un chien en milieu urbain n\u2019est pas anodin. Comment \u00e9duquer son chien pour qu\u2019il puisse \u00e9voluer sereinement en ville ? O\u00f9 peut-on le promener [&hellip;] <span class=\"read-more-link\"><a class=\"read-more\" href=\"https:\/\/maisonecohuis.be\/?page_id=4060\">Read More<\/a><\/span><\/p>\n","protected":false},"author":1,"featured_media":0,"parent":0,"menu_order":0,"comment_status":"closed","ping_status":"closed","template":"","meta":{"om_disable_all_campaigns":false,"_monsterinsights_skip_tracking":false,"_monsterinsights_sitenote_active":false,"_monsterinsights_sitenote_note":"","_monsterinsights_sitenote_category":0,"_uf_show_specific_survey":0,"_uf_disable_surveys":false,"footnotes":""},"class_list":["post-4060","page","type-page","status-publish","hentry"],"aioseo_notices":[],"_links":{"self":[{"href":"https:\/\/maisonecohuis.be\/index.php?rest_route=\/wp\/v2\/pages\/4060","targetHints":{"allow":["GET"]}}],"collection":[{"href":"https:\/\/maisonecohuis.be\/index.php?rest_route=\/wp\/v2\/pages"}],"about":[{"href":"https:\/\/maisonecohuis.be\/index.php?rest_route=\/wp\/v2\/types\/page"}],"author":[{"embeddable":true,"href":"https:\/\/maisonecohuis.be\/index.php?rest_route=\/wp\/v2\/users\/1"}],"replies":[{"embeddable":true,"href":"https:\/\/maisonecohuis.be\/index.php?rest_route=%2Fwp%2Fv2%2Fcomments&post=4060"}],"version-history":[{"count":26,"href":"https:\/\/maisonecohuis.be\/index.php?rest_route=\/wp\/v2\/pages\/4060\/revisions"}],"predecessor-version":[{"id":6067,"href":"https:\/\/maisonecohuis.be\/index.php?rest_route=\/wp\/v2\/pages\/4060\/revisions\/6067"}],"wp:attachment":[{"href":"https:\/\/maisonecohuis.be\/index.php?rest_route=%2Fwp%2Fv2%2Fmedia&parent=4060"}],"curies":[{"name":"wp","href":"https:\/\/api.w.org\/{rel}","templated":true}]}}