{"id":4051,"date":"2024-07-24T12:53:17","date_gmt":"2024-07-24T10:53:17","guid":{"rendered":"https:\/\/maisonecohuis.be\/?page_id=4051"},"modified":"2026-01-29T13:19:03","modified_gmt":"2026-01-29T12:19:03","slug":"permanences-biodiversite","status":"publish","type":"page","link":"https:\/\/maisonecohuis.be\/?page_id=4051","title":{"rendered":"Permanences biodiversit\u00e9"},"content":{"rendered":"\n<p>Vous habitez Saint-Gilles et souhaitez mettre en place des am\u00e9nagements b\u00e9n\u00e9fiques \u00e0 la biodiversit\u00e9 ? Vous avez un projet de r\u00e9novation, que vous voulez concilier avec la protection de la vie sauvage ? Vous d\u00e9sirez que votre b\u00e2timent, votre jardin, votre terrasse ou m\u00eame votre balcon offrent g\u00eete et couvert aux oiseaux, papillons et autres insectes ?<\/p>\n\n\n\n<p>Que vous soyez propri\u00e9taire ou locataire, il est possible de rendre votre habitation plus accueillante pour la biodiversit\u00e9 urbaine. De nombreuses solutions existent, parfois fort simples!<\/p>\n\n\n\n<p>Venez \u00e0 la rencontre du Service Climat et Biodiversit\u00e9 : nous vous offrons un accompagnement individualis\u00e9, sur mesure et gratuit.<\/p>\n\n\n\n<p><strong>Infos pratiques :<\/strong><\/p>\n\n\n\n<blockquote class=\"wp-block-quote is-layout-flow wp-block-quote-is-layout-flow\">\n<p>Tous les mercredis apr\u00e8s-midi, de 14h \u00e0 17h<br>Sans rendez-vous<br>\u00c0 la MaisonEcoHuis (rue du Fort, 33 &#8211; 1060 Bruxelles)<\/p>\n<\/blockquote>\n\n\n\n<p>Cet horaire ne vous convient pas? Contactez-nous au 0490 47 64 01 ou \u00e0 l\u2019adresse <a href=\"mailto:maisonecohuis@stgilles.brussels\" target=\"_blank\" rel=\"noopener\" title=\"\">maisonecohuis@stgilles.brussels<\/a> pour fixer un rendez-vous.<\/p>\n\n\n\n<p>Ces permanences seront compl\u00e9t\u00e9es par des visites \u00e0 domicile, selon la pertinence.<\/p>\n\n\n\n<figure class=\"wp-block-image size-large\"><img loading=\"lazy\" decoding=\"async\" width=\"752\" height=\"1024\" src=\"https:\/\/maisonecohuis.be\/wp-content\/uploads\/2024\/07\/Flyer-permanence-biodiversite_PRINT_page-0001-752x1024.jpg\" alt=\"Flyer de la permanence biodiversit\u00e9 du Service Climat et Biodiversit\u00e9 de la commune de Saint-Gilles (Bruxelles).\" class=\"wp-image-4055\" srcset=\"https:\/\/maisonecohuis.be\/wp-content\/uploads\/2024\/07\/Flyer-permanence-biodiversite_PRINT_page-0001-752x1024.jpg 752w, https:\/\/maisonecohuis.be\/wp-content\/uploads\/2024\/07\/Flyer-permanence-biodiversite_PRINT_page-0001-220x300.jpg 220w, https:\/\/maisonecohuis.be\/wp-content\/uploads\/2024\/07\/Flyer-permanence-biodiversite_PRINT_page-0001-768x1046.jpg 768w, https:\/\/maisonecohuis.be\/wp-content\/uploads\/2024\/07\/Flyer-permanence-biodiversite_PRINT_page-0001.jpg 1012w\" sizes=\"auto, (max-width: 752px) 100vw, 752px\" \/><\/figure>\n","protected":false},"excerpt":{"rendered":"<p>Vous habitez Saint-Gilles et souhaitez mettre en place des am\u00e9nagements b\u00e9n\u00e9fiques \u00e0 la biodiversit\u00e9 ? Vous avez un projet de r\u00e9novation, que vous voulez concilier [&hellip;] <span class=\"read-more-link\"><a class=\"read-more\" href=\"https:\/\/maisonecohuis.be\/?page_id=4051\">Read More<\/a><\/span><\/p>\n","protected":false},"author":1,"featured_media":0,"parent":0,"menu_order":0,"comment_status":"closed","ping_status":"closed","template":"","meta":{"om_disable_all_campaigns":false,"_monsterinsights_skip_tracking":false,"_monsterinsights_sitenote_active":false,"_monsterinsights_sitenote_note":"","_monsterinsights_sitenote_category":0,"_uf_show_specific_survey":0,"_uf_disable_surveys":false,"footnotes":""},"class_list":["post-4051","page","type-page","status-publish","hentry"],"aioseo_notices":[],"_links":{"self":[{"href":"https:\/\/maisonecohuis.be\/index.php?rest_route=\/wp\/v2\/pages\/4051","targetHints":{"allow":["GET"]}}],"collection":[{"href":"https:\/\/maisonecohuis.be\/index.php?rest_route=\/wp\/v2\/pages"}],"about":[{"href":"https:\/\/maisonecohuis.be\/index.php?rest_route=\/wp\/v2\/types\/page"}],"author":[{"embeddable":true,"href":"https:\/\/maisonecohuis.be\/index.php?rest_route=\/wp\/v2\/users\/1"}],"replies":[{"embeddable":true,"href":"https:\/\/maisonecohuis.be\/index.php?rest_route=%2Fwp%2Fv2%2Fcomments&post=4051"}],"version-history":[{"count":7,"href":"https:\/\/maisonecohuis.be\/index.php?rest_route=\/wp\/v2\/pages\/4051\/revisions"}],"predecessor-version":[{"id":5415,"href":"https:\/\/maisonecohuis.be\/index.php?rest_route=\/wp\/v2\/pages\/4051\/revisions\/5415"}],"wp:attachment":[{"href":"https:\/\/maisonecohuis.be\/index.php?rest_route=%2Fwp%2Fv2%2Fmedia&parent=4051"}],"curies":[{"name":"wp","href":"https:\/\/api.w.org\/{rel}","templated":true}]}}