{"id":3897,"date":"2024-05-07T17:50:04","date_gmt":"2024-05-07T15:50:04","guid":{"rendered":"https:\/\/maisonecohuis.be\/?page_id=3897"},"modified":"2024-05-07T18:07:00","modified_gmt":"2024-05-07T16:07:00","slug":"appels-a-projets","status":"publish","type":"page","link":"https:\/\/maisonecohuis.be\/?page_id=3897","title":{"rendered":"Appels \u00e0 projets\u00a0"},"content":{"rendered":"\n<p>Des id\u00e9es? Des projets? <\/p>\n\n\n\n<p>Retrouvez ici les diff\u00e9rents appels \u00e0 projets sous subsides publics.<\/p>\n","protected":false},"excerpt":{"rendered":"<p>Des id\u00e9es? Des projets? Retrouvez ici les diff\u00e9rents appels \u00e0 projets sous subsides publics.<\/p>\n","protected":false},"author":1,"featured_media":0,"parent":0,"menu_order":1,"comment_status":"closed","ping_status":"closed","template":"","meta":{"om_disable_all_campaigns":false,"_monsterinsights_skip_tracking":false,"_monsterinsights_sitenote_active":false,"_monsterinsights_sitenote_note":"","_monsterinsights_sitenote_category":0,"_uf_show_specific_survey":0,"_uf_disable_surveys":false,"footnotes":""},"class_list":["post-3897","page","type-page","status-publish","hentry"],"aioseo_notices":[],"_links":{"self":[{"href":"https:\/\/maisonecohuis.be\/index.php?rest_route=\/wp\/v2\/pages\/3897","targetHints":{"allow":["GET"]}}],"collection":[{"href":"https:\/\/maisonecohuis.be\/index.php?rest_route=\/wp\/v2\/pages"}],"about":[{"href":"https:\/\/maisonecohuis.be\/index.php?rest_route=\/wp\/v2\/types\/page"}],"author":[{"embeddable":true,"href":"https:\/\/maisonecohuis.be\/index.php?rest_route=\/wp\/v2\/users\/1"}],"replies":[{"embeddable":true,"href":"https:\/\/maisonecohuis.be\/index.php?rest_route=%2Fwp%2Fv2%2Fcomments&post=3897"}],"version-history":[{"count":3,"href":"https:\/\/maisonecohuis.be\/index.php?rest_route=\/wp\/v2\/pages\/3897\/revisions"}],"predecessor-version":[{"id":3904,"href":"https:\/\/maisonecohuis.be\/index.php?rest_route=\/wp\/v2\/pages\/3897\/revisions\/3904"}],"wp:attachment":[{"href":"https:\/\/maisonecohuis.be\/index.php?rest_route=%2Fwp%2Fv2%2Fmedia&parent=3897"}],"curies":[{"name":"wp","href":"https:\/\/api.w.org\/{rel}","templated":true}]}}