{"id":340,"date":"2018-06-08T15:40:50","date_gmt":"2018-06-08T13:40:50","guid":{"rendered":"http:\/\/maisonecohuis.be\/?page_id=340"},"modified":"2026-02-05T12:43:17","modified_gmt":"2026-02-05T11:43:17","slug":"lokale-agenda-21-actieplan-2016-2018","status":"publish","type":"page","link":"https:\/\/maisonecohuis.be\/?page_id=340&lang=nl","title":{"rendered":"Klimaat"},"content":{"rendered":"\n<p>Raadpleeg voor meer informatie :<\/p>\n\n\n\n<ul class=\"wp-block-list\">\n<li class=\"has-medium-font-size\"><a href=\"https:\/\/www.calameo.com\/read\/00778398460301a5b2708\" target=\"_blank\" rel=\"noopener\" title=\"le Plan Climat \">Het Klimaat Plan <\/a><\/li>\n\n\n\n<li class=\"has-medium-font-size\"><a href=\"https:\/\/www.calameo.com\/read\/007783984392fe9469387\" target=\"_blank\" rel=\"noopener\" title=\"la liste des actions du Plan Climat\">Lijst van acties in het klimaatplan Sint-Gillis 2024<\/a><\/li>\n\n\n\n<li class=\"has-medium-font-size\"><a href=\"https:\/\/www.calameo.com\/read\/00778398451801cb68e1d\" target=\"_blank\" rel=\"noopener\" title=\"L'\u00e9tude de vuln\u00e9rabilit\u00e9 du territoire r\u00e9alis\u00e9e avec le Centre d'\u00c9cologie Urbaine\">Het kwetsbaarheidsonderzoek uitgevoerd in samenwerking met het Centre d&rsquo;\u00c9cologie Urbaine<\/a><\/li>\n<\/ul>\n\n\n\n<h2 class=\"wp-block-heading has-black-color has-text-color has-link-color has-large-font-size wp-elements-b7a06ba0dd1de9dd978811e8ea7bc624\"><strong>Een nieuw klimaatplan voor Sint-Gillis!<\/strong><\/h2>\n\n\n\n<p>De gemeente Sint-Gillis zet zich opnieuw in voor de strijd tegen de klimaatverandering met een nieuw gemeentelijk klimaatplan, goedgekeurd in juni 2024.<\/p>\n\n\n\n<p class=\"has-vivid-green-cyan-color has-text-color has-link-color wp-elements-5bc9be02fb9b7a3676f75d66aedad950\"><strong><em><u>Wat zijn de doelstellingen?<\/u><\/em><\/strong><\/p>\n\n\n\n<p>Dit klimaatplan evolueert ten goede en heeft als oorspronkelijke doelstelling de uitstoot van broeikasgassen tegen 2030 met 40% te verminderen, tegen 2050 koolstofneutraal te zijn en een grondgebied te bevorderen dat bestand is tegen de klimaatverandering. Onlangs hebben de Europese instellingen deze doelstelling echter verhoogd tot 55% tegen 2030 en 90% tegen 2040, een ambitie die Sint-Gillis uiteraard wil waarmaken met de opeenvolgende updates van dit actieplan.<\/p>\n\n\n\n<p>Volgens de laatste gegevens van Leefmilieu Brussel zijn de directe CO2- en indirecte energiegerelateerde emissies van Sint-Gillis sinds 1990 met 39% gedaald.<\/p>\n\n\n\n<figure class=\"wp-block-image aligncenter size-large\"><img loading=\"lazy\" decoding=\"async\" width=\"1024\" height=\"530\" src=\"https:\/\/maisonecohuis.be\/wp-content\/uploads\/2024\/10\/NL-Reduction-CO2-SAint-Gilles-scope-1-et-2-1024x530.jpg\" alt=\"Overzicht van de ontwikkeling van broeikasgassen in Saint-Gilles van 1990 tot 2022.\" class=\"wp-image-4335\" srcset=\"https:\/\/maisonecohuis.be\/wp-content\/uploads\/2024\/10\/NL-Reduction-CO2-SAint-Gilles-scope-1-et-2-1024x530.jpg 1024w, https:\/\/maisonecohuis.be\/wp-content\/uploads\/2024\/10\/NL-Reduction-CO2-SAint-Gilles-scope-1-et-2-300x155.jpg 300w, https:\/\/maisonecohuis.be\/wp-content\/uploads\/2024\/10\/NL-Reduction-CO2-SAint-Gilles-scope-1-et-2-768x398.jpg 768w, https:\/\/maisonecohuis.be\/wp-content\/uploads\/2024\/10\/NL-Reduction-CO2-SAint-Gilles-scope-1-et-2.jpg 1400w\" sizes=\"auto, (max-width: 1024px) 100vw, 1024px\" \/><\/figure>\n\n\n\n<p class=\"has-small-font-size\">NB: Koolstofemissies worden over het algemeen ingedeeld in drie categorie\u00ebn, of &lsquo;scopes&rsquo;, afhankelijk van hun oorsprong. Met de berekeningen die mogelijk zijn dankzij de interne gegevens van Leefmilieu Brussel kunnen momenteel de emissies voor de scopes 1 en 2 (directe emissies en indirecte emissies in verband met energie) worden berekend. Maar ook al geven ze een trend in de emissies, het is in scope 3 dat de meeste emissies voorkomen. Daarom wordt er samen met Leefmilieu Brussel, parallel met de besprekingen over een Environmental Budget Assessment-methode (een aanvullende aanpak voor BKG-inventarissen), gewerkt aan een verfijning van de BKG-inventarissen om scope 3 op te nemen en naar een grotere volledigheid te evolueren.<\/p>\n\n\n\n<p><\/p>\n\n\n\n<p class=\"has-vivid-green-cyan-color has-text-color has-link-color has-large-font-size wp-elements-73e245129d7cc2c6360bc6487e096e20\"><strong><em><u>Een klimaatplan gebaseerd op 7 thema&rsquo;s:<\/u><\/em><\/strong><\/p>\n\n\n\n<p class=\"has-medium-font-size\">1\/ <strong><em><u>Energie en gebouwen<\/u><\/em><\/strong><\/p>\n\n\n\n<p>Energie-effici\u00ebntere gebouwen met koolstofarme energie voor iedereen:&nbsp;Energiegemeenschappen, groepsaankopen, installatie van zonnepanelen, vervanging van verwarmingsketels, renovatie en isolatie van gebouwen, workshops om mensen bewuster te maken van energieverbruik, enz. Overheidsinvesteringen in renovatie van gebouwen en stadsvernieuwing zijn een kans om onze energievoetafdruk te verkleinen, de levenskwaliteit van onze inwoners te verbeteren en milieuongelijkheden in de meest achtergestelde wijken te bestrijden. <\/p>\n\n\n\n<figure class=\"wp-block-image aligncenter size-full\"><img loading=\"lazy\" decoding=\"async\" width=\"348\" height=\"233\" src=\"https:\/\/maisonecohuis.be\/wp-content\/uploads\/2024\/10\/image-7.png\" alt=\"Energie en gebouwen, Klimaatplan van Sint-Gillis (Brussel).\" class=\"wp-image-4336\" srcset=\"https:\/\/maisonecohuis.be\/wp-content\/uploads\/2024\/10\/image-7.png 348w, https:\/\/maisonecohuis.be\/wp-content\/uploads\/2024\/10\/image-7-300x201.png 300w\" sizes=\"auto, (max-width: 348px) 100vw, 348px\" \/><\/figure>\n\n\n\n<p>Bovendien neemt verwarming in de tertiaire en residenti\u00eble sectoren (die het grootste deel van het energieverbruik in de regio voor hun rekening nemen) het grootste deel van het energieverbruik voor hun rekening (71% voor de residenti\u00eble en 62% voor de tertiaire sector), wat duidelijk het potentieel voor emissiereductie door energie- en thermische renovatie van gebouwen aantoont.&nbsp;<\/p>\n\n\n\n<p><\/p>\n\n\n\n<p class=\"has-medium-font-size\">2\/ <strong><em><u>Mobiliteit en luchtkwaliteit<\/u><\/em><\/strong><\/p>\n\n\n\n<p>Een minder vervuilend netwerk met een focus op actieve en collectieve mobiliteit om luchtvervuiling en vervoersgerelateerde emissies te verminderen: eenrichtingsstraten, herinrichting van de openbare ruimte, campagnes om de luchtkwaliteit te monitoren, bevordering van autodelen, elektrificatie van het gemeentelijk wagenpark, enz. <\/p>\n\n\n\n<figure class=\"wp-block-image aligncenter size-full\"><img loading=\"lazy\" decoding=\"async\" width=\"353\" height=\"246\" src=\"https:\/\/maisonecohuis.be\/wp-content\/uploads\/2024\/10\/image-8.png\" alt=\"Mobiliteit en luchtkwaliteit, Klimaatplan van Sint-Gillis (Brussel).\" class=\"wp-image-4337\" srcset=\"https:\/\/maisonecohuis.be\/wp-content\/uploads\/2024\/10\/image-8.png 353w, https:\/\/maisonecohuis.be\/wp-content\/uploads\/2024\/10\/image-8-300x209.png 300w\" sizes=\"auto, (max-width: 353px) 100vw, 353px\" \/><\/figure>\n\n\n\n<p>Verbrandingsmotoren veroorzaken een groot deel van de luchtvervuiling en het Klimaatplan heeft de ambitie om deze vormen van vervoer te vervangen door andere die de volksgezondheid, de uitstoot van broeikasgassen en de levenskwaliteit van de buurtbewoners ten goede komen. Het bevorderen van openbaar vervoer, het ontwikkelen van fietsvoorzieningen en het verminderen van verkeersopstoppingen zijn allemaal manieren om bij te dragen aan deze doelstellingen.<\/p>\n\n\n\n<p><\/p>\n\n\n\n<p class=\"has-medium-font-size\">3\/ <strong><em><u>Duurzaam voedsel<\/u><\/em><\/strong><\/p>\n\n\n\n<p>Voedselkanalen die ecosystemen respecteren en lokale, plantaardige en seizoensproducten promoten: bewustmaking van scholen en bewoners, ondersteuning van het GoodFood-label, bestrijding van voedselverspilling, promotie van biologische en stadslandbouw, enz.<\/p>\n\n\n\n<figure class=\"wp-block-image aligncenter size-full\"><img loading=\"lazy\" decoding=\"async\" width=\"255\" height=\"339\" src=\"https:\/\/maisonecohuis.be\/wp-content\/uploads\/2024\/10\/image-9.png\" alt=\"Duurzaamvoedsel, Klimaatplan van Sint-Gillis (Brussel).\" class=\"wp-image-4338\" srcset=\"https:\/\/maisonecohuis.be\/wp-content\/uploads\/2024\/10\/image-9.png 255w, https:\/\/maisonecohuis.be\/wp-content\/uploads\/2024\/10\/image-9-226x300.png 226w\" sizes=\"auto, (max-width: 255px) 100vw, 255px\" \/><\/figure>\n\n\n\n<p>Wat we eten is een belangrijke factor in het verminderen van de uitstoot van broeikasgassen en milieuschade op het land: vegetarische maaltijden stoten beduidend minder broeikasgassen uit en de bevordering van korte biologische landbouwcircuits is een doeltreffende manier om bodemerosie op grote boerderijen tegen te gaan, het overmatig sproeien dat watervervuiling veroorzaakt, het irrationele gebruik en de opslag van water in megabekkens dat de watercyclus drastisch verstoort en hulpbronnen monopoliseert, en het gebruik van pesticiden die schadelijk zijn voor de menselijke gezondheid. Het Klimaatplan wil alternatieve systemen promoten voor ons huidige landbouwmodel, waarvan de schadelijkheid elke dag meer en meer gedocumenteerd wordt.<\/p>\n\n\n\n<p class=\"has-medium-font-size\">4\/ <strong><em><u>Natuur in de stad<\/u><\/em><\/strong><\/p>\n\n\n\n<p>Betere voorwaarden scheppen voor de biodiversiteit in stedelijke ruimten en koele zones aanmoedigen door meer aandacht te besteden aan planten: beplante gevels en daken, landschapsarchitectuur aan de voet van bomen, installatie van nestkasten en bijenkorven voor wilde bijen, demineralisatiewerkzaamheden, enz.<\/p>\n\n\n\n<figure class=\"wp-block-image aligncenter size-full\"><img loading=\"lazy\" decoding=\"async\" width=\"259\" height=\"343\" src=\"https:\/\/maisonecohuis.be\/wp-content\/uploads\/2024\/10\/image-10.png\" alt=\"Natuur in de stad, Klimaatplan van Sint-Gillis (Brussel).\" class=\"wp-image-4339\" srcset=\"https:\/\/maisonecohuis.be\/wp-content\/uploads\/2024\/10\/image-10.png 259w, https:\/\/maisonecohuis.be\/wp-content\/uploads\/2024\/10\/image-10-227x300.png 227w\" sizes=\"auto, (max-width: 259px) 100vw, 259px\" \/><\/figure>\n\n\n\n<p>Het systematisch opnemen van boombeplanting, kleinschalige vegetatie of grasbedekking in stedelijke herontwikkelingsprojecten heeft meer te maken met het bestrijden van stedelijke hitte-eilanden dan met het vastleggen van koolstof. Dit is een grote uitdaging als we een leefbare stad willen cre\u00ebren voor de tweede helft van de 21e eeuw. Een andere niet onbelangrijke factor is dat deze ontwikkelingen nieuwe habitats bieden voor biodiversiteit en het vooruitzicht bieden van ecologische corridors in de stedelijke omgeving.<\/p>\n\n\n\n<p><\/p>\n\n\n\n<p class=\"has-medium-font-size\">5\/ <strong><em><u>Beheer van afval<\/u><\/em><\/strong><\/p>\n\n\n\n<p>Schade aan het milieu voorkomen, materiaalstromen hercirculeren via korte ketens, hergebruik, reparatie, recycling en upcycling aan te moedigen: selectief sorteren, composteren, bewustmakingsworkshops, enz. Herwaarderen, hergebruiken of upcyclen helpt om CO2-uitstoot te voorkomen doordat het niet nodig is om een vervangend artikel te produceren voor het gerepareerde artikel. Je fietswiel, waterkoker of radio herstellen in een RepairCaf\u00e9 betekent dat je geen nieuwe hoeft te produceren!<\/p>\n\n\n\n<figure class=\"wp-block-image aligncenter size-full\"><img loading=\"lazy\" decoding=\"async\" width=\"366\" height=\"275\" src=\"https:\/\/maisonecohuis.be\/wp-content\/uploads\/2024\/10\/image-11.png\" alt=\"Beheer van afval, Klimaatplan van Sint-Gillis (Brussel).\" class=\"wp-image-4340\" srcset=\"https:\/\/maisonecohuis.be\/wp-content\/uploads\/2024\/10\/image-11.png 366w, https:\/\/maisonecohuis.be\/wp-content\/uploads\/2024\/10\/image-11-300x225.png 300w\" sizes=\"auto, (max-width: 366px) 100vw, 366px\" \/><\/figure>\n\n\n\n<p>Het Klimaatplan wil deze recyclagekanalen promoten om deze bronnen van CO2-uitstoot zoveel mogelijk te beperken. In dezelfde geest wil het Klimaatplan herbruikbare borden en bekers op foodmarkten, mobiele donatie- en afvalverzamelcentra en de vermindering van het gebruik van plastic zakken in winkels promoten.<\/p>\n\n\n\n<p class=\"has-medium-font-size\">6\/ <strong><em><u>Waterbeheer<\/u><\/em><\/strong><\/p>\n\n\n\n<p>Zorgen voor risicopreventie in de gebieden die het meest zijn blootgesteld aan overstromingen, de stedelijke ruimten opfrissen en nieuwe toevluchtsoorden bieden voor de biodiversiteit: netwerken van regenputten, fonteinen, de aanleg van sloten, enz.<\/p>\n\n\n\n<figure class=\"wp-block-image aligncenter size-full\"><img loading=\"lazy\" decoding=\"async\" width=\"273\" height=\"362\" src=\"https:\/\/maisonecohuis.be\/wp-content\/uploads\/2024\/10\/image-12.png\" alt=\"Waterbeheer, Klimaatplan van Sint-Gillis (Brussel).\" class=\"wp-image-4341\" srcset=\"https:\/\/maisonecohuis.be\/wp-content\/uploads\/2024\/10\/image-12.png 273w, https:\/\/maisonecohuis.be\/wp-content\/uploads\/2024\/10\/image-12-226x300.png 226w\" sizes=\"auto, (max-width: 273px) 100vw, 273px\" \/><\/figure>\n\n\n\n<p>Met meer aandacht voor de aanpassing van de regio aan de toekomstige klimaatomstandigheden wil dit deel van het Klimaatplan vooral het water zoveel mogelijk zijn vrijheid teruggeven, zijn aanwezigheid in de stedelijke ruimte ontwikkelen om koele eilanden aan te moedigen en het beschikbaar te maken voor de biodiversiteit.<\/p>\n\n\n\n<p class=\"has-medium-font-size\">7\/ <strong><em><u>Bestuur<\/u><\/em><\/strong><\/p>\n\n\n\n<p>Ontkokering van het gemeentelijk klimaatbeleid door nieuwe fora voor overleg en co-constructie voor te stellen: burgerraadplegingen online en in scholen, oprichting van collectief voor klimaatkwesties, transparante opvolging van de beleidsvoortgang via online aankondigingen.<\/p>\n\n\n\n<figure class=\"wp-block-image aligncenter size-full\"><img loading=\"lazy\" decoding=\"async\" width=\"260\" height=\"347\" src=\"https:\/\/maisonecohuis.be\/wp-content\/uploads\/2024\/10\/image-13.png\" alt=\"Bestuur, Klimaatplan van Sint-Gillis (Brussel).\" class=\"wp-image-4342\" srcset=\"https:\/\/maisonecohuis.be\/wp-content\/uploads\/2024\/10\/image-13.png 260w, https:\/\/maisonecohuis.be\/wp-content\/uploads\/2024\/10\/image-13-225x300.png 225w\" sizes=\"auto, (max-width: 260px) 100vw, 260px\" \/><\/figure>\n\n\n\n<p>Het doel van dit onderdeel van het Klimaatplan is om constructieve kritiek mogelijk te maken en een zo participatief mogelijke democratie te bevorderen op het gebied van lokaal klimaatbeleid. Er is heel wat expertise van burgers, en die moet gehoord worden voor wat ze bijbrengt op het vlak van wetenschappelijke technieken en analyse van de kwetsbaarheden op het grondgebied. Net als bij het participatief in kaart brengen van het grondgebied met de plaatselijke bewoners, helpt deze inbreng ons om te begrijpen hoe zij het grondgebied zien en om de prioriteiten van de uit te voeren acties te bepalen.<\/p>\n\n\n\n<p><\/p>\n\n\n\n<p class=\"has-vivid-green-cyan-color has-text-color has-link-color has-large-font-size wp-elements-4a26a9e4774f1a38796c746b84d588fe\"><strong><em><u>Een klimaatplan in samenwerking met burgers en lokale en gewestelijke diensten<\/u><\/em><\/strong> : <\/p>\n\n\n\n<p>Burgerparticipatiecampagnes:<\/p>\n\n\n\n<ul class=\"wp-block-list\">\n<li>CitizenLab: online enqu\u00eate en integratie van idee\u00ebn van burgers in het Klimaatplan.<\/li>\n<\/ul>\n\n\n\n<ul class=\"wp-block-list\">\n<li>Conseil des Acteurs Cl\u00e9s pour le Climat de Saint-Gilles &#8211; CACC (Raad van Sleutelfiguren voor het Klimaat van Sint-Gillis): oprichting van een groep van actoren uit Sint-Gillis gewijd aan klimaatkwesties en kritische analyse van het Klimaatplan.<\/li>\n<\/ul>\n\n\n\n<ul class=\"wp-block-list\">\n<li>KinderKlimaatRaad: aanbevelingen van kinderen tijdens sensibiliseringssessies.<\/li>\n<\/ul>\n\n\n\n<p>Maar ook : <\/p>\n\n\n\n<ul class=\"wp-block-list\">\n<li>Een studie over de kwetsbaarheid van het gebied, uitgevoerd in samenwerking met het Centre d&rsquo;\u00c9cologie Urbaine, waarin de milieuongelijkheden in Sint-Gillis worden benadrukt: Door hun stedelijke structuur (gebrek aan groen of toegang tot openbare parken, hoge blootstelling aan het wegverkeer, nabijheid van waterlopen, hoge mineralisatie en bevolkingsdichtheid, &#8230;) of sociale samenstelling (lagere inkomens, hoge werkloosheidsgraad, hoger percentage bijstandsgerechtigden, &#8230;) concentreren bepaalde wijken in Sint-Gillis het grootste deel van de klimaatrisico&rsquo;s die moeten worden aangepakt om de klimaatverandering tegen te gaan en ecologische rechtvaardigheid te bevorderen. Deze sociale dimensie van het Klimaatplan wordt actief verdedigd door voorrang te geven aan de gebieden met het grootste risico.<\/li>\n<\/ul>\n\n\n\n<ul class=\"wp-block-list\">\n<li>De deskundigheid van alle gemeentelijke afdelingen: voor het opstellen van het Klimaatplan brengen de afdelingen hun respectieve deskundigheid in, die binnen het Klimaatplan wordt gebundeld. Dankzij de interdisciplinaire aanpak (bruggen slaan tussen de verschillende gemeentelijke actieterreinen om meer samenhang en effici\u00ebntie te garanderen) die wordt toegepast, kunnen gemeentelijke projecten worden uitgewerkt.<\/li>\n<\/ul>\n\n\n\n<p><\/p>\n\n\n\n<p class=\"has-vivid-green-cyan-color has-text-color has-link-color has-large-font-size wp-elements-85aa23ab94963b05826a7156d0fad36a\"><strong><em><u>Matiging en aanpassing :<\/u><\/em><\/strong><\/p>\n\n\n\n<p>De acties van het klimaatplan kunnen worden bekeken vanuit het standpunt van twee sleutelconcepten die essentieel zijn voor de succesvolle uitvoering van klimaatbeleid:<\/p>\n\n\n\n<p><strong><u>Acties om de opwarming van de aarde te matigen:<\/u><\/strong><\/p>\n\n\n\n<ul class=\"wp-block-list\">\n<li>Deze zijn gericht op het verminderen van de uitstoot van broeikasgassen om de omvang van de huidige en toekomstige opwarming van de aarde te beperken.<\/li>\n<\/ul>\n\n\n\n<p>Hier volgen enkele voorbeelden:<\/p>\n\n\n\n<ul class=\"wp-block-list\">\n<li>Het verbeteren van de isolatie van huizen om het energieverbruik en dus de koolstofuitstoot in verband met energiegebruik te verminderen;<ul><li>Het aanmoedigen van actieve vervoersmiddelen, zoals de Vollenbike, elektrische auto&rsquo;s door het installeren van oplaadpunten, en verstandig verkeersmanagement, zoals in de Parvi(S)-wijk of de herinrichting van de Parklaan;<\/li><\/ul><ul><li>Het verplaatsen van de energieproductie door het installeren van zonnepanelen, zoals in het geval van de energiegemeenschappen die in de gemeente zijn opgericht of de concessies voor het installeren van zonnepanelen op openbare gebouwen;<\/li><\/ul>\n<ul class=\"wp-block-list\">\n<li>Vegetarische maaltijden opnemen in de schoolkantinemenu&rsquo;s en het bewustzijn over de koolstofimpact van ons voedsel (in het bijzonder de consumptie van rood vlees) verhogen.<\/li>\n<\/ul>\n<\/li>\n<\/ul>\n\n\n\n<p><strong><u>Acties voor aanpassing aan de opwarming van de aarde:<\/u><\/strong><\/p>\n\n\n\n<ul class=\"wp-block-list\">\n<li>Het doel is om de gemeente zo vorm te geven dat deze veerkrachtiger, levensvatbaarder en aangenamer wordt met het oog op de onvermijdelijke veranderingen die al gaande zijn of nog moeten komen.<\/li>\n<\/ul>\n\n\n\n<p>Hier volgen enkele voorbeelden:<\/p>\n\n\n\n<ul class=\"wp-block-list\">\n<li>Vergroening van openbare ruimten en schoolterreinen om de effecten van stedelijke hitte-eilanden tegen te gaan,<\/li>\n\n\n\n<li>Demineralisatie om de infiltratie van regenwater bij hevige regenval te verbeteren,<\/li>\n\n\n\n<li>Installatie van waterfonteinen voor zomercomfort en toegang tot deze bron voor iedereen,<\/li>\n\n\n\n<li>Het isoleren van gebouwen om het thermisch comfort in de zomer te verbeteren.<\/li>\n<\/ul>\n\n\n\n<p>Via de vele acties die in het Klimaatplan zijn opgenomen (meer dan honderd), wil de gemeente haar inspanningen op dit gebied voortzetten en het gewest ondersteunen bij de vermindering van de uitstoot van broeikasgassen en de aanpassing aan toekomstige klimaatomstandigheden. Tot slot wil het Klimaatplan van Sint-Gillis, door de nadruk te leggen op de noodzaak om milieuongelijkheden te verminderen, ook sociale en ecologische, menselijke en niet-menselijke benaderingen met elkaar verzoenen.<\/p>\n\n\n\n<p><\/p>\n\n\n<p>Maar ook :<\/p>\n<ul>\n<li>De door Sint-Gillis genomen maatregelen en de evolutie ervan kun je volgen op\u00a0<a href=\"http:\/\/stgilles.futureproofed.com\/\" target=\"_blank\" rel=\"noopener\">Stgilles.futureproofed.com<\/a> ((update gepland voor najaar 2024)<\/li>\n<\/ul>\n<ul>\n<li>Om de prioritaire acties te bepalen, is een goede kennis van het grondgebied noodzakelijk. Daarom wordt er een studie uitgevoerd naar de risico\u2019s en kwetsbaarheden van het gemeentelijk grondgebied.<\/li>\n<li>Het platform Citizenlab :\u00a0<a href=\"http:\/\/maisonecohuis.be\/wp-content\/uploads\/2022\/07\/NL-Citizenlab.pdf\" target=\"_blank\" rel=\"noopener\">lees onze artikel<\/a>.<\/li>\n<li>In 2022 hebben 4 Nederlandstalige basisscholen deelgenomen aan de KlimaatKinderRaad. Vertegenwoordigers van leerlingen van het 5de jaar kregen informatie over de belangrijkste klimaatuitdagingen.\u00a0<a href=\"http:\/\/maisonecohuis.be\/wp-content\/uploads\/2022\/07\/KinderJKlimaatRaad-lien-NL_compressed.pdf\" target=\"_blank\" rel=\"noopener\">Zij stelden een lijst van mogelijke acties op<\/a><\/li>\n<li>Wil je meer te weten komen over klimaatverandering? Wil je in groep brainstormen over oplossingen? Neem dan deel aan een klimaatfresco: het MaisonEcoHuis organiseert regelmatig workshops. Dien gerust ook aanvragen in om animaties rond klimaatfresco\u2019s te organiseren. Info:\u00a0<a href=\"http:\/\/maisonecohuis@stgilles.brussels\/\" target=\"_blank\" rel=\"noopener\">maisonecohuis@stgillis.brussels<\/a><\/li>\n<li>Om bedrijven, verenigingen, handelszaken, enz. bij het klimaatplan te betrekken, is in 2023 en 2024 een Raad van Sleutelfiguren voor het Klimaat verschillende keren bijeengekomen. Als jij en je organisatie lid willen worden, neem dan contact met ons op!<\/li>\n<\/ul>\n<p><strong>Enkele bronnen<\/strong>\u00a0om je verder te informeren:<\/p>\n<ul>\n<li><a href=\"https:\/\/leefmilieu.brussels\/burgers\/documentatie-en-tools\/leefmilieu-stand-van-zaken\/klimaat-stand-van-zaken\" target=\"_blank\" rel=\"noopener\">Klimaat : stand van zaken<\/a><\/li>\n<li><a href=\"https:\/\/www.youtube.com\/watch?v=T4LVXCCmIKA\" target=\"_blank\" rel=\"noopener\">Comprendre le re\u0301chauffement climatique en 4 minutes \u2013 Le Monde<\/a><\/li>\n<li><a href=\"https:\/\/www.youtube.com\/watch?v=-bE9iZBkff8\" target=\"_blank\" rel=\"noopener\">28 Minutes d\u2019Arte\u00a0: Climat : le d\u00e9r\u00e8glement a-t-il d\u00e9j\u00e0 commenc\u00e9 ?<\/a><\/li>\n<li><a href=\"https:\/\/www.youtube.com\/watch?v=zBSINdM_Ixc\" target=\"_blank\" rel=\"noopener\">Le Dessous des cartes d\u2019Arte \u2013 Climat : le d\u00e9r\u00e8glement c\u2019est maintenant !<\/a><\/li>\n<li><a href=\"https:\/\/www.youtube.com\/watch?v=iCDYAunYQFA\" target=\"_blank\" rel=\"noopener\">Comment limiter le r\u00e9chauffement climatique \u00e0 1,5\u00b0C \u2013 Brut<\/a><\/li>\n<\/ul>","protected":false},"excerpt":{"rendered":"<p>Raadpleeg voor meer informatie : Een nieuw klimaatplan voor Sint-Gillis! De gemeente Sint-Gillis zet zich opnieuw in voor de strijd tegen de klimaatverandering met een [&hellip;] <span class=\"read-more-link\"><a class=\"read-more\" href=\"https:\/\/maisonecohuis.be\/?page_id=340&#038;lang=nl\">Read More<\/a><\/span><\/p>\n","protected":false},"author":1,"featured_media":2424,"parent":0,"menu_order":0,"comment_status":"closed","ping_status":"closed","template":"","meta":{"om_disable_all_campaigns":false,"_monsterinsights_skip_tracking":false,"_monsterinsights_sitenote_active":false,"_monsterinsights_sitenote_note":"","_monsterinsights_sitenote_category":0,"_uf_show_specific_survey":0,"_uf_disable_surveys":false,"footnotes":""},"class_list":["post-340","page","type-page","status-publish","has-post-thumbnail","hentry"],"aioseo_notices":[],"_links":{"self":[{"href":"https:\/\/maisonecohuis.be\/index.php?rest_route=\/wp\/v2\/pages\/340","targetHints":{"allow":["GET"]}}],"collection":[{"href":"https:\/\/maisonecohuis.be\/index.php?rest_route=\/wp\/v2\/pages"}],"about":[{"href":"https:\/\/maisonecohuis.be\/index.php?rest_route=\/wp\/v2\/types\/page"}],"author":[{"embeddable":true,"href":"https:\/\/maisonecohuis.be\/index.php?rest_route=\/wp\/v2\/users\/1"}],"replies":[{"embeddable":true,"href":"https:\/\/maisonecohuis.be\/index.php?rest_route=%2Fwp%2Fv2%2Fcomments&post=340"}],"version-history":[{"count":18,"href":"https:\/\/maisonecohuis.be\/index.php?rest_route=\/wp\/v2\/pages\/340\/revisions"}],"predecessor-version":[{"id":5614,"href":"https:\/\/maisonecohuis.be\/index.php?rest_route=\/wp\/v2\/pages\/340\/revisions\/5614"}],"wp:featuredmedia":[{"embeddable":true,"href":"https:\/\/maisonecohuis.be\/index.php?rest_route=\/wp\/v2\/media\/2424"}],"wp:attachment":[{"href":"https:\/\/maisonecohuis.be\/index.php?rest_route=%2Fwp%2Fv2%2Fmedia&parent=340"}],"curies":[{"name":"wp","href":"https:\/\/api.w.org\/{rel}","templated":true}]}}