{"id":330,"date":"2018-06-08T15:32:40","date_gmt":"2018-06-08T13:32:40","guid":{"rendered":"http:\/\/maisonecohuis.be\/?page_id=330"},"modified":"2025-02-04T14:32:38","modified_gmt":"2025-02-04T13:32:38","slug":"commune-du-commerce-equitable","status":"publish","type":"page","link":"https:\/\/maisonecohuis.be\/?page_id=330","title":{"rendered":"Commune du Commerce Equitable"},"content":{"rendered":"<p>Le commerce \u00e9quitable est un exemple parfait du <strong>D\u00e9veloppement Durable<\/strong> et de ses \u00ab 3 piliers\u00a0\u00bb\u00a0: <strong>\u00e9conomique<\/strong>\u00a0(d\u00e9veloppement de projets \u00e0 vocation commerciale dans le Sud, prix minimum garanti pour les producteurs, prime du commerce \u00e9quitable, pr\u00e9paiement des r\u00e9coltes, contrats dans la dur\u00e9e,\u2026), <strong>social<\/strong>\u00a0(interdiction du travail des enfants et du travail forc\u00e9, libert\u00e9 syndicale, respect des normes de l\u2019OIT, \u00e9galit\u00e9 de genre,\u2026) et <strong>environnemental<\/strong>\u00a0 (interdiction des OGM et d\u2019une centaine de pesticides, respect de la terre, des ressources naturelles et de la biodiversit\u00e9,\u2026.\u00a0)<\/p>\n<p><img loading=\"lazy\" decoding=\"async\" class=\"size-large wp-image-428\" src=\"http:\/\/maisonecohuis.be\/wp-content\/uploads\/2018\/07\/speech-bubbles-1024x686.jpg\" alt=\"\" width=\"1024\" height=\"686\" srcset=\"https:\/\/maisonecohuis.be\/wp-content\/uploads\/2018\/07\/speech-bubbles.jpg 1024w, https:\/\/maisonecohuis.be\/wp-content\/uploads\/2018\/07\/speech-bubbles-300x201.jpg 300w, https:\/\/maisonecohuis.be\/wp-content\/uploads\/2018\/07\/speech-bubbles-768x515.jpg 768w\" sizes=\"auto, (max-width: 1024px) 100vw, 1024px\" \/><\/p>\n<p>Saint-Gilles est \u201cCommune du commerce \u00e9quitable\u201d\u00a0depuis f\u00e9vrier 2017.<\/p>\n<p>Ce titre honorifique, d\u00e9cern\u00e9 par une plateforme d\u2019organisations (Oxfam-Magasins du Monde, Miel Maya et Fairtrade Belgium, avec le soutien de la Direction g\u00e9n\u00e9rale de la Coop\u00e9ration au D\u00e9veloppement) atteste des efforts de la commune pour soutenir le d\u00e9veloppement d\u2019un commerce plus \u00ab\u00a0humain\u00a0\u00bb.<\/p>\n<p>La sensibilisation des acteurs locaux et l\u2019int\u00e9gration de la th\u00e9matique \u00ab fairtrade \u00bb au sein des communes est un levier pour g\u00e9n\u00e9rer un changement de comportement des acteurs et consommateurs locaux. La commune a une certaine force d\u2019action, mais peut compter aussi sur un groupe de citoyens et de commer\u00e7ants tr\u00e8s <a href=\"https:\/\/www.cdce.be\/borough\/saint-gilles\/\">engag\u00e9s sur son territoire<\/a>.<\/p>\n<p>Le titre est un moyen d\u2019action pour mobiliser et motiver plus encore.<\/p>\n<p>En janvier 2025 le Coll\u00e8ge a r\u00e9affirm\u00e9 son engagement et sa volont\u00e9 de pr\u00e9server ce titre, qui est par ailleurs l&rsquo;une des actions du plan climat communal, sous l&rsquo;objectif \u00ab\u00a0d\u00e9velopper un mod\u00e8le d&rsquo;alimentation durable sur le territoire\u00a0\u00bb.<\/p>\n<p>Le titre n&rsquo;est pas une fin en soi. Si vous \u00eates acteur d\u2019initiatives en termes de commerce \u00e9quitable, si vous avez des id\u00e9es, des suggestions, ou des questions, n\u2019h\u00e9sitez pas \u00e0 nous contacter : <a href=\"mailto:maisonecohuis@stgilles.brussels\" target=\"_blank\" rel=\"noopener\">maisonecohuis@stgilles.brussels<\/a><\/p>\n<p><img loading=\"lazy\" decoding=\"async\" class=\"alignnone size-large wp-image-429\" src=\"http:\/\/maisonecohuis.be\/wp-content\/uploads\/2018\/07\/CDCE1-1024x576.jpg\" alt=\"\" width=\"1024\" height=\"576\" srcset=\"https:\/\/maisonecohuis.be\/wp-content\/uploads\/2018\/07\/CDCE1.jpg 1024w, https:\/\/maisonecohuis.be\/wp-content\/uploads\/2018\/07\/CDCE1-300x169.jpg 300w, https:\/\/maisonecohuis.be\/wp-content\/uploads\/2018\/07\/CDCE1-768x432.jpg 768w\" sizes=\"auto, (max-width: 1024px) 100vw, 1024px\" \/><\/p>\n","protected":false},"excerpt":{"rendered":"<p>Le commerce \u00e9quitable est un exemple parfait du D\u00e9veloppement Durable et de ses \u00ab 3 piliers\u00a0\u00bb\u00a0: \u00e9conomique\u00a0(d\u00e9veloppement de projets \u00e0 vocation commerciale dans le Sud, [&hellip;] <span class=\"read-more-link\"><a class=\"read-more\" href=\"https:\/\/maisonecohuis.be\/?page_id=330\">Read More<\/a><\/span><\/p>\n","protected":false},"author":1,"featured_media":431,"parent":0,"menu_order":0,"comment_status":"closed","ping_status":"closed","template":"","meta":{"om_disable_all_campaigns":false,"_monsterinsights_skip_tracking":false,"_monsterinsights_sitenote_active":false,"_monsterinsights_sitenote_note":"","_monsterinsights_sitenote_category":0,"_uf_show_specific_survey":0,"_uf_disable_surveys":false,"footnotes":""},"class_list":["post-330","page","type-page","status-publish","has-post-thumbnail","hentry"],"aioseo_notices":[],"_links":{"self":[{"href":"https:\/\/maisonecohuis.be\/index.php?rest_route=\/wp\/v2\/pages\/330","targetHints":{"allow":["GET"]}}],"collection":[{"href":"https:\/\/maisonecohuis.be\/index.php?rest_route=\/wp\/v2\/pages"}],"about":[{"href":"https:\/\/maisonecohuis.be\/index.php?rest_route=\/wp\/v2\/types\/page"}],"author":[{"embeddable":true,"href":"https:\/\/maisonecohuis.be\/index.php?rest_route=\/wp\/v2\/users\/1"}],"replies":[{"embeddable":true,"href":"https:\/\/maisonecohuis.be\/index.php?rest_route=%2Fwp%2Fv2%2Fcomments&post=330"}],"version-history":[{"count":6,"href":"https:\/\/maisonecohuis.be\/index.php?rest_route=\/wp\/v2\/pages\/330\/revisions"}],"predecessor-version":[{"id":4569,"href":"https:\/\/maisonecohuis.be\/index.php?rest_route=\/wp\/v2\/pages\/330\/revisions\/4569"}],"wp:featuredmedia":[{"embeddable":true,"href":"https:\/\/maisonecohuis.be\/index.php?rest_route=\/wp\/v2\/media\/431"}],"wp:attachment":[{"href":"https:\/\/maisonecohuis.be\/index.php?rest_route=%2Fwp%2Fv2%2Fmedia&parent=330"}],"curies":[{"name":"wp","href":"https:\/\/api.w.org\/{rel}","templated":true}]}}