{"id":326,"date":"2018-06-08T15:30:41","date_gmt":"2018-06-08T13:30:41","guid":{"rendered":"http:\/\/maisonecohuis.be\/?page_id=326"},"modified":"2026-02-18T10:59:19","modified_gmt":"2026-02-18T09:59:19","slug":"le-retour-des-moineaux-et-des-martinets-a-saint-gilles","status":"publish","type":"page","link":"https:\/\/maisonecohuis.be\/?page_id=326","title":{"rendered":"Le Groupe Moineaux 1060"},"content":{"rendered":"\n<figure class=\"wp-block-image size-full\"><img loading=\"lazy\" decoding=\"async\" width=\"640\" height=\"426\" src=\"http:\/\/maisonecohuis.be\/wp-content\/uploads\/2020\/10\/LOGO-H-MOINEAUX.png\" alt=\"Logo du Groupe Moineaux de Saint-Gilles.\" class=\"wp-image-1115\" srcset=\"https:\/\/maisonecohuis.be\/wp-content\/uploads\/2020\/10\/LOGO-H-MOINEAUX.png 640w, https:\/\/maisonecohuis.be\/wp-content\/uploads\/2020\/10\/LOGO-H-MOINEAUX-300x200.png 300w\" sizes=\"auto, (max-width: 640px) 100vw, 640px\" \/><\/figure>\n\n\n\n<h4 class=\"wp-block-heading\"><strong><em>les moineaux domestiques<\/em><\/strong><\/h4>\n\n\n\n<p>La pr\u00e9sence de moineaux, autrefois nombreux en milieu urbain, d\u00e9cline de mani\u00e8re significative dans de nombreuses villes, notamment \u00e0 Bruxelles (-95% en 30 ans). A Saint-Gilles, un projet a vu le jour pour favoriser leur retour.<\/p>\n\n\n\n<p><strong>D\u00e9but 2016<\/strong>, un groupe d\u2019habitant\u00b7e\u00b7s Saint-Gillois\u00b7e\u00b7s a \u00e9t\u00e9 constitu\u00e9, en collaboration avec la MaisonEcoHuis et l\u2019association de quartier Morichar-en-Transition. Ce groupe a entrepris des d\u00e9marches concr\u00e8tes (recensement des colonies, stands, conf\u00e9rences, &#8230;) qui se poursuit d&rsquo;ann\u00e9e en ann\u00e9e. Le groupe \u00ab Amis des moineaux de Saint-Gilles&nbsp;\u00bb (devenu Groupe Moineaux 1060) propose des actions s\u2019adressant \u00e0 diff\u00e9rents publics cibles (citoyens, habitants, \u00e9coles, architectes,&#8230;), ces actions favoriseront l\u2019expansion des colonies de moineaux et leur retour dans les lieux qu\u2019ils ont d\u00e9sert\u00e9s.<\/p>\n\n\n\n<figure class=\"wp-block-embed is-type-video is-provider-youtube wp-block-embed-youtube wp-embed-aspect-16-9 wp-has-aspect-ratio\"><div class=\"wp-block-embed__wrapper\">\n<iframe loading=\"lazy\" title=\"[ DOCU ] Devenez membre d\u2019un groupe moineau\" width=\"1160\" height=\"653\" src=\"https:\/\/www.youtube.com\/embed\/ThItHJVYOQc?feature=oembed\" frameborder=\"0\" allow=\"accelerometer; autoplay; clipboard-write; encrypted-media; gyroscope; picture-in-picture; web-share\" referrerpolicy=\"strict-origin-when-cross-origin\" allowfullscreen><\/iframe>\n<\/div><\/figure>\n\n\n\n<p><\/p>\n\n\n\n<p><strong>En 2021<\/strong>, les actions continuent et semblent porter leurs fruits : plusieurs moineaux sont vus sur la place Morichar l\u00e0 o\u00f9 tout a commenc\u00e9 4 ans plus t\u00f4t. De nombreux groupes se sont cr\u00e9\u00e9s \u00e0 Bruxelles (Schaerbeek, Forest, &#8230;).<\/p>\n\n\n\n<p><strong>En 2022<\/strong>, l&rsquo;asbl <a href=\"https:\/\/moineaux-biodiversite.be\/\" target=\"_blank\" rel=\"noreferrer noopener\">Moineaux et Biodiversit\u00e9<\/a> voit le jour, elle a pour but de coordonner la dynamique des Groupes Moineaux Citoyens.<\/p>\n\n\n\n<div style=\"height:20px\" aria-hidden=\"true\" class=\"wp-block-spacer\"><\/div>\n\n\n\n<h4 class=\"wp-block-heading\"><strong><em>Nos actions :<\/em><\/strong><\/h4>\n\n\n\n<ul class=\"wp-block-list\">\n<li>Proposer le kit moineaux (constitu\u00e9 d&rsquo;un nichoir, d&rsquo;une mangeoire, de graines et de ver de farine, ainsi que du cahier des moineaux) aux saint-gillois\u00b7e\u00b7s qui recensent des moineaux chez eux (le kit est gratuit) &#8211; <em>stock \u00e9puis\u00e9 !<\/em><\/li>\n\n\n\n<li>Donner des conseils sur comment am\u00e9nager son jardin, sa fa\u00e7ade pour les moineaux.<\/li>\n\n\n\n<li>Suivre les am\u00e9nagements de places, de chantiers afin de donner les recommandations pour favoriser le retour des moineaux (Parc Pierre Paulus par exemple).<\/li>\n\n\n\n<li>Recenser les moineaux et leurs sites de nidification.<\/li>\n\n\n\n<li>Cr\u00e9er des supports de communication et de sensibilisation.<\/li>\n<\/ul>\n\n\n\n<div style=\"height:20px\" aria-hidden=\"true\" class=\"wp-block-spacer\"><\/div>\n\n\n\n<h4 class=\"wp-block-heading\"><strong><em>Envie d&rsquo;agir ?<\/em><\/strong><\/h4>\n\n\n\n<p>Envie d&rsquo;agir pour la protection des moineaux (sur le terrain, sur un stand, lors d&rsquo;une r\u00e9novation de fa\u00e7ade, pour recenser, etc) ? On en discute, on trouve ensemble selon vos disponibilit\u00e9s et votre sensibilit\u00e9 comment agir : <a href=\"mailto:moineaux1060@gmail.com\">moineaux1060@gmail.com<\/a>.<\/p>\n\n\n\n<div style=\"height:20px\" aria-hidden=\"true\" class=\"wp-block-spacer\"><\/div>\n\n\n\n<h4 class=\"wp-block-heading\"><strong><em>Le cahier des moineaux<\/em><\/strong> <\/h4>\n\n\n\n<p>D\u00e9velopp\u00e9 par le Groupe Moineaux, ce cahier pr\u00e9sente le moineau, les diff\u00e9rents besoins de l&rsquo;esp\u00e8ce en ville ainsi que comment l&rsquo;aider concr\u00e8tement.<\/p>\n\n\n\n<figure class=\"wp-block-image aligncenter size-medium is-style-default\"><a href=\"https:\/\/maisonecohuis.be\/wp-content\/uploads\/2021\/10\/Cahier-moineaux-UL-web.pdf\" target=\"_blank\" rel=\" noreferrer noopener\"><img loading=\"lazy\" decoding=\"async\" width=\"212\" height=\"300\" src=\"https:\/\/maisonecohuis.be\/wp-content\/uploads\/2020\/11\/Couverture-moineaux-212x300.jpg\" alt=\"Cahier des moineaux, l'outil par excellence quand on souhaite d\u00e9couvrir le moineau et comment le prot\u00e9ger, d\u00e9velopp\u00e9 par le Groupe Moineaux de Saint-Gilles.\" class=\"wp-image-1232\" srcset=\"https:\/\/maisonecohuis.be\/wp-content\/uploads\/2020\/11\/Couverture-moineaux-212x300.jpg 212w, https:\/\/maisonecohuis.be\/wp-content\/uploads\/2020\/11\/Couverture-moineaux.jpg 645w\" sizes=\"auto, (max-width: 212px) 100vw, 212px\" \/><\/a><\/figure>\n\n\n\n<div class=\"wp-block-buttons is-content-justification-center is-layout-flex wp-container-core-buttons-is-layout-a89b3969 wp-block-buttons-is-layout-flex\">\n<div class=\"wp-block-button is-style-outline is-style-outline--1\"><a class=\"wp-block-button__link has-medium-gray-color has-text-color has-background has-link-color has-text-align-center wp-element-button\" href=\"https:\/\/maisonecohuis.be\/wp-content\/uploads\/2021\/10\/Cahier-moineaux-UL-web.pdf\" style=\"background:radial-gradient(rgb(122,220,180) 0%,rgb(0,208,130) 100%)\" target=\"_blank\" rel=\"noreferrer noopener\">T\u00e9l\u00e9charger le cahier des moineaux<\/a><\/div>\n<\/div>\n\n\n\n<div style=\"height:40px\" aria-hidden=\"true\" class=\"wp-block-spacer\"><\/div>\n\n\n\n<p>Pour plus d&rsquo;infos sur les moineaux, sur leur protection et sur le dynamique citoyenne, nous vous recommandons d&rsquo;aller visiter le site web Moineaux &amp; Biodiversit\u00e9 :<\/p>\n\n\n\n<div class=\"wp-block-buttons alignfull is-content-justification-center is-layout-flex wp-container-core-buttons-is-layout-a89b3969 wp-block-buttons-is-layout-flex\">\n<div class=\"wp-block-button has-custom-width wp-block-button__width-50\"><a class=\"wp-block-button__link has-vivid-purple-color has-luminous-vivid-amber-to-luminous-vivid-orange-gradient-background has-text-color has-background has-link-color wp-element-button\" href=\"https:\/\/moineaux-biodiversite.be\/\" target=\"_blank\" rel=\"noreferrer noopener\">Moineaux &amp; Biodiversit\u00e9<\/a><\/div>\n<\/div>\n","protected":false},"excerpt":{"rendered":"<p>les moineaux domestiques La pr\u00e9sence de moineaux, autrefois nombreux en milieu urbain, d\u00e9cline de mani\u00e8re significative dans de nombreuses villes, notamment \u00e0 Bruxelles (-95% en [&hellip;] <span class=\"read-more-link\"><a class=\"read-more\" href=\"https:\/\/maisonecohuis.be\/?page_id=326\">Read More<\/a><\/span><\/p>\n","protected":false},"author":1,"featured_media":0,"parent":0,"menu_order":0,"comment_status":"closed","ping_status":"closed","template":"","meta":{"om_disable_all_campaigns":false,"_monsterinsights_skip_tracking":false,"_monsterinsights_sitenote_active":false,"_monsterinsights_sitenote_note":"","_monsterinsights_sitenote_category":0,"_uf_show_specific_survey":0,"_uf_disable_surveys":false,"footnotes":""},"class_list":["post-326","page","type-page","status-publish","hentry"],"aioseo_notices":[],"_links":{"self":[{"href":"https:\/\/maisonecohuis.be\/index.php?rest_route=\/wp\/v2\/pages\/326","targetHints":{"allow":["GET"]}}],"collection":[{"href":"https:\/\/maisonecohuis.be\/index.php?rest_route=\/wp\/v2\/pages"}],"about":[{"href":"https:\/\/maisonecohuis.be\/index.php?rest_route=\/wp\/v2\/types\/page"}],"author":[{"embeddable":true,"href":"https:\/\/maisonecohuis.be\/index.php?rest_route=\/wp\/v2\/users\/1"}],"replies":[{"embeddable":true,"href":"https:\/\/maisonecohuis.be\/index.php?rest_route=%2Fwp%2Fv2%2Fcomments&post=326"}],"version-history":[{"count":61,"href":"https:\/\/maisonecohuis.be\/index.php?rest_route=\/wp\/v2\/pages\/326\/revisions"}],"predecessor-version":[{"id":5815,"href":"https:\/\/maisonecohuis.be\/index.php?rest_route=\/wp\/v2\/pages\/326\/revisions\/5815"}],"wp:attachment":[{"href":"https:\/\/maisonecohuis.be\/index.php?rest_route=%2Fwp%2Fv2%2Fmedia&parent=326"}],"curies":[{"name":"wp","href":"https:\/\/api.w.org\/{rel}","templated":true}]}}