{"id":2573,"date":"2022-07-28T11:05:38","date_gmt":"2022-07-28T09:05:38","guid":{"rendered":"http:\/\/maisonecohuis.be\/?page_id=2573"},"modified":"2026-02-16T14:42:26","modified_gmt":"2026-02-16T13:42:26","slug":"prime-consultations-veterinaires","status":"publish","type":"page","link":"https:\/\/maisonecohuis.be\/?page_id=2573","title":{"rendered":"Prime consultations v\u00e9t\u00e9rinaires"},"content":{"rendered":"\n<h3 class=\"wp-block-heading\"><strong>Prime&nbsp;pour des consultations de soins chez le v\u00e9t\u00e9rinaire, \u00e0 destination des personnes \u00e0 faibles et moyens revenus (Cellule Bien-\u00eatre animal).<\/strong><\/h3>\n\n\n\n<p>Vous avez un animal de compagnie ? Vous \u00eates dans les conditions dites de &lsquo;faibles ou moyens revenus&rsquo; ?&nbsp;La Commune de Saint-Gilles octroie une prime pour une ou plusieurs consultation(s) de soins chez le v\u00e9t\u00e9rinaire.<\/p>\n\n\n\n<p><strong>Qui peut en b\u00e9n\u00e9ficier ?<\/strong><\/p>\n\n\n\n<ul class=\"wp-block-list\">\n<li>\u00catre dans les conditions de &lsquo;faibles ou moyens revenus&rsquo; d\u00e9finies dans notre <a href=\"http:\/\/maisonecohuis.be\/wp-content\/uploads\/2022\/07\/FR-R\u00e8glement-Prime-Consultation-Animal-domestique-version-def_compressed.pdf\" target=\"_blank\" rel=\"noreferrer noopener\">r\u00e8glement<\/a>. C&rsquo;est-\u00e0-dire :\u00a0avoir un revenu imposable inf\u00e9rieur \u00e0 37.600euros\u00a0brut\/an pour une personne isol\u00e9e ou \u00e0 52.600euros brut\/an pour une personne<br>cohabitante ou en couple.<\/li>\n\n\n\n<li>\u00catre le\/la propri\u00e9taire de l&rsquo;animal qui va se faire soigner.<\/li>\n\n\n\n<li>\u00catre domicili\u00e9\u00b7e sur le territoire de Saint-Gilles.<\/li>\n<\/ul>\n\n\n\n<p><strong>Quel montant de remboursement ?<\/strong><\/p>\n\n\n\n<ul class=\"wp-block-list\">\n<li>50% du co\u00fbt de la consultation.<\/li>\n\n\n\n<li>Avec un maximum de 150 euros.<\/li>\n\n\n\n<li>Vous pouvez demander jusqu&rsquo;\u00e0 3 primes par ann\u00e9e (pour un m\u00eame animal ou non), avec un montant total maximum de 150 euros.<\/li>\n<\/ul>\n\n\n\n<p><em>Flyer de la prime consultations v\u00e9t\u00e9rinaires (\u00e0 venir)<\/em><\/p>\n\n\n\n<div style=\"height:40px\" aria-hidden=\"true\" class=\"wp-block-spacer\"><\/div>\n\n\n\n<div class=\"wp-block-buttons is-layout-flex wp-block-buttons-is-layout-flex\">\n<div class=\"wp-block-button is-style-outline is-style-outline--1\"><a class=\"wp-block-button__link has-very-light-gray-to-cyan-bluish-gray-gradient-background has-background wp-element-button\" href=\"http:\/\/maisonecohuis.be\/wp-content\/uploads\/2022\/07\/FR-R\u00e8glement-Prime-Consultation-Animal-domestique-version-def_compressed.pdf\" target=\"_blank\" rel=\"noreferrer noopener\">Lisez le r\u00e8glement<\/a><\/div>\n<\/div>\n\n\n\n<div style=\"height:20px\" aria-hidden=\"true\" class=\"wp-block-spacer\"><\/div>\n\n\n\n<div class=\"wp-block-buttons is-layout-flex wp-block-buttons-is-layout-flex\">\n<div class=\"wp-block-button is-style-outline is-style-outline--2\"><a class=\"wp-block-button__link has-blush-light-purple-gradient-background has-background wp-element-button\" href=\"http:\/\/maisonecohuis.be\/wp-content\/uploads\/2022\/07\/FR-Formulaire-consultations-soins_compressed.pdf\" target=\"_blank\" rel=\"noreferrer noopener\">Compl\u00e9tez le formulaire papier<\/a><\/div>\n<\/div>\n\n\n\n<div style=\"height:20px\" aria-hidden=\"true\" class=\"wp-block-spacer\"><\/div>\n\n\n\n<div class=\"wp-block-buttons is-layout-flex wp-block-buttons-is-layout-flex\">\n<div class=\"wp-block-button is-style-outline is-style-outline--3\"><a class=\"wp-block-button__link has-blush-light-purple-gradient-background has-background wp-element-button\" href=\"https:\/\/irisbox.irisnet.be\/irisbox\/formulaire\/ac-saint-gilles\/demande-de-prime-pour-des-consultations-de-soins-chez-le-veterinaire\" target=\"_blank\" rel=\"noreferrer noopener\">Compl\u00e9tez le formulaire en ligne<\/a><\/div>\n<\/div>\n\n\n\n<div style=\"height:100px\" aria-hidden=\"true\" class=\"wp-block-spacer\"><\/div>\n\n\n\n<h4 class=\"wp-block-heading\"><strong>Nos autres primes<\/strong> :<\/h4>\n\n\n\n<figure class=\"wp-block-gallery has-nested-images columns-default is-cropped wp-block-gallery-4 is-layout-flex wp-block-gallery-is-layout-flex\">\n<figure class=\"wp-block-image size-large\"><a href=\"https:\/\/maisonecohuis.be\/?page_id=2030\" target=\"_blank\" rel=\" noreferrer noopener\"><img loading=\"lazy\" decoding=\"async\" width=\"792\" height=\"510\" data-id=\"2090\" src=\"https:\/\/maisonecohuis.be\/wp-content\/uploads\/2021\/11\/couverture-prime-compost-longue.png\" alt=\"Prime compost de l'Administration saint-gilloise, projet MaisonEcoHuis.\" class=\"wp-image-2090\" srcset=\"https:\/\/maisonecohuis.be\/wp-content\/uploads\/2021\/11\/couverture-prime-compost-longue.png 792w, https:\/\/maisonecohuis.be\/wp-content\/uploads\/2021\/11\/couverture-prime-compost-longue-300x193.png 300w, https:\/\/maisonecohuis.be\/wp-content\/uploads\/2021\/11\/couverture-prime-compost-longue-768x495.png 768w\" sizes=\"auto, (max-width: 792px) 100vw, 792px\" \/><\/a><\/figure>\n\n\n\n<figure class=\"wp-block-image size-large\"><a href=\"https:\/\/maisonecohuis.be\/?page_id=2050\" target=\"_blank\" rel=\" noreferrer noopener\"><img loading=\"lazy\" decoding=\"async\" width=\"808\" height=\"482\" data-id=\"2085\" src=\"https:\/\/maisonecohuis.be\/wp-content\/uploads\/2021\/11\/Couverture-prime-eau-longue.png\" alt=\"Prime tonneau de pluie de l'Administration saint-gilloise, projet MaisonEcoHuis.\" class=\"wp-image-2085\" srcset=\"https:\/\/maisonecohuis.be\/wp-content\/uploads\/2021\/11\/Couverture-prime-eau-longue.png 808w, https:\/\/maisonecohuis.be\/wp-content\/uploads\/2021\/11\/Couverture-prime-eau-longue-300x179.png 300w, https:\/\/maisonecohuis.be\/wp-content\/uploads\/2021\/11\/Couverture-prime-eau-longue-768x458.png 768w\" sizes=\"auto, (max-width: 808px) 100vw, 808px\" \/><\/a><\/figure>\n\n\n\n<figure class=\"wp-block-image size-large\"><a href=\"https:\/\/maisonecohuis.be\/?page_id=2068\" target=\"_blank\" rel=\" noreferrer noopener\"><img loading=\"lazy\" decoding=\"async\" width=\"817\" height=\"517\" data-id=\"2080\" src=\"https:\/\/maisonecohuis.be\/wp-content\/uploads\/2021\/11\/Couverture-prime-chat.png\" alt=\"Prime st\u00e9rilisation des chats domestiques de l'Administration saint-gilloise, projet MaisonEcoHuis.\" class=\"wp-image-2080\" srcset=\"https:\/\/maisonecohuis.be\/wp-content\/uploads\/2021\/11\/Couverture-prime-chat.png 817w, https:\/\/maisonecohuis.be\/wp-content\/uploads\/2021\/11\/Couverture-prime-chat-300x190.png 300w, https:\/\/maisonecohuis.be\/wp-content\/uploads\/2021\/11\/Couverture-prime-chat-768x486.png 768w\" sizes=\"auto, (max-width: 817px) 100vw, 817px\" \/><\/a><\/figure>\n<\/figure>\n","protected":false},"excerpt":{"rendered":"<p>Prime&nbsp;pour des consultations de soins chez le v\u00e9t\u00e9rinaire, \u00e0 destination des personnes \u00e0 faibles et moyens revenus (Cellule Bien-\u00eatre animal). Vous avez un animal de [&hellip;] <span class=\"read-more-link\"><a class=\"read-more\" href=\"https:\/\/maisonecohuis.be\/?page_id=2573\">Read More<\/a><\/span><\/p>\n","protected":false},"author":1,"featured_media":0,"parent":0,"menu_order":0,"comment_status":"closed","ping_status":"closed","template":"","meta":{"om_disable_all_campaigns":false,"_monsterinsights_skip_tracking":false,"_monsterinsights_sitenote_active":false,"_monsterinsights_sitenote_note":"","_monsterinsights_sitenote_category":0,"_uf_show_specific_survey":0,"_uf_disable_surveys":false,"footnotes":""},"class_list":["post-2573","page","type-page","status-publish","hentry"],"aioseo_notices":[],"_links":{"self":[{"href":"https:\/\/maisonecohuis.be\/index.php?rest_route=\/wp\/v2\/pages\/2573","targetHints":{"allow":["GET"]}}],"collection":[{"href":"https:\/\/maisonecohuis.be\/index.php?rest_route=\/wp\/v2\/pages"}],"about":[{"href":"https:\/\/maisonecohuis.be\/index.php?rest_route=\/wp\/v2\/types\/page"}],"author":[{"embeddable":true,"href":"https:\/\/maisonecohuis.be\/index.php?rest_route=\/wp\/v2\/users\/1"}],"replies":[{"embeddable":true,"href":"https:\/\/maisonecohuis.be\/index.php?rest_route=%2Fwp%2Fv2%2Fcomments&post=2573"}],"version-history":[{"count":14,"href":"https:\/\/maisonecohuis.be\/index.php?rest_route=\/wp\/v2\/pages\/2573\/revisions"}],"predecessor-version":[{"id":5709,"href":"https:\/\/maisonecohuis.be\/index.php?rest_route=\/wp\/v2\/pages\/2573\/revisions\/5709"}],"wp:attachment":[{"href":"https:\/\/maisonecohuis.be\/index.php?rest_route=%2Fwp%2Fv2%2Fmedia&parent=2573"}],"curies":[{"name":"wp","href":"https:\/\/api.w.org\/{rel}","templated":true}]}}