{"id":2445,"date":"2022-03-18T11:16:46","date_gmt":"2022-03-18T10:16:46","guid":{"rendered":"http:\/\/maisonecohuis.be\/?page_id=2445"},"modified":"2022-04-27T17:04:10","modified_gmt":"2022-04-27T15:04:10","slug":"megot","status":"publish","type":"page","link":"https:\/\/maisonecohuis.be\/?page_id=2445","title":{"rendered":"M\u00e9gots et pollution"},"content":{"rendered":"<h5><em>Un peu d\u2019infos sur les m\u00e9gots<\/em><\/h5>\n<p>Un m\u00e9got se d\u00e9finit comme \u00e9tant le reste d\u2019une cigarette fum\u00e9e. Un m\u00e9got prend en moyenne 12 ans \u00e0 se d\u00e9grader et a le statut de d\u00e9chet dangereux. <a href=\"https:\/\/www.ineris.fr\/fr\/etude-filieres-recyclage-megots-cigarettes#:~:text=Les%20m%C3%A9gots%20de%20cigarettes%20sont%20%C3%A0%20consid%C3%A9rer%2C%20au,pollution%20chimique%20pour%20l%E2%80%99environnement%20lorsqu%E2%80%99ils%20y%20sont%20diss%C3%A9min%C3%A9s\" target=\"_blank\" rel=\"noopener\">En savoir + <\/a><\/p>\n<h5><em>M\u00e9gots et piles, pas la m\u00eame composition mais les m\u00eames ravages<\/em><\/h5>\n<p>Les piles et les m\u00e9gots contiennent des substances chimiques et toxiques telles que de l\u2019arsenic, des m\u00e9taux lourds (mercure, plomb, cadmium), des hydrocarbures aromatiques polycycliques, de l\u2019ammoniac. (<a href=\"https:\/\/www.bruxelles.be\/cendrierBXL\" target=\"_blank\" rel=\"noopener\">https:\/\/www.bruxelles.be\/cendrierBXL<\/a>).<\/p>\n<h5><em>Le saviez-vous ?<\/em><\/h5>\n<p>Certaines de ces substances sont class\u00e9es comme \u00e9tant les plus pr\u00e9occupantes pour la sant\u00e9, selon l\u2019OMS.<br \/>\nL\u2019arsenic est un canc\u00e9rig\u00e8ne pour l\u2019\u00eatre humain, l\u2019exposition au cadmium (\u00e9galement class\u00e9 comme canc\u00e9rig\u00e8ne) entraine des cons\u00e9quences sur les reins.<br \/>\nLe plomb a des effets neurologiques et comportementaux.<br \/>\nLe mercure a des effets toxiques sur les syst\u00e8mes digestifs, nerveux, respiratoire, r\u00e9nal.<br \/>\nLa pile et le m\u00e9got ont un autre point en commun : la pollution de centaines de litres d\u2019eau. Un m\u00e9got de cigarette peut polluer jusqu\u2019\u00e0 500 litres d\u2019eau, et une pile peut polluer jusqu\u2019\u00e0 400 litres d\u2019eau.<\/p>\n<h5><em>M\u00e9gots et biodiversit\u00e9<\/em><\/h5>\n<p>La pollution se fait par infiltration des sols. Les sols perm\u00e9ables absorbent l\u2019eau pollu\u00e9e, celle-ci ne passe alors plus par le syst\u00e8me des stations d\u2019\u00e9puration mais va dans les nappes phr\u00e9atiques. Ce probl\u00e8me risque de s\u2019accroitre avec la politique de la Commune de Saint Gilles qui est de d\u00e9min\u00e9raliser les sols. Par ailleurs, un m\u00e9got de cigarette jet\u00e9 dans la rue peut entamer un long voyage. Il se laisse entrainer par la pluie et le vent, se retrouve dans les \u00e9gouts, continue son trajet dans les cours d\u2019eau et termine son chemin dans la mer. Les \u00eatres vivants habitant dans ces milieux sont directement touch\u00e9s par le contenu nocif des m\u00e9gots. Les esp\u00e8ces ing\u00e8rent ces substances toxiques et chimiques. Quand ils sont mang\u00e9s par d\u2019autres esp\u00e8ces plus grosses, les substances s\u2019accumulent \u00e0 chaque nouvelle \u00e9chelle de la chaine alimentaire (comme repr\u00e9sent\u00e9 dans le sch\u00e9ma ci-dessous). Au sommet de cette cha\u00eene alimentaire se trouve l\u2019\u00eatre humain, qui consomme ces organismes satur\u00e9s en substances toxiques, en d\u2019autres mots, nous nous auto intoxiquons en jetant nos m\u00e9gots par terre.<\/p>\n<p><img loading=\"lazy\" decoding=\"async\" class=\"alignnone size-full wp-image-2479\" src=\"http:\/\/maisonecohuis.be\/wp-content\/uploads\/2022\/04\/chaine-trophique.png\" alt=\"\" width=\"471\" height=\"263\" srcset=\"https:\/\/maisonecohuis.be\/wp-content\/uploads\/2022\/04\/chaine-trophique.png 471w, https:\/\/maisonecohuis.be\/wp-content\/uploads\/2022\/04\/chaine-trophique-300x168.png 300w\" sizes=\"auto, (max-width: 471px) 100vw, 471px\" \/><br \/>\nTitre : Bioaccumulation des substances chimiques et toxiques dans la chaine alimentaire aquatique\/Source :\u00a0<a href=\"https:\/\/www.science-environnement.com\/glossaire\/bioamplification\/\" target=\"_blank\" rel=\"noopener\">https:\/\/www.science-environnement.com\/glossaire\/bioamplification\/\u00a0<\/a><\/p>\n<p>Les risques pour la sant\u00e9 sont la modification de la g\u00e9n\u00e9tique, la modification du d\u00e9veloppement c\u00e9r\u00e9bral et modification des taux de la respiration.<br \/>\nJeter son m\u00e9got de cigarette dans la rue a des \u00e9galement des cons\u00e9quences sur la sant\u00e9 des oiseaux. Certains oiseaux manipulent les m\u00e9gots afin d\u2019en extraire des parties qui serviront d\u2019isolant pour leurs nids. Ils sont ainsi expos\u00e9s aux substances toxiques contenues dans les m\u00e9gots de cigarette.<\/p>\n<h5><em>M\u00e9gots en espace public<\/em><\/h5>\n<p>Comme vous le savez les enfants ont tendance \u00e0 jouer et tout ramener \u00e0 la bouche. Un autre risque est que les enfants jouent avec les restes de cigarette et les ram\u00e8nent \u00e0 leur bouche, ce qui pourrait avoir des cons\u00e9quences sur la sant\u00e9 Une fois une substance toxique ing\u00e9r\u00e9e, un enfant l\u2019absorbe 5 fois plus qu\u2019un adulte. Une cigarette contient entre 9 mg \u00e0 30 mg de nicotine Apr\u00e8s ingestion chez les enfants, la dose l\u00e9tale est de 40 \u00e0 60 mg. D\u00e8s l\u2019ingestion de 3 m\u00e9gots, un enfant doit faire l\u2019objet d\u2019une prise en charge hospitali\u00e8re.<\/p>\n","protected":false},"excerpt":{"rendered":"<p>Un peu d\u2019infos sur les m\u00e9gots Un m\u00e9got se d\u00e9finit comme \u00e9tant le reste d\u2019une cigarette fum\u00e9e. Un m\u00e9got prend en moyenne 12 ans \u00e0 [&hellip;] <span class=\"read-more-link\"><a class=\"read-more\" href=\"https:\/\/maisonecohuis.be\/?page_id=2445\">Read More<\/a><\/span><\/p>\n","protected":false},"author":1,"featured_media":2526,"parent":0,"menu_order":0,"comment_status":"closed","ping_status":"closed","template":"","meta":{"om_disable_all_campaigns":false,"_monsterinsights_skip_tracking":false,"_monsterinsights_sitenote_active":false,"_monsterinsights_sitenote_note":"","_monsterinsights_sitenote_category":0,"_uf_show_specific_survey":0,"_uf_disable_surveys":false,"footnotes":""},"class_list":["post-2445","page","type-page","status-publish","has-post-thumbnail","hentry"],"aioseo_notices":[],"_links":{"self":[{"href":"https:\/\/maisonecohuis.be\/index.php?rest_route=\/wp\/v2\/pages\/2445","targetHints":{"allow":["GET"]}}],"collection":[{"href":"https:\/\/maisonecohuis.be\/index.php?rest_route=\/wp\/v2\/pages"}],"about":[{"href":"https:\/\/maisonecohuis.be\/index.php?rest_route=\/wp\/v2\/types\/page"}],"author":[{"embeddable":true,"href":"https:\/\/maisonecohuis.be\/index.php?rest_route=\/wp\/v2\/users\/1"}],"replies":[{"embeddable":true,"href":"https:\/\/maisonecohuis.be\/index.php?rest_route=%2Fwp%2Fv2%2Fcomments&post=2445"}],"version-history":[{"count":6,"href":"https:\/\/maisonecohuis.be\/index.php?rest_route=\/wp\/v2\/pages\/2445\/revisions"}],"predecessor-version":[{"id":2478,"href":"https:\/\/maisonecohuis.be\/index.php?rest_route=\/wp\/v2\/pages\/2445\/revisions\/2478"}],"wp:featuredmedia":[{"embeddable":true,"href":"https:\/\/maisonecohuis.be\/index.php?rest_route=\/wp\/v2\/media\/2526"}],"wp:attachment":[{"href":"https:\/\/maisonecohuis.be\/index.php?rest_route=%2Fwp%2Fv2%2Fmedia&parent=2445"}],"curies":[{"name":"wp","href":"https:\/\/api.w.org\/{rel}","templated":true}]}}