{"id":2165,"date":"2021-12-02T15:34:49","date_gmt":"2021-12-02T14:34:49","guid":{"rendered":"http:\/\/maisonecohuis.be\/?page_id=2165"},"modified":"2024-01-25T17:05:18","modified_gmt":"2024-01-25T16:05:18","slug":"ecoco-dienst","status":"publish","type":"page","link":"https:\/\/maisonecohuis.be\/?page_id=2165&lang=nl","title":{"rendered":"Eco&#038;Co Dienst"},"content":{"rendered":"<p><img loading=\"lazy\" decoding=\"async\" class=\"wp-image-1303 aligncenter\" src=\"http:\/\/maisonecohuis.be\/wp-content\/uploads\/2021\/01\/logo-econco.png\" alt=\"\" width=\"441\" height=\"309\" srcset=\"https:\/\/maisonecohuis.be\/wp-content\/uploads\/2021\/01\/logo-econco.png 1134w, https:\/\/maisonecohuis.be\/wp-content\/uploads\/2021\/01\/logo-econco-300x210.png 300w, https:\/\/maisonecohuis.be\/wp-content\/uploads\/2021\/01\/logo-econco-768x538.png 768w, https:\/\/maisonecohuis.be\/wp-content\/uploads\/2021\/01\/logo-econco-1024x717.png 1024w\" sizes=\"auto, (max-width: 441px) 100vw, 441px\" \/><\/p>\n<p><em>Alleen in het Frans<\/em><\/p>\n<p>Projet du CAFA asbl et du CPAS de Saint-Gilles, cet espace situ\u00e9 pr\u00e8s de chez vous est un lieu d\u2019\u00e9changes et de conseils pratiques sur la ma\u00eetrise de l\u2018\u00e9nergie, le logement, la consommation, l\u2018alimentation, la sant\u00e9, le tri des d\u00e9chets, \u2026<\/p>\n<p>L\u2019objectif de cet espace est de proposer des outils d\u2019information sur les droits et devoirs du consommateur afin que celui-ci acqui\u00e8re une plus grande ma\u00eetrise de ses choix et de ses actes dans diff\u00e9rents domaines li\u00e9s \u00e0 la consommation et gagne ainsi en qualit\u00e9 de vie.<\/p>\n<p>Services offerts\u00a0:<\/p>\n<ul>\n<li>Des ateliers collectifs en lien avec les enjeux actuels<\/li>\n<li>Un audit \u00e9nerg\u00e9tique de votre logement<\/li>\n<li>Un service d\u2019Eco-ouvriers intervenant gratuitement (sous conditions) \u00e0 domicile pour placer du mat\u00e9riel visant \u00e0 r\u00e9duire les consommations \u00e9nerg\u00e9tiques<\/li>\n<li>Un changement de fournisseur d\u2019\u00e9nergie<\/li>\n<li>Un service de pr\u00eat de mat\u00e9riel (wattm\u00e8tre, d\u00e9tecteur de CO et outils de r\u00e9paration des fuites d\u2019eau)<\/li>\n<li>Une biblioth\u00e8que et une ludoth\u00e8que<\/li>\n<\/ul>\n<p>Programmation de <a href=\"https:\/\/maisonecohuis.be\/wp-content\/uploads\/2023\/12\/brochure_ateliers_janvier_avril_2024_181223_WEB.pdf\" target=\"_blank\" rel=\"noopener\">janvier \u00e0 avril 2024<\/a>.<\/p>\n<p><a href=\"http:\/\/maisonecohuis.be\/wp-content\/uploads\/2023\/09\/AteliersCafa_091223-1.png\"><img loading=\"lazy\" decoding=\"async\" class=\"alignnone size-full wp-image-3285\" src=\"http:\/\/maisonecohuis.be\/wp-content\/uploads\/2023\/09\/AteliersCafa_091223-1.png\" alt=\"\" width=\"909\" height=\"663\" srcset=\"https:\/\/maisonecohuis.be\/wp-content\/uploads\/2023\/09\/AteliersCafa_091223-1.png 909w, https:\/\/maisonecohuis.be\/wp-content\/uploads\/2023\/09\/AteliersCafa_091223-1-300x219.png 300w, https:\/\/maisonecohuis.be\/wp-content\/uploads\/2023\/09\/AteliersCafa_091223-1-768x560.png 768w\" sizes=\"auto, (max-width: 909px) 100vw, 909px\" \/><\/a> <a href=\"http:\/\/maisonecohuis.be\/wp-content\/uploads\/2024\/01\/AteliersCAFA_JAN24.png\"><img loading=\"lazy\" decoding=\"async\" class=\"alignnone size-full wp-image-3634\" src=\"http:\/\/maisonecohuis.be\/wp-content\/uploads\/2024\/01\/AteliersCAFA_JAN24.png\" alt=\"\" width=\"1090\" height=\"767\" srcset=\"https:\/\/maisonecohuis.be\/wp-content\/uploads\/2024\/01\/AteliersCAFA_JAN24.png 1090w, https:\/\/maisonecohuis.be\/wp-content\/uploads\/2024\/01\/AteliersCAFA_JAN24-300x211.png 300w, https:\/\/maisonecohuis.be\/wp-content\/uploads\/2024\/01\/AteliersCAFA_JAN24-768x540.png 768w, https:\/\/maisonecohuis.be\/wp-content\/uploads\/2024\/01\/AteliersCAFA_JAN24-1024x721.png 1024w\" sizes=\"auto, (max-width: 1090px) 100vw, 1090px\" \/><\/a><\/p>\n<p>Infos :\u00a0<a href=\"https:\/\/cafa.be\/secteurs\/ecoetco\/\" target=\"_blank\" rel=\"noopener\">https:\/\/cafa.be\/secteurs\/ecoetco\/<\/a><\/p>\n","protected":false},"excerpt":{"rendered":"<p>Alleen in het Frans Projet du CAFA asbl et du CPAS de Saint-Gilles, cet espace situ\u00e9 pr\u00e8s de chez vous est un lieu d\u2019\u00e9changes et [&hellip;] <span class=\"read-more-link\"><a class=\"read-more\" href=\"https:\/\/maisonecohuis.be\/?page_id=2165&#038;lang=nl\">Read More<\/a><\/span><\/p>\n","protected":false},"author":1,"featured_media":0,"parent":0,"menu_order":0,"comment_status":"closed","ping_status":"closed","template":"","meta":{"om_disable_all_campaigns":false,"_monsterinsights_skip_tracking":false,"_monsterinsights_sitenote_active":false,"_monsterinsights_sitenote_note":"","_monsterinsights_sitenote_category":0,"_uf_show_specific_survey":0,"_uf_disable_surveys":false,"footnotes":""},"class_list":["post-2165","page","type-page","status-publish","hentry"],"aioseo_notices":[],"_links":{"self":[{"href":"https:\/\/maisonecohuis.be\/index.php?rest_route=\/wp\/v2\/pages\/2165","targetHints":{"allow":["GET"]}}],"collection":[{"href":"https:\/\/maisonecohuis.be\/index.php?rest_route=\/wp\/v2\/pages"}],"about":[{"href":"https:\/\/maisonecohuis.be\/index.php?rest_route=\/wp\/v2\/types\/page"}],"author":[{"embeddable":true,"href":"https:\/\/maisonecohuis.be\/index.php?rest_route=\/wp\/v2\/users\/1"}],"replies":[{"embeddable":true,"href":"https:\/\/maisonecohuis.be\/index.php?rest_route=%2Fwp%2Fv2%2Fcomments&post=2165"}],"version-history":[{"count":4,"href":"https:\/\/maisonecohuis.be\/index.php?rest_route=\/wp\/v2\/pages\/2165\/revisions"}],"predecessor-version":[{"id":3635,"href":"https:\/\/maisonecohuis.be\/index.php?rest_route=\/wp\/v2\/pages\/2165\/revisions\/3635"}],"wp:attachment":[{"href":"https:\/\/maisonecohuis.be\/index.php?rest_route=%2Fwp%2Fv2%2Fmedia&parent=2165"}],"curies":[{"name":"wp","href":"https:\/\/api.w.org\/{rel}","templated":true}]}}