{"id":2050,"date":"2021-11-30T14:31:17","date_gmt":"2021-11-30T13:31:17","guid":{"rendered":"http:\/\/maisonecohuis.be\/?page_id=2050"},"modified":"2026-02-16T13:54:32","modified_gmt":"2026-02-16T12:54:32","slug":"prime-eau","status":"publish","type":"page","link":"https:\/\/maisonecohuis.be\/?page_id=2050","title":{"rendered":"Prime tonneau de pluie"},"content":{"rendered":"\n<h3 class=\"wp-block-heading\"><strong>Prime environnementale \u00e0 l&rsquo;achat d&rsquo;un tonneau ou d&rsquo;une citerne \u00e0 eau de pluie.<\/strong><\/h3>\n\n\n\n<p>Vous disposez d\u2019une petite cour, d\u2019un jardin, d\u2019un balcon et vous souhaitez \u00e9conomiser l\u2019eau de ville&nbsp;? La Commune de Saint-Gilles vous aide \u00e0 investir dans un tonneau r\u00e9cup\u00e9rateur d\u2019eau de pluie, que vous pourrez utiliser pour nettoyer ou arroser vos plantes.<\/p>\n\n\n\n<p>Nous vous remboursons 50% du prix d\u2019achat de votre tonneau, selon les conditions que vous trouverez dans le&nbsp;r\u00e8glement.<\/p>\n\n\n\n<figure class=\"wp-block-image\"><a href=\"http:\/\/maisonecohuis.be\/wp-content\/uploads\/2018\/12\/Brochure_eau-MaisonEcohuis.pdf\" target=\"_blank\" rel=\" noreferrer noopener\"><img loading=\"lazy\" decoding=\"async\" width=\"1222\" height=\"867\" src=\"http:\/\/maisonecohuis.be\/wp-content\/uploads\/2021\/11\/Couverture-prime-eau.png\" alt=\"Flyer de la prime tonneau de pluie de l'Administration saint-gilloise, projet MaisonEcoHuis.\" class=\"wp-image-2058\" srcset=\"https:\/\/maisonecohuis.be\/wp-content\/uploads\/2021\/11\/Couverture-prime-eau.png 1222w, https:\/\/maisonecohuis.be\/wp-content\/uploads\/2021\/11\/Couverture-prime-eau-300x213.png 300w, https:\/\/maisonecohuis.be\/wp-content\/uploads\/2021\/11\/Couverture-prime-eau-768x545.png 768w, https:\/\/maisonecohuis.be\/wp-content\/uploads\/2021\/11\/Couverture-prime-eau-1024x727.png 1024w\" sizes=\"auto, (max-width: 1222px) 100vw, 1222px\" \/><\/a><\/figure>\n\n\n\n<div style=\"height:40px\" aria-hidden=\"true\" class=\"wp-block-spacer\"><\/div>\n\n\n\n<div class=\"wp-block-buttons is-layout-flex wp-block-buttons-is-layout-flex\">\n<div class=\"wp-block-button is-style-outline is-style-outline--1\"><a class=\"wp-block-button__link has-very-light-gray-to-cyan-bluish-gray-gradient-background has-background wp-element-button\" href=\"http:\/\/maisonecohuis.be\/wp-content\/uploads\/2021\/11\/r\u00e9glement-Eau.pdf\" target=\"_blank\" rel=\"noreferrer noopener\">Lisez le r\u00e8glement<\/a><\/div>\n<\/div>\n\n\n\n<div style=\"height:20px\" aria-hidden=\"true\" class=\"wp-block-spacer\"><\/div>\n\n\n\n<div class=\"wp-block-buttons is-layout-flex wp-block-buttons-is-layout-flex\">\n<div class=\"wp-block-button is-style-outline is-style-outline--2\"><a class=\"wp-block-button__link has-blush-light-purple-gradient-background has-background wp-element-button\" href=\"http:\/\/maisonecohuis.be\/wp-content\/uploads\/2021\/11\/Demande-de-prime-formulaire-fr-Copy.pdf\" target=\"_blank\" rel=\"noreferrer noopener\">Compl\u00e9tez le formulaire papier<\/a><\/div>\n<\/div>\n\n\n\n<div style=\"height:20px\" aria-hidden=\"true\" class=\"wp-block-spacer\"><\/div>\n\n\n\n<div class=\"wp-block-buttons is-layout-flex wp-block-buttons-is-layout-flex\">\n<div class=\"wp-block-button is-style-outline is-style-outline--3\"><a class=\"wp-block-button__link has-blush-light-purple-gradient-background has-background wp-element-button\" href=\"https:\/\/irisbox.irisnet.be\/irisbox\/formulaire\/ac-saint-gilles\/prime-a-lachat-dun-tonneau-de-collecte-deau-de-pluie\" target=\"_blank\" rel=\"noreferrer noopener\">Compl\u00e9tez le formulaire en ligne<\/a><\/div>\n<\/div>\n\n\n\n<div style=\"height:100px\" aria-hidden=\"true\" class=\"wp-block-spacer\"><\/div>\n\n\n\n<h4 class=\"wp-block-heading\"><strong>Nos autres primes<\/strong><\/h4>\n\n\n\n<figure class=\"wp-block-gallery has-nested-images columns-default is-cropped wp-block-gallery-4 is-layout-flex wp-block-gallery-is-layout-flex\">\n<figure class=\"wp-block-image size-large\"><a href=\"https:\/\/maisonecohuis.be\/?page_id=2068\" target=\"_blank\" rel=\" noreferrer noopener\"><img loading=\"lazy\" decoding=\"async\" width=\"817\" height=\"517\" data-id=\"2080\" src=\"https:\/\/maisonecohuis.be\/wp-content\/uploads\/2021\/11\/Couverture-prime-chat.png\" alt=\"Prime st\u00e9rilisation des chats domestiques de l'Administration saint-gilloise, projet MaisonEcoHuis.\" class=\"wp-image-2080\" srcset=\"https:\/\/maisonecohuis.be\/wp-content\/uploads\/2021\/11\/Couverture-prime-chat.png 817w, https:\/\/maisonecohuis.be\/wp-content\/uploads\/2021\/11\/Couverture-prime-chat-300x190.png 300w, https:\/\/maisonecohuis.be\/wp-content\/uploads\/2021\/11\/Couverture-prime-chat-768x486.png 768w\" sizes=\"auto, (max-width: 817px) 100vw, 817px\" \/><\/a><\/figure>\n\n\n\n<figure class=\"wp-block-image size-large\"><a href=\"https:\/\/maisonecohuis.be\/?page_id=2030\" target=\"_blank\" rel=\" noreferrer noopener\"><img loading=\"lazy\" decoding=\"async\" width=\"792\" height=\"510\" data-id=\"2090\" src=\"https:\/\/maisonecohuis.be\/wp-content\/uploads\/2021\/11\/couverture-prime-compost-longue.png\" alt=\"Prime compost de l'Administration saint-gilloise, projet MaisonEcoHuis.\" class=\"wp-image-2090\" srcset=\"https:\/\/maisonecohuis.be\/wp-content\/uploads\/2021\/11\/couverture-prime-compost-longue.png 792w, https:\/\/maisonecohuis.be\/wp-content\/uploads\/2021\/11\/couverture-prime-compost-longue-300x193.png 300w, https:\/\/maisonecohuis.be\/wp-content\/uploads\/2021\/11\/couverture-prime-compost-longue-768x495.png 768w\" sizes=\"auto, (max-width: 792px) 100vw, 792px\" \/><\/a><\/figure>\n<\/figure>\n","protected":false},"excerpt":{"rendered":"<p>Prime environnementale \u00e0 l&rsquo;achat d&rsquo;un tonneau ou d&rsquo;une citerne \u00e0 eau de pluie. Vous disposez d\u2019une petite cour, d\u2019un jardin, d\u2019un balcon et vous souhaitez [&hellip;] <span class=\"read-more-link\"><a class=\"read-more\" href=\"https:\/\/maisonecohuis.be\/?page_id=2050\">Read More<\/a><\/span><\/p>\n","protected":false},"author":1,"featured_media":2085,"parent":0,"menu_order":0,"comment_status":"closed","ping_status":"closed","template":"","meta":{"om_disable_all_campaigns":false,"_monsterinsights_skip_tracking":false,"_monsterinsights_sitenote_active":false,"_monsterinsights_sitenote_note":"","_monsterinsights_sitenote_category":0,"_uf_show_specific_survey":0,"_uf_disable_surveys":false,"footnotes":""},"class_list":["post-2050","page","type-page","status-publish","has-post-thumbnail","hentry"],"aioseo_notices":[],"_links":{"self":[{"href":"https:\/\/maisonecohuis.be\/index.php?rest_route=\/wp\/v2\/pages\/2050","targetHints":{"allow":["GET"]}}],"collection":[{"href":"https:\/\/maisonecohuis.be\/index.php?rest_route=\/wp\/v2\/pages"}],"about":[{"href":"https:\/\/maisonecohuis.be\/index.php?rest_route=\/wp\/v2\/types\/page"}],"author":[{"embeddable":true,"href":"https:\/\/maisonecohuis.be\/index.php?rest_route=\/wp\/v2\/users\/1"}],"replies":[{"embeddable":true,"href":"https:\/\/maisonecohuis.be\/index.php?rest_route=%2Fwp%2Fv2%2Fcomments&post=2050"}],"version-history":[{"count":10,"href":"https:\/\/maisonecohuis.be\/index.php?rest_route=\/wp\/v2\/pages\/2050\/revisions"}],"predecessor-version":[{"id":5692,"href":"https:\/\/maisonecohuis.be\/index.php?rest_route=\/wp\/v2\/pages\/2050\/revisions\/5692"}],"wp:featuredmedia":[{"embeddable":true,"href":"https:\/\/maisonecohuis.be\/index.php?rest_route=\/wp\/v2\/media\/2085"}],"wp:attachment":[{"href":"https:\/\/maisonecohuis.be\/index.php?rest_route=%2Fwp%2Fv2%2Fmedia&parent=2050"}],"curies":[{"name":"wp","href":"https:\/\/api.w.org\/{rel}","templated":true}]}}