{"id":2030,"date":"2021-11-30T14:11:37","date_gmt":"2021-11-30T13:11:37","guid":{"rendered":"http:\/\/maisonecohuis.be\/?page_id=2030"},"modified":"2026-02-05T16:18:20","modified_gmt":"2026-02-05T15:18:20","slug":"2030-2","status":"publish","type":"page","link":"https:\/\/maisonecohuis.be\/?page_id=2030","title":{"rendered":"Prime compost"},"content":{"rendered":"\n<h3 class=\"wp-block-heading\"><strong>Prime environnementale \u00e0 l&rsquo;achat\u00a0d&rsquo;un f\u00fbt \u00e0 compost,\u00a0d&rsquo;une vermicomposti\u00e8re ou d&rsquo;un bokashi.<\/strong><\/h3>\n\n\n\n<p>Vous \u00eates saint-gillois.e, vous voulez r\u00e9duire votre production de d\u00e9chets ?<br>Installez une composti\u00e8re (d&rsquo;ext\u00e9rieur ou d&rsquo;int\u00e9rieur) chez vous et introduisez votre demande pour pouvoir profiter de la prime.<\/p>\n\n\n\n<p>La commune de Saint-Gilles vous aide en vous remboursant 50% du prix d\u2019achat de votre f\u00fbt, selon les conditions que vous trouverez dans le\u00a0r\u00e8glement.<\/p>\n\n\n\n<figure class=\"wp-block-image\"><a href=\"http:\/\/maisonecohuis.be\/wp-content\/uploads\/2021\/11\/Brochure_compost-MaisonEcohuis-compressed.pdf\" target=\"_blank\" rel=\"noreferrer noopener\"><img loading=\"lazy\" decoding=\"async\" width=\"1219\" height=\"862\" src=\"http:\/\/maisonecohuis.be\/wp-content\/uploads\/2021\/11\/couverture-prime-compost.png\" alt=\"Flyer de la prime compost de l'Administration saint-gilloise, projet MaisonEcoHuis.\" class=\"wp-image-2033\" srcset=\"https:\/\/maisonecohuis.be\/wp-content\/uploads\/2021\/11\/couverture-prime-compost.png 1219w, https:\/\/maisonecohuis.be\/wp-content\/uploads\/2021\/11\/couverture-prime-compost-300x212.png 300w, https:\/\/maisonecohuis.be\/wp-content\/uploads\/2021\/11\/couverture-prime-compost-768x543.png 768w, https:\/\/maisonecohuis.be\/wp-content\/uploads\/2021\/11\/couverture-prime-compost-1024x724.png 1024w\" sizes=\"auto, (max-width: 1219px) 100vw, 1219px\" \/><\/a><\/figure>\n\n\n\n<div style=\"height:40px\" aria-hidden=\"true\" class=\"wp-block-spacer\"><\/div>\n\n\n\n<div class=\"wp-block-buttons is-layout-flex wp-block-buttons-is-layout-flex\">\n<div class=\"wp-block-button is-style-outline is-style-outline--1\"><a class=\"wp-block-button__link has-very-light-gray-to-cyan-bluish-gray-gradient-background has-background wp-element-button\" href=\"http:\/\/maisonecohuis.be\/wp-content\/uploads\/2021\/11\/R\u00e9glement-pour-la-prime-compost-2020.pdf\" target=\"_blank\" rel=\"noreferrer noopener\">Lisez le r\u00e8glement<\/a><\/div>\n<\/div>\n\n\n\n<div style=\"height:20px\" aria-hidden=\"true\" class=\"wp-block-spacer\"><\/div>\n\n\n\n<div class=\"wp-block-buttons is-layout-flex wp-block-buttons-is-layout-flex\">\n<div class=\"wp-block-button is-style-outline is-style-outline--2\"><a class=\"wp-block-button__link has-blush-light-purple-gradient-background has-background wp-element-button\" href=\"http:\/\/maisonecohuis.be\/wp-content\/uploads\/2021\/11\/Formulaire-Prime-compostFR-Modifiable.pdf\" target=\"_blank\" rel=\"noreferrer noopener\">Compl\u00e9tez le formulaire papier<\/a><\/div>\n<\/div>\n\n\n\n<div style=\"height:20px\" aria-hidden=\"true\" class=\"wp-block-spacer\"><\/div>\n\n\n\n<div class=\"wp-block-buttons is-layout-flex wp-block-buttons-is-layout-flex\">\n<div class=\"wp-block-button is-style-outline is-style-outline--3\"><a class=\"wp-block-button__link has-blush-light-purple-gradient-background has-background wp-element-button\" href=\"https:\/\/irisbox.irisnet.be\/irisbox\/formulaire\/ac-saint-gilles\/prime-a-lachat-dune-compostiere\" target=\"_blank\" rel=\"noreferrer noopener\">Compl\u00e9tez le formulaire en ligne<\/a><\/div>\n<\/div>\n\n\n\n<div style=\"height:100px\" aria-hidden=\"true\" class=\"wp-block-spacer\"><\/div>\n\n\n\n<h4 class=\"wp-block-heading\"><strong>Nos autres primes<\/strong><\/h4>\n\n\n\n<figure class=\"wp-block-gallery has-nested-images columns-default is-cropped wp-block-gallery-4 is-layout-flex wp-block-gallery-is-layout-flex\">\n<figure class=\"wp-block-image size-large\"><a href=\"https:\/\/maisonecohuis.be\/?page_id=2050\" target=\"_blank\" rel=\" noreferrer noopener\"><img loading=\"lazy\" decoding=\"async\" width=\"808\" height=\"482\" data-id=\"2085\" src=\"https:\/\/maisonecohuis.be\/wp-content\/uploads\/2021\/11\/Couverture-prime-eau-longue.png\" alt=\"Prime tonneau de pluie de l'Administration saint-gilloise, projet MaisonEcoHuis.\" class=\"wp-image-2085\" srcset=\"https:\/\/maisonecohuis.be\/wp-content\/uploads\/2021\/11\/Couverture-prime-eau-longue.png 808w, https:\/\/maisonecohuis.be\/wp-content\/uploads\/2021\/11\/Couverture-prime-eau-longue-300x179.png 300w, https:\/\/maisonecohuis.be\/wp-content\/uploads\/2021\/11\/Couverture-prime-eau-longue-768x458.png 768w\" sizes=\"auto, (max-width: 808px) 100vw, 808px\" \/><\/a><\/figure>\n\n\n\n<figure class=\"wp-block-image size-large\"><a href=\"https:\/\/maisonecohuis.be\/?page_id=2068\" target=\"_blank\" rel=\" noreferrer noopener\"><img loading=\"lazy\" decoding=\"async\" width=\"817\" height=\"517\" data-id=\"2080\" src=\"https:\/\/maisonecohuis.be\/wp-content\/uploads\/2021\/11\/Couverture-prime-chat.png\" alt=\"Prime st\u00e9rilisation des chats domestiques de l'Administration saint-gilloise, projet MaisonEcoHuis.\" class=\"wp-image-2080\" srcset=\"https:\/\/maisonecohuis.be\/wp-content\/uploads\/2021\/11\/Couverture-prime-chat.png 817w, https:\/\/maisonecohuis.be\/wp-content\/uploads\/2021\/11\/Couverture-prime-chat-300x190.png 300w, https:\/\/maisonecohuis.be\/wp-content\/uploads\/2021\/11\/Couverture-prime-chat-768x486.png 768w\" sizes=\"auto, (max-width: 817px) 100vw, 817px\" \/><\/a><\/figure>\n<\/figure>\n","protected":false},"excerpt":{"rendered":"<p>Prime environnementale \u00e0 l&rsquo;achat\u00a0d&rsquo;un f\u00fbt \u00e0 compost,\u00a0d&rsquo;une vermicomposti\u00e8re ou d&rsquo;un bokashi. Vous \u00eates saint-gillois.e, vous voulez r\u00e9duire votre production de d\u00e9chets ?Installez une composti\u00e8re (d&rsquo;ext\u00e9rieur [&hellip;] <span class=\"read-more-link\"><a class=\"read-more\" href=\"https:\/\/maisonecohuis.be\/?page_id=2030\">Read More<\/a><\/span><\/p>\n","protected":false},"author":1,"featured_media":2090,"parent":0,"menu_order":0,"comment_status":"closed","ping_status":"closed","template":"","meta":{"om_disable_all_campaigns":false,"_monsterinsights_skip_tracking":false,"_monsterinsights_sitenote_active":false,"_monsterinsights_sitenote_note":"","_monsterinsights_sitenote_category":0,"_uf_show_specific_survey":0,"_uf_disable_surveys":false,"footnotes":""},"class_list":["post-2030","page","type-page","status-publish","has-post-thumbnail","hentry"],"aioseo_notices":[],"_links":{"self":[{"href":"https:\/\/maisonecohuis.be\/index.php?rest_route=\/wp\/v2\/pages\/2030","targetHints":{"allow":["GET"]}}],"collection":[{"href":"https:\/\/maisonecohuis.be\/index.php?rest_route=\/wp\/v2\/pages"}],"about":[{"href":"https:\/\/maisonecohuis.be\/index.php?rest_route=\/wp\/v2\/types\/page"}],"author":[{"embeddable":true,"href":"https:\/\/maisonecohuis.be\/index.php?rest_route=\/wp\/v2\/users\/1"}],"replies":[{"embeddable":true,"href":"https:\/\/maisonecohuis.be\/index.php?rest_route=%2Fwp%2Fv2%2Fcomments&post=2030"}],"version-history":[{"count":19,"href":"https:\/\/maisonecohuis.be\/index.php?rest_route=\/wp\/v2\/pages\/2030\/revisions"}],"predecessor-version":[{"id":5665,"href":"https:\/\/maisonecohuis.be\/index.php?rest_route=\/wp\/v2\/pages\/2030\/revisions\/5665"}],"wp:featuredmedia":[{"embeddable":true,"href":"https:\/\/maisonecohuis.be\/index.php?rest_route=\/wp\/v2\/media\/2090"}],"wp:attachment":[{"href":"https:\/\/maisonecohuis.be\/index.php?rest_route=%2Fwp%2Fv2%2Fmedia&parent=2030"}],"curies":[{"name":"wp","href":"https:\/\/api.w.org\/{rel}","templated":true}]}}