{"id":1835,"date":"2021-10-19T15:23:19","date_gmt":"2021-10-19T13:23:19","guid":{"rendered":"http:\/\/maisonecohuis.be\/?page_id=1835"},"modified":"2022-01-04T12:51:47","modified_gmt":"2022-01-04T11:51:47","slug":"samen-voor-groene-straten-gids-met-goede-praktijken","status":"publish","type":"page","link":"https:\/\/maisonecohuis.be\/?page_id=1835&lang=nl","title":{"rendered":"Samen voor groene straten"},"content":{"rendered":"<div class=\"entry-content\">\n<p>De gemeente wil meer groen in de openbare ruimte en rekent daarbij op participatie van inwoners, verenigingen, wijkcomit\u00e9s, enz.<\/p>\n<p>Klimplanten, micro-tuintjes, natuur in de stad, ruimtelijke ordening \u2026 In de gids met goede praktijken vind je alles wat mogelijk is, of wat beter vermeden wordt!<\/p>\n<\/div>\n<p>Download <a href=\"https:\/\/fr.calameo.com\/read\/006050026e1ba6cbcb241\" target=\"_blank\" rel=\"noopener\">de volledige gids<\/a><\/p>\n<p><a href=\"http:\/\/maisonecohuis.be\/wp-content\/uploads\/2020\/11\/Couvertue-V\u00e9g\u00e9talisons-nos-rues.jpg\" target=\"_blank\" rel=\"noopener\"><img loading=\"lazy\" decoding=\"async\" class=\"alignnone wp-image-1249\" src=\"http:\/\/maisonecohuis.be\/wp-content\/uploads\/2020\/11\/Couvertue-V\u00e9g\u00e9talisons-nos-rues.jpg\" alt=\"\" width=\"173\" height=\"242\" \/><\/a>\u00a0\u00a0<a href=\"http:\/\/maisonecohuis.be\/wp-content\/uploads\/2020\/11\/Double-page-centrale.jpg\" target=\"_blank\" rel=\"noopener\"><img loading=\"lazy\" decoding=\"async\" class=\"alignnone wp-image-1251\" src=\"http:\/\/maisonecohuis.be\/wp-content\/uploads\/2020\/11\/Double-page-centrale.jpg\" alt=\"\" width=\"337\" height=\"242\" \/><\/a>\u00a0\u00a0<a href=\"http:\/\/maisonecohuis.be\/wp-content\/uploads\/2020\/11\/pepini\u00e8re-v\u00e9g\u00e9talisation.jpg\" target=\"_blank\" rel=\"noopener\"><img loading=\"lazy\" decoding=\"async\" class=\"alignnone wp-image-1252\" src=\"http:\/\/maisonecohuis.be\/wp-content\/uploads\/2020\/11\/pepini\u00e8re-v\u00e9g\u00e9talisation.jpg\" alt=\"\" width=\"170\" height=\"242\" srcset=\"https:\/\/maisonecohuis.be\/wp-content\/uploads\/2020\/11\/pepini\u00e8re-v\u00e9g\u00e9talisation.jpg 490w, https:\/\/maisonecohuis.be\/wp-content\/uploads\/2020\/11\/pepini\u00e8re-v\u00e9g\u00e9talisation-210x300.jpg 210w\" sizes=\"auto, (max-width: 170px) 100vw, 170px\" \/><\/a><\/p>\n<p>Het project wordt beheerd door <a href=\"https:\/\/stgillis.brussels\/services\/cel-stedelijk-groen-csg\/cel-stedelijk-groen\/\" target=\"_blank\" rel=\"noopener\">Cel Stedelijk Groen<\/a> (CSG)<\/p>\n<p>Meer infos &amp; Contacts : <a href=\"mailto:cvu.1060@stgillis.brussels\" target=\"_blank\" rel=\"noopener\">cvu.1060@stgillis.brussels<\/a><\/p>\n","protected":false},"excerpt":{"rendered":"<p>De gemeente wil meer groen in de openbare ruimte en rekent daarbij op participatie van inwoners, verenigingen, wijkcomit\u00e9s, enz. Klimplanten, micro-tuintjes, natuur in de stad, [&hellip;] <span class=\"read-more-link\"><a class=\"read-more\" href=\"https:\/\/maisonecohuis.be\/?page_id=1835&#038;lang=nl\">Read More<\/a><\/span><\/p>\n","protected":false},"author":1,"featured_media":1254,"parent":0,"menu_order":0,"comment_status":"closed","ping_status":"closed","template":"","meta":{"om_disable_all_campaigns":false,"_monsterinsights_skip_tracking":false,"_monsterinsights_sitenote_active":false,"_monsterinsights_sitenote_note":"","_monsterinsights_sitenote_category":0,"_uf_show_specific_survey":0,"_uf_disable_surveys":false,"footnotes":""},"class_list":["post-1835","page","type-page","status-publish","has-post-thumbnail","hentry"],"aioseo_notices":[],"_links":{"self":[{"href":"https:\/\/maisonecohuis.be\/index.php?rest_route=\/wp\/v2\/pages\/1835","targetHints":{"allow":["GET"]}}],"collection":[{"href":"https:\/\/maisonecohuis.be\/index.php?rest_route=\/wp\/v2\/pages"}],"about":[{"href":"https:\/\/maisonecohuis.be\/index.php?rest_route=\/wp\/v2\/types\/page"}],"author":[{"embeddable":true,"href":"https:\/\/maisonecohuis.be\/index.php?rest_route=\/wp\/v2\/users\/1"}],"replies":[{"embeddable":true,"href":"https:\/\/maisonecohuis.be\/index.php?rest_route=%2Fwp%2Fv2%2Fcomments&post=1835"}],"version-history":[{"count":4,"href":"https:\/\/maisonecohuis.be\/index.php?rest_route=\/wp\/v2\/pages\/1835\/revisions"}],"predecessor-version":[{"id":2290,"href":"https:\/\/maisonecohuis.be\/index.php?rest_route=\/wp\/v2\/pages\/1835\/revisions\/2290"}],"wp:featuredmedia":[{"embeddable":true,"href":"https:\/\/maisonecohuis.be\/index.php?rest_route=\/wp\/v2\/media\/1254"}],"wp:attachment":[{"href":"https:\/\/maisonecohuis.be\/index.php?rest_route=%2Fwp%2Fv2%2Fmedia&parent=1835"}],"curies":[{"name":"wp","href":"https:\/\/api.w.org\/{rel}","templated":true}]}}