{"id":14,"date":"2018-04-04T11:38:26","date_gmt":"2018-04-04T09:38:26","guid":{"rendered":"http:\/\/prepa.maisonecohuis.be\/?page_id=14"},"modified":"2025-01-21T11:24:41","modified_gmt":"2025-01-21T10:24:41","slug":"nos-publications","status":"publish","type":"page","link":"https:\/\/maisonecohuis.be\/?page_id=14","title":{"rendered":"Nos projets"},"content":{"rendered":"\n<div class=\"wp-block-group is-layout-constrained wp-block-group-is-layout-constrained\">\n<h5>\u00a0<\/h5>\n<h5>D\u00e9couvrez tous nos projets par th\u00e9matique :<\/h5>\n<pre>Mobilit\u00e9<\/pre>\n<figure id=\"attachment_1619\" aria-describedby=\"caption-attachment-1619\" style=\"width: 222px\" class=\"wp-caption alignleft\"><a href=\"http:\/\/maisonecohuis.be\/?page_id=1355\"><img loading=\"lazy\" decoding=\"async\" class=\"wp-image-1619\" src=\"http:\/\/maisonecohuis.be\/wp-content\/uploads\/2021\/04\/logo-VollenBike-Saint-Gilles-1.png\" alt=\"Vollenbike\" width=\"222\" height=\"173\" srcset=\"https:\/\/maisonecohuis.be\/wp-content\/uploads\/2021\/04\/logo-VollenBike-Saint-Gilles-1.png 494w, https:\/\/maisonecohuis.be\/wp-content\/uploads\/2021\/04\/logo-VollenBike-Saint-Gilles-1-300x234.png 300w\" sizes=\"auto, (max-width: 222px) 100vw, 222px\" \/><\/a><figcaption id=\"caption-attachment-1619\" class=\"wp-caption-text\">Vollenbike<\/figcaption><\/figure>\n<figure id=\"attachment_2138\" aria-describedby=\"caption-attachment-2138\" style=\"width: 213px\" class=\"wp-caption alignleft\"><a href=\"http:\/\/maisonecohuis.be\/?page_id=639\"><img loading=\"lazy\" decoding=\"async\" class=\"wp-image-2138\" src=\"http:\/\/maisonecohuis.be\/wp-content\/uploads\/2021\/12\/Cycloparking.png\" alt=\"\" width=\"213\" height=\"173\" srcset=\"https:\/\/maisonecohuis.be\/wp-content\/uploads\/2021\/12\/Cycloparking.png 543w, https:\/\/maisonecohuis.be\/wp-content\/uploads\/2021\/12\/Cycloparking-300x244.png 300w\" sizes=\"auto, (max-width: 213px) 100vw, 213px\" \/><\/a><figcaption id=\"caption-attachment-2138\" class=\"wp-caption-text\">Parking v\u00e9los s\u00e9curis\u00e9s<\/figcaption><\/figure>\n<p>\u00a0<\/p>\n<p>\u00a0<\/p>\n<p>\u00a0<\/p>\n<p>\u00a0<\/p>\n<p>\u00a0<\/p>\n<p>\u00a0<\/p>\n<hr \/>\n<pre>Energie<\/pre>\n<figure id=\"attachment_2229\" aria-describedby=\"caption-attachment-2229\" style=\"width: 173px\" class=\"wp-caption alignleft\"><a href=\"http:\/\/maisonecohuis.be\/?page_id=336\"><img loading=\"lazy\" decoding=\"async\" class=\"wp-image-2229\" src=\"http:\/\/maisonecohuis.be\/wp-content\/uploads\/2021\/12\/3_banner_800x800.jpg\" alt=\"\" width=\"173\" height=\"173\" srcset=\"https:\/\/maisonecohuis.be\/wp-content\/uploads\/2021\/12\/3_banner_800x800.jpg 800w, https:\/\/maisonecohuis.be\/wp-content\/uploads\/2021\/12\/3_banner_800x800-150x150.jpg 150w, https:\/\/maisonecohuis.be\/wp-content\/uploads\/2021\/12\/3_banner_800x800-300x300.jpg 300w, https:\/\/maisonecohuis.be\/wp-content\/uploads\/2021\/12\/3_banner_800x800-768x768.jpg 768w\" sizes=\"auto, (max-width: 173px) 100vw, 173px\" \/><\/a><figcaption id=\"caption-attachment-2229\" class=\"wp-caption-text\">Plan Climat<\/figcaption><\/figure>\n<figure id=\"attachment_1384\" aria-describedby=\"caption-attachment-1384\" style=\"width: 202px\" class=\"wp-caption alignleft\"><a href=\"http:\/\/maisonecohuis.be\/?page_id=1299\"><img loading=\"lazy\" decoding=\"async\" class=\"wp-image-1384\" src=\"http:\/\/maisonecohuis.be\/wp-content\/uploads\/2021\/02\/Cafa-Eco-Co.png\" alt=\"Service Eco&amp;Co\" width=\"202\" height=\"173\" \/><\/a><figcaption id=\"caption-attachment-1384\" class=\"wp-caption-text\">Service Eco&amp;Co<\/figcaption><\/figure>\n<p>\u00a0<\/p>\n<p>\u00a0<\/p>\n<p>\u00a0<\/p>\n<p>\u00a0<\/p>\n<p>\u00a0<\/p>\n<p>\u00a0<\/p>\n<p>\u00a0<\/p>\n<hr \/>\n<pre>Biodiversit\u00e9<\/pre>\n<figure id=\"attachment_2133\" aria-describedby=\"caption-attachment-2133\" style=\"width: 260px\" class=\"wp-caption alignleft\"><a href=\"http:\/\/maisonecohuis.be\/?page_id=326\"><img loading=\"lazy\" decoding=\"async\" class=\"wp-image-2133\" src=\"http:\/\/maisonecohuis.be\/wp-content\/uploads\/2021\/12\/LOGO-H-MOINEAUX-nl.png\" alt=\"Le retour des moineaux\" width=\"260\" height=\"173\" srcset=\"https:\/\/maisonecohuis.be\/wp-content\/uploads\/2021\/12\/LOGO-H-MOINEAUX-nl.png 640w, https:\/\/maisonecohuis.be\/wp-content\/uploads\/2021\/12\/LOGO-H-MOINEAUX-nl-300x200.png 300w\" sizes=\"auto, (max-width: 260px) 100vw, 260px\" \/><\/a><figcaption id=\"caption-attachment-2133\" class=\"wp-caption-text\">Le retour des moineaux<\/figcaption><\/figure>\n<figure id=\"attachment_2139\" aria-describedby=\"caption-attachment-2139\" style=\"width: 172px\" class=\"wp-caption alignleft\"><a href=\"http:\/\/maisonecohuis.be\/?page_id=326\"><img loading=\"lazy\" decoding=\"async\" class=\"wp-image-2139\" src=\"http:\/\/maisonecohuis.be\/wp-content\/uploads\/2021\/12\/page1.png\" alt=\"Les martinets\" width=\"172\" height=\"173\" srcset=\"https:\/\/maisonecohuis.be\/wp-content\/uploads\/2021\/12\/page1.png 573w, https:\/\/maisonecohuis.be\/wp-content\/uploads\/2021\/12\/page1-150x150.png 150w, https:\/\/maisonecohuis.be\/wp-content\/uploads\/2021\/12\/page1-300x300.png 300w\" sizes=\"auto, (max-width: 172px) 100vw, 172px\" \/><\/a><figcaption id=\"caption-attachment-2139\" class=\"wp-caption-text\">Les martinets<\/figcaption><\/figure>\n<figure id=\"attachment_2140\" aria-describedby=\"caption-attachment-2140\" style=\"width: 204px\" class=\"wp-caption alignleft\"><a href=\"http:\/\/maisonecohuis.be\/?page_id=1699\"><img loading=\"lazy\" decoding=\"async\" class=\"wp-image-2140\" src=\"http:\/\/maisonecohuis.be\/wp-content\/uploads\/2021\/12\/habitat-vivant.png\" alt=\"Co-habiter avec la faune sauvage\" width=\"204\" height=\"173\" srcset=\"https:\/\/maisonecohuis.be\/wp-content\/uploads\/2021\/12\/habitat-vivant.png 456w, https:\/\/maisonecohuis.be\/wp-content\/uploads\/2021\/12\/habitat-vivant-300x255.png 300w\" sizes=\"auto, (max-width: 204px) 100vw, 204px\" \/><\/a><figcaption id=\"caption-attachment-2140\" class=\"wp-caption-text\">Co-habiter avec la faune sauvage<\/figcaption><\/figure>\n<figure id=\"attachment_2143\" aria-describedby=\"caption-attachment-2143\" style=\"width: 173px\" class=\"wp-caption alignleft\"><a href=\"http:\/\/maisonecohuis.be\/?page_id=1284\"><img loading=\"lazy\" decoding=\"async\" class=\"wp-image-2143\" src=\"http:\/\/maisonecohuis.be\/wp-content\/uploads\/2021\/12\/RVB_Picto_Chien-ville_vert.png\" alt=\"Bien-\u00eatre animal\" width=\"173\" height=\"173\" srcset=\"https:\/\/maisonecohuis.be\/wp-content\/uploads\/2021\/12\/RVB_Picto_Chien-ville_vert.png 1240w, https:\/\/maisonecohuis.be\/wp-content\/uploads\/2021\/12\/RVB_Picto_Chien-ville_vert-150x150.png 150w, https:\/\/maisonecohuis.be\/wp-content\/uploads\/2021\/12\/RVB_Picto_Chien-ville_vert-300x300.png 300w, https:\/\/maisonecohuis.be\/wp-content\/uploads\/2021\/12\/RVB_Picto_Chien-ville_vert-768x768.png 768w, https:\/\/maisonecohuis.be\/wp-content\/uploads\/2021\/12\/RVB_Picto_Chien-ville_vert-1024x1024.png 1024w\" sizes=\"auto, (max-width: 173px) 100vw, 173px\" \/><\/a><figcaption id=\"caption-attachment-2143\" class=\"wp-caption-text\">Bien-\u00eatre animal<\/figcaption><\/figure>\n<figure id=\"attachment_3026\" aria-describedby=\"caption-attachment-3026\" style=\"width: 251px\" class=\"wp-caption alignleft\"><a href=\"http:\/\/maisonecohuis.be\/?page_id=2949\"><img loading=\"lazy\" decoding=\"async\" class=\"wp-image-3026\" src=\"http:\/\/maisonecohuis.be\/wp-content\/uploads\/2023\/05\/for-bees.png\" alt=\"\" width=\"251\" height=\"167\" srcset=\"https:\/\/maisonecohuis.be\/wp-content\/uploads\/2023\/05\/for-bees.png 474w, https:\/\/maisonecohuis.be\/wp-content\/uploads\/2023\/05\/for-bees-300x199.png 300w\" sizes=\"auto, (max-width: 251px) 100vw, 251px\" \/><\/a><figcaption id=\"caption-attachment-3026\" class=\"wp-caption-text\">Saint-Gilles for bees !<\/figcaption><\/figure>\n<p>\u00a0<\/p>\n<pre>\n\n\n\n\n\n\n\n\n\n\n\n\n<br \/><br \/><br \/><br \/><br \/><br \/>\n<\/pre>\n<hr \/>\n<pre>\u00a0<\/pre>\n<pre>Alimentation durable<\/pre>\n<figure id=\"attachment_1786\" aria-describedby=\"caption-attachment-1786\" style=\"width: 294px\" class=\"wp-caption alignleft\"><a href=\"http:\/\/maisonecohuis.be\/?page_id=1540\"><img loading=\"lazy\" decoding=\"async\" class=\"wp-image-1786\" src=\"http:\/\/maisonecohuis.be\/wp-content\/uploads\/2021\/10\/logo-re\u0301cup-soup.jpg\" alt=\"Recup Soup'\" width=\"294\" height=\"157\" srcset=\"https:\/\/maisonecohuis.be\/wp-content\/uploads\/2021\/10\/logo-re\u0301cup-soup.jpg 435w, https:\/\/maisonecohuis.be\/wp-content\/uploads\/2021\/10\/logo-re\u0301cup-soup-300x160.jpg 300w\" sizes=\"auto, (max-width: 294px) 100vw, 294px\" \/><\/a><figcaption id=\"caption-attachment-1786\" class=\"wp-caption-text\">Recup Soup&rsquo;<\/figcaption><\/figure>\n<figure id=\"attachment_1425\" aria-describedby=\"caption-attachment-1425\" style=\"width: 242px\" class=\"wp-caption alignleft\"><a href=\"http:\/\/maisonecohuis.be\/?page_id=1125\"><img loading=\"lazy\" decoding=\"async\" class=\"wp-image-1425\" src=\"http:\/\/maisonecohuis.be\/wp-content\/uploads\/2021\/03\/petite_poule_logo_texte_web.png\" alt=\"La Petite Poule Royale\" width=\"242\" height=\"173\" srcset=\"https:\/\/maisonecohuis.be\/wp-content\/uploads\/2021\/03\/petite_poule_logo_texte_web.png 2480w, https:\/\/maisonecohuis.be\/wp-content\/uploads\/2021\/03\/petite_poule_logo_texte_web-300x214.png 300w, https:\/\/maisonecohuis.be\/wp-content\/uploads\/2021\/03\/petite_poule_logo_texte_web-768x549.png 768w, https:\/\/maisonecohuis.be\/wp-content\/uploads\/2021\/03\/petite_poule_logo_texte_web-1024x732.png 1024w\" sizes=\"auto, (max-width: 242px) 100vw, 242px\" \/><\/a><figcaption id=\"caption-attachment-1425\" class=\"wp-caption-text\">La Petite Poule Royale<\/figcaption><\/figure>\n<figure id=\"attachment_384\" aria-describedby=\"caption-attachment-384\" style=\"width: 231px\" class=\"wp-caption alignleft\"><a href=\"http:\/\/maisonecohuis.be\/?page_id=344\"><img loading=\"lazy\" decoding=\"async\" class=\"wp-image-384\" src=\"http:\/\/maisonecohuis.be\/wp-content\/uploads\/2018\/07\/IMG_0228.jpg\" alt=\"Potagers collectifs\" width=\"231\" height=\"173\" srcset=\"https:\/\/maisonecohuis.be\/wp-content\/uploads\/2018\/07\/IMG_0228.jpg 640w, https:\/\/maisonecohuis.be\/wp-content\/uploads\/2018\/07\/IMG_0228-300x225.jpg 300w\" sizes=\"auto, (max-width: 231px) 100vw, 231px\" \/><\/a><figcaption id=\"caption-attachment-384\" class=\"wp-caption-text\">Potagers collectifs<\/figcaption><\/figure>\n<p><a href=\"https:\/\/maisonecohuis.be\/?page_id=4495\"><img loading=\"lazy\" decoding=\"async\" class=\"alignnone  wp-image-4501\" src=\"http:\/\/maisonecohuis.be\/wp-content\/uploads\/2025\/01\/20240418_104717-1-scaled.jpg\" alt=\"\" width=\"251\" height=\"195\" srcset=\"https:\/\/maisonecohuis.be\/wp-content\/uploads\/2025\/01\/20240418_104717-1-scaled.jpg 2560w, https:\/\/maisonecohuis.be\/wp-content\/uploads\/2025\/01\/20240418_104717-1-300x234.jpg 300w, https:\/\/maisonecohuis.be\/wp-content\/uploads\/2025\/01\/20240418_104717-1-1024x798.jpg 1024w, https:\/\/maisonecohuis.be\/wp-content\/uploads\/2025\/01\/20240418_104717-1-768x598.jpg 768w, https:\/\/maisonecohuis.be\/wp-content\/uploads\/2025\/01\/20240418_104717-1-1536x1197.jpg 1536w, https:\/\/maisonecohuis.be\/wp-content\/uploads\/2025\/01\/20240418_104717-1-2048x1596.jpg 2048w\" sizes=\"auto, (max-width: 251px) 100vw, 251px\" \/><\/a><\/p>\n<p>Soupes dans les \u00e9coles<\/p>\n<hr \/><hr \/>\n<pre>Commerce \u00e9quitable\n\n<\/pre>\n<figure id=\"attachment_2141\" aria-describedby=\"caption-attachment-2141\" style=\"width: 203px\" class=\"wp-caption alignleft\"><a href=\"http:\/\/maisonecohuis.be\/?page_id=330\"><img loading=\"lazy\" decoding=\"async\" class=\"wp-image-2141\" src=\"http:\/\/maisonecohuis.be\/wp-content\/uploads\/2021\/12\/cdce.png\" alt=\"CDCE\" width=\"203\" height=\"173\" srcset=\"https:\/\/maisonecohuis.be\/wp-content\/uploads\/2021\/12\/cdce.png 477w, https:\/\/maisonecohuis.be\/wp-content\/uploads\/2021\/12\/cdce-300x255.png 300w\" sizes=\"auto, (max-width: 203px) 100vw, 203px\" \/><\/a><figcaption id=\"caption-attachment-2141\" class=\"wp-caption-text\">CDCE<\/figcaption><\/figure>\n<hr \/>\n<pre>Envie de lancer votre projet ? D\u00e9couvrez notre appel \u00e0 projets eco-citoyens !<\/pre>\n<p><a href=\"http:\/\/maisonecohuis.be\/?page_id=418\"><img loading=\"lazy\" decoding=\"async\" class=\"alignnone wp-image-2160\" src=\"http:\/\/maisonecohuis.be\/wp-content\/uploads\/2021\/12\/appel-\u00e0-projet-1.png\" alt=\"\" width=\"736\" height=\"173\" srcset=\"https:\/\/maisonecohuis.be\/wp-content\/uploads\/2021\/12\/appel-\u00e0-projet-1.png 911w, https:\/\/maisonecohuis.be\/wp-content\/uploads\/2021\/12\/appel-\u00e0-projet-1-300x70.png 300w, https:\/\/maisonecohuis.be\/wp-content\/uploads\/2021\/12\/appel-\u00e0-projet-1-768x180.png 768w\" sizes=\"auto, (max-width: 736px) 100vw, 736px\" \/><\/a><\/p>\n\n\n\n<p><\/p>\n\n\n\n<p><\/p>\n\n\n\n<p><\/p>\n\n\n\n<hr class=\"wp-block-separator has-alpha-channel-opacity\"\/>\n<\/div>\n","protected":false},"excerpt":{"rendered":"<p>\u00a0 D\u00e9couvrez tous nos projets par th\u00e9matique : Mobilit\u00e9 \u00a0 \u00a0 \u00a0 \u00a0 \u00a0 \u00a0 Energie \u00a0 \u00a0 \u00a0 \u00a0 \u00a0 \u00a0 \u00a0 Biodiversit\u00e9 \u00a0 [&hellip;] <span class=\"read-more-link\"><a class=\"read-more\" href=\"https:\/\/maisonecohuis.be\/?page_id=14\">Read More<\/a><\/span><\/p>\n","protected":false},"author":1,"featured_media":0,"parent":0,"menu_order":0,"comment_status":"closed","ping_status":"closed","template":"","meta":{"om_disable_all_campaigns":false,"_monsterinsights_skip_tracking":false,"_monsterinsights_sitenote_active":false,"_monsterinsights_sitenote_note":"","_monsterinsights_sitenote_category":0,"_uf_show_specific_survey":0,"_uf_disable_surveys":false,"footnotes":""},"class_list":["post-14","page","type-page","status-publish","hentry"],"aioseo_notices":[],"_links":{"self":[{"href":"https:\/\/maisonecohuis.be\/index.php?rest_route=\/wp\/v2\/pages\/14","targetHints":{"allow":["GET"]}}],"collection":[{"href":"https:\/\/maisonecohuis.be\/index.php?rest_route=\/wp\/v2\/pages"}],"about":[{"href":"https:\/\/maisonecohuis.be\/index.php?rest_route=\/wp\/v2\/types\/page"}],"author":[{"embeddable":true,"href":"https:\/\/maisonecohuis.be\/index.php?rest_route=\/wp\/v2\/users\/1"}],"replies":[{"embeddable":true,"href":"https:\/\/maisonecohuis.be\/index.php?rest_route=%2Fwp%2Fv2%2Fcomments&post=14"}],"version-history":[{"count":47,"href":"https:\/\/maisonecohuis.be\/index.php?rest_route=\/wp\/v2\/pages\/14\/revisions"}],"predecessor-version":[{"id":4511,"href":"https:\/\/maisonecohuis.be\/index.php?rest_route=\/wp\/v2\/pages\/14\/revisions\/4511"}],"wp:attachment":[{"href":"https:\/\/maisonecohuis.be\/index.php?rest_route=%2Fwp%2Fv2%2Fmedia&parent=14"}],"curies":[{"name":"wp","href":"https:\/\/api.w.org\/{rel}","templated":true}]}}