{"id":1344,"date":"2021-02-04T10:42:17","date_gmt":"2021-02-04T09:42:17","guid":{"rendered":"http:\/\/maisonecohuis.be\/?page_id=1344"},"modified":"2026-02-17T17:06:19","modified_gmt":"2026-02-17T16:06:19","slug":"dierenwelzijn","status":"publish","type":"page","link":"https:\/\/maisonecohuis.be\/?page_id=1344&lang=nl","title":{"rendered":"Dierenwelzijn"},"content":{"rendered":"\n<p>Huisdieren hebben altijd deel uitgemaakt van het leven van veel burgers en dragen zo bij tot het welzijn, en dus de gezondheid en de levenskwaliteit van stadsbewoners.<\/p>\n\n\n\n<p>Sinds een aantal jaren is het welzijn van dieren voor een groeiend aantal mensen een steeds belangrijker punt van zorg geworden. En sinds 2018 worden dieren wettelijk erkend als wezens met gevoel, met eigen belangen en waardigheid, die bijzondere bescherming genieten.<\/p>\n\n\n\n<p>De eenheid Dierenwelzijn verdedigt de rechten van alle in Sint-Gillis aanwezige dieren, zowel huisdieren als wilde dieren. De stad is een leefomgeving voor de mens, maar niet alleen&#8230; Daarom is het nodig de mensen bewust te maken van de rechten van dieren en hun behoeften, en te werken aan een beter samenleven.<\/p>\n\n\n\n<p>De dienst Dierenwelzijn van Sint-Gillis is gevestigd in het MaisonEcoHuis.<\/p>\n\n\n\n<figure class=\"wp-block-image size-large\"><img loading=\"lazy\" decoding=\"async\" width=\"1024\" height=\"726\" src=\"http:\/\/maisonecohuis.be\/wp-content\/uploads\/2026\/02\/Flyer-bea-capture-1024x726.png\" alt=\"Flyer van de Dierenwelzijn cel van het gemeente Sint-Gillis (Brussel).\" class=\"wp-image-5730\" srcset=\"https:\/\/maisonecohuis.be\/wp-content\/uploads\/2026\/02\/Flyer-bea-capture-1024x726.png 1024w, https:\/\/maisonecohuis.be\/wp-content\/uploads\/2026\/02\/Flyer-bea-capture-300x213.png 300w, https:\/\/maisonecohuis.be\/wp-content\/uploads\/2026\/02\/Flyer-bea-capture-768x544.png 768w, https:\/\/maisonecohuis.be\/wp-content\/uploads\/2026\/02\/Flyer-bea-capture.png 1287w\" sizes=\"auto, (max-width: 1024px) 100vw, 1024px\" \/><\/figure>\n\n\n\n<p>Als u suggesties of bedenkingen hebt, laat het ons dan weten. Wij luisteren en zijn ge\u00efnteresseerd in uw standpunten.<\/p>\n\n\n\n<div style=\"height:20px\" aria-hidden=\"true\" class=\"wp-block-spacer\"><\/div>\n\n\n\n<h4 class=\"wp-block-heading\"><strong><em>Label<\/em><\/strong><\/h4>\n\n\n\n<figure class=\"wp-block-image size-large\"><img loading=\"lazy\" decoding=\"async\" width=\"1024\" height=\"577\" src=\"http:\/\/maisonecohuis.be\/wp-content\/uploads\/2026\/02\/label-bea-1024x577.jpg\" alt=\"Label 'Dierenvriendelijke Gemeente' van Leefmilieu brussel voor de Sint-Gillis Gemeente van 2020 tot 2024.\" class=\"wp-image-5733\" srcset=\"https:\/\/maisonecohuis.be\/wp-content\/uploads\/2026\/02\/label-bea-1024x577.jpg 1024w, https:\/\/maisonecohuis.be\/wp-content\/uploads\/2026\/02\/label-bea-300x169.jpg 300w, https:\/\/maisonecohuis.be\/wp-content\/uploads\/2026\/02\/label-bea-768x433.jpg 768w, https:\/\/maisonecohuis.be\/wp-content\/uploads\/2026\/02\/label-bea.jpg 1536w\" sizes=\"auto, (max-width: 1024px) 100vw, 1024px\" \/><\/figure>\n\n\n\n<p>Van 2021 tot 2023 heeft Sint-Gillis het label \u00ab\u00a0Diervriendelijke gemeente\u00a0\u00bb gekregen. Dit label wordt toegekend door Leefmilieu Brussel en is bedoeld voor gemeenten die zich inzetten voor het welzijn van dieren. Om het label te krijgen, moest aan een aantal criteria worden voldaan.<\/p>\n\n\n\n<div style=\"height:20px\" aria-hidden=\"true\" class=\"wp-block-spacer\"><\/div>\n\n\n\n<h4 class=\"wp-block-heading\"><strong><em>Onze acties<\/em><\/strong><\/h4>\n\n\n\n<figure class=\"wp-block-gallery has-nested-images columns-default is-cropped wp-block-gallery-1 is-layout-flex wp-block-gallery-is-layout-flex\">\n<figure class=\"wp-block-image size-large\"><img loading=\"lazy\" decoding=\"async\" width=\"1024\" height=\"1024\" data-id=\"5735\" src=\"https:\/\/maisonecohuis.be\/wp-content\/uploads\/2026\/02\/RVB_Picto_Ste\u2560uril_vert-1024x1024.png\" alt=\"\" class=\"wp-image-5735\" srcset=\"https:\/\/maisonecohuis.be\/wp-content\/uploads\/2026\/02\/RVB_Picto_Ste\u2560uril_vert-1024x1024.png 1024w, https:\/\/maisonecohuis.be\/wp-content\/uploads\/2026\/02\/RVB_Picto_Ste\u2560uril_vert-300x300.png 300w, https:\/\/maisonecohuis.be\/wp-content\/uploads\/2026\/02\/RVB_Picto_Ste\u2560uril_vert-150x150.png 150w, https:\/\/maisonecohuis.be\/wp-content\/uploads\/2026\/02\/RVB_Picto_Ste\u2560uril_vert-768x768.png 768w, https:\/\/maisonecohuis.be\/wp-content\/uploads\/2026\/02\/RVB_Picto_Ste\u2560uril_vert.png 1299w\" sizes=\"auto, (max-width: 1024px) 100vw, 1024px\" \/><figcaption class=\"wp-element-caption\">Onze premies<\/figcaption><\/figure>\n\n\n\n<figure class=\"wp-block-image size-large\"><img loading=\"lazy\" decoding=\"async\" width=\"1024\" height=\"1024\" data-id=\"1960\" src=\"https:\/\/maisonecohuis.be\/wp-content\/uploads\/2021\/11\/RVB_Picto_Chien-ville_vert-1024x1024.png\" alt=\"Bewustmakings- en communicatieproject over honden in stedelijke omgevingen, in Sint-Gillis (Brussel).\" class=\"wp-image-1960\" srcset=\"https:\/\/maisonecohuis.be\/wp-content\/uploads\/2021\/11\/RVB_Picto_Chien-ville_vert-1024x1024.png 1024w, https:\/\/maisonecohuis.be\/wp-content\/uploads\/2021\/11\/RVB_Picto_Chien-ville_vert-150x150.png 150w, https:\/\/maisonecohuis.be\/wp-content\/uploads\/2021\/11\/RVB_Picto_Chien-ville_vert-300x300.png 300w, https:\/\/maisonecohuis.be\/wp-content\/uploads\/2021\/11\/RVB_Picto_Chien-ville_vert-768x768.png 768w, https:\/\/maisonecohuis.be\/wp-content\/uploads\/2021\/11\/RVB_Picto_Chien-ville_vert.png 1240w\" sizes=\"auto, (max-width: 1024px) 100vw, 1024px\" \/><figcaption class=\"wp-element-caption\">Honden in de stad<\/figcaption><\/figure>\n\n\n\n<figure class=\"wp-block-image size-large\"><img loading=\"lazy\" decoding=\"async\" width=\"300\" height=\"300\" data-id=\"5738\" src=\"https:\/\/maisonecohuis.be\/wp-content\/uploads\/2026\/02\/CMJN_Picto_Errants_vert-300x300-1.jpg\" alt=\"Project inzake het beheer van zwerfkatten op het grondgebied van de gemeente Sint-Gillis, in samenwerking met de vzw Chats Libres.\" class=\"wp-image-5738\" srcset=\"https:\/\/maisonecohuis.be\/wp-content\/uploads\/2026\/02\/CMJN_Picto_Errants_vert-300x300-1.jpg 300w, https:\/\/maisonecohuis.be\/wp-content\/uploads\/2026\/02\/CMJN_Picto_Errants_vert-300x300-1-150x150.jpg 150w\" sizes=\"auto, (max-width: 300px) 100vw, 300px\" \/><figcaption class=\"wp-element-caption\">Zwerfkatten<\/figcaption><\/figure>\n\n\n\n<figure class=\"wp-block-image size-large\"><img loading=\"lazy\" decoding=\"async\" width=\"300\" height=\"300\" data-id=\"5740\" src=\"https:\/\/maisonecohuis.be\/wp-content\/uploads\/2026\/02\/RVB_Picto_Consultation_vert-300x300-1.png\" alt=\"Burgeradviesraad voor dierenwelzijn van Sint-Gillis (Brussel).\" class=\"wp-image-5740\" srcset=\"https:\/\/maisonecohuis.be\/wp-content\/uploads\/2026\/02\/RVB_Picto_Consultation_vert-300x300-1.png 300w, https:\/\/maisonecohuis.be\/wp-content\/uploads\/2026\/02\/RVB_Picto_Consultation_vert-300x300-1-150x150.png 150w\" sizes=\"auto, (max-width: 300px) 100vw, 300px\" \/><figcaption class=\"wp-element-caption\">Burgerraadpleging<\/figcaption><\/figure>\n\n\n\n<figure class=\"wp-block-image size-large\"><img loading=\"lazy\" decoding=\"async\" width=\"1024\" height=\"1024\" data-id=\"1961\" src=\"https:\/\/maisonecohuis.be\/wp-content\/uploads\/2021\/11\/RVB_Picto_Maltraitance_vert-1024x1024.png\" alt=\"Samenwerking met Leefmilieu Brussel en de politiezone Zuid voor onderzoeken en opvolging van dierenmishandeling.\" class=\"wp-image-1961\" srcset=\"https:\/\/maisonecohuis.be\/wp-content\/uploads\/2021\/11\/RVB_Picto_Maltraitance_vert-1024x1024.png 1024w, https:\/\/maisonecohuis.be\/wp-content\/uploads\/2021\/11\/RVB_Picto_Maltraitance_vert-150x150.png 150w, https:\/\/maisonecohuis.be\/wp-content\/uploads\/2021\/11\/RVB_Picto_Maltraitance_vert-300x300.png 300w, https:\/\/maisonecohuis.be\/wp-content\/uploads\/2021\/11\/RVB_Picto_Maltraitance_vert-768x768.png 768w, https:\/\/maisonecohuis.be\/wp-content\/uploads\/2021\/11\/RVB_Picto_Maltraitance_vert.png 1299w\" sizes=\"auto, (max-width: 1024px) 100vw, 1024px\" \/><figcaption class=\"wp-element-caption\">Dierenmishandeling<\/figcaption><\/figure>\n\n\n\n<figure class=\"wp-block-image size-large\"><img loading=\"lazy\" decoding=\"async\" width=\"1024\" height=\"1024\" data-id=\"1958\" src=\"https:\/\/maisonecohuis.be\/wp-content\/uploads\/2021\/11\/RVB_Picto_Confe\u2560\u00fcrence_vert-1024x1024.png\" alt=\"Organisatie van evenementen door de Cel Dierenwelzijn van de gemeente Sint-Gillis, met name de organisatie van de dag van het dierenwelzijn (jaarlijks op 4 oktober).\" class=\"wp-image-1958\" srcset=\"https:\/\/maisonecohuis.be\/wp-content\/uploads\/2021\/11\/RVB_Picto_Confe\u2560\u00fcrence_vert-1024x1024.png 1024w, https:\/\/maisonecohuis.be\/wp-content\/uploads\/2021\/11\/RVB_Picto_Confe\u2560\u00fcrence_vert-150x150.png 150w, https:\/\/maisonecohuis.be\/wp-content\/uploads\/2021\/11\/RVB_Picto_Confe\u2560\u00fcrence_vert-300x300.png 300w, https:\/\/maisonecohuis.be\/wp-content\/uploads\/2021\/11\/RVB_Picto_Confe\u2560\u00fcrence_vert-768x768.png 768w, https:\/\/maisonecohuis.be\/wp-content\/uploads\/2021\/11\/RVB_Picto_Confe\u2560\u00fcrence_vert.png 1299w\" sizes=\"auto, (max-width: 1024px) 100vw, 1024px\" \/><figcaption class=\"wp-element-caption\">Evenementen<\/figcaption><\/figure>\n<\/figure>\n\n\n\n<div style=\"height:20px\" aria-hidden=\"true\" class=\"wp-block-spacer\"><\/div>\n\n\n\n<h4 class=\"wp-block-heading\"><strong><em><strong><em>Mat\u00e9riel \u00e0 disposition<\/em><\/strong><\/em><\/strong><\/h4>\n\n\n\n<p>Une cage \u00e0 trappe ainsi qu&rsquo;un lecteur de puce sont mis \u00e0 disposition \u00e0 la MaisonEcoHuis. Le lecteur de puce peut \u00eatre utilis\u00e9 sur place.<\/p>\n\n\n\n<p>En cas d&#8217;emprunt du mat\u00e9riel, une caution sera demand\u00e9e (plus formulaire \u00e0 remplir).<\/p>\n\n\n\n<p>40euros de caution pour le lecteur \/ 40 euros pour la trappe.<\/p>\n\n\n\n<div style=\"height:20px\" aria-hidden=\"true\" class=\"wp-block-spacer\"><\/div>\n\n\n\n<h4 class=\"wp-block-heading\"><strong><em>LeefMilieu Brussels website<\/em><\/strong><\/h4>\n\n\n\n<p>Meer informatie vind je op de website van de dienst Dierenwelzijn van Leefmilieu Brussel : <a href=\"https:\/\/leefmilieu.brussels\/pro\/milieubeheer\/dierenwelzijn-garanderen\" target=\"_blank\" rel=\"noopener\" title=\"\">https:\/\/leefmilieu.brussels\/pro\/milieubeheer\/dierenwelzijn-garanderen<\/a><\/p>\n","protected":false},"excerpt":{"rendered":"<p>Huisdieren hebben altijd deel uitgemaakt van het leven van veel burgers en dragen zo bij tot het welzijn, en dus de gezondheid en de levenskwaliteit [&hellip;] <span class=\"read-more-link\"><a class=\"read-more\" href=\"https:\/\/maisonecohuis.be\/?page_id=1344&#038;lang=nl\">Read More<\/a><\/span><\/p>\n","protected":false},"author":1,"featured_media":0,"parent":0,"menu_order":0,"comment_status":"closed","ping_status":"closed","template":"","meta":{"om_disable_all_campaigns":false,"_monsterinsights_skip_tracking":false,"_monsterinsights_sitenote_active":false,"_monsterinsights_sitenote_note":"","_monsterinsights_sitenote_category":0,"_uf_show_specific_survey":0,"_uf_disable_surveys":false,"footnotes":""},"class_list":["post-1344","page","type-page","status-publish","hentry"],"aioseo_notices":[],"_links":{"self":[{"href":"https:\/\/maisonecohuis.be\/index.php?rest_route=\/wp\/v2\/pages\/1344","targetHints":{"allow":["GET"]}}],"collection":[{"href":"https:\/\/maisonecohuis.be\/index.php?rest_route=\/wp\/v2\/pages"}],"about":[{"href":"https:\/\/maisonecohuis.be\/index.php?rest_route=\/wp\/v2\/types\/page"}],"author":[{"embeddable":true,"href":"https:\/\/maisonecohuis.be\/index.php?rest_route=\/wp\/v2\/users\/1"}],"replies":[{"embeddable":true,"href":"https:\/\/maisonecohuis.be\/index.php?rest_route=%2Fwp%2Fv2%2Fcomments&post=1344"}],"version-history":[{"count":10,"href":"https:\/\/maisonecohuis.be\/index.php?rest_route=\/wp\/v2\/pages\/1344\/revisions"}],"predecessor-version":[{"id":5768,"href":"https:\/\/maisonecohuis.be\/index.php?rest_route=\/wp\/v2\/pages\/1344\/revisions\/5768"}],"wp:attachment":[{"href":"https:\/\/maisonecohuis.be\/index.php?rest_route=%2Fwp%2Fv2%2Fmedia&parent=1344"}],"curies":[{"name":"wp","href":"https:\/\/api.w.org\/{rel}","templated":true}]}}