{"id":1299,"date":"2021-01-26T09:54:32","date_gmt":"2021-01-26T08:54:32","guid":{"rendered":"http:\/\/maisonecohuis.be\/?page_id=1299"},"modified":"2026-01-22T09:42:45","modified_gmt":"2026-01-22T08:42:45","slug":"ecoco","status":"publish","type":"page","link":"https:\/\/maisonecohuis.be\/?page_id=1299","title":{"rendered":"Eco&#038;Co"},"content":{"rendered":"\n<figure class=\"wp-block-image aligncenter\"><img loading=\"lazy\" decoding=\"async\" width=\"1134\" height=\"794\" src=\"http:\/\/maisonecohuis.be\/wp-content\/uploads\/2021\/01\/logo-econco.png\" alt=\"\" class=\"wp-image-1303\" srcset=\"https:\/\/maisonecohuis.be\/wp-content\/uploads\/2021\/01\/logo-econco.png 1134w, https:\/\/maisonecohuis.be\/wp-content\/uploads\/2021\/01\/logo-econco-300x210.png 300w, https:\/\/maisonecohuis.be\/wp-content\/uploads\/2021\/01\/logo-econco-768x538.png 768w, https:\/\/maisonecohuis.be\/wp-content\/uploads\/2021\/01\/logo-econco-1024x717.png 1024w\" sizes=\"auto, (max-width: 1134px) 100vw, 1134px\" \/><\/figure>\n\n\n\n<p>Projet du CAFA asbl et du CPAS de Saint-Gilles, cet espace situ\u00e9 pr\u00e8s de chez vous est un lieu d\u2019\u00e9changes et de conseils pratiques sur la ma\u00eetrise de l\u2018\u00e9nergie, le logement, la consommation, l\u2018alimentation, la sant\u00e9, le tri des d\u00e9chets, \u2026<\/p>\n\n\n\n<p>L\u2019objectif de cet espace est de proposer des outils d\u2019information sur les droits et devoirs des consommatrices et consommateurs afin que ceux-ci acqui\u00e8rent une plus grande ma\u00eetrise de leurs choix et de leurs actes dans diff\u00e9rents domaines li\u00e9s \u00e0 la consommation et gagnent ainsi en qualit\u00e9 de vie.<\/p>\n\n\n\n<p>Services offerts&nbsp;:<\/p>\n\n\n\n<ul class=\"wp-block-list\">\n<li>Des ateliers collectifs en lien avec les enjeux actuels<\/li>\n\n\n\n<li>Un audit \u00e9nerg\u00e9tique de votre logement<\/li>\n\n\n\n<li>Un service d\u2019\u00c9co-ouvriers intervenant gratuitement (sous conditions) \u00e0 domicile pour placer du mat\u00e9riel visant \u00e0 r\u00e9duire les consommations \u00e9nerg\u00e9tiques<\/li>\n\n\n\n<li>Un changement de fournisseur d\u2019\u00e9nergie<\/li>\n\n\n\n<li>Un service de pr\u00eat de mat\u00e9riel (wattm\u00e8tre, d\u00e9tecteur de CO et outils de r\u00e9paration des fuites d\u2019eau)<\/li>\n\n\n\n<li>Une biblioth\u00e8que et une ludoth\u00e8que<\/li>\n<\/ul>\n\n\n\n<p>Retrouvez ci-dessous tout le programme d&rsquo;Eco&amp;Co (programmation de janvier \u00e0 avril 2026)<\/p>\n\n\n\n<div data-wp-interactive=\"core\/file\" class=\"wp-block-file\"><object data-wp-bind--hidden=\"!state.hasPdfPreview\" hidden class=\"wp-block-file__embed\" data=\"https:\/\/maisonecohuis.be\/wp-content\/uploads\/2026\/01\/Brochure_interactive_ateliers_janv_avril_2026-1.pdf\" type=\"application\/pdf\" style=\"width:100%;height:600px\" aria-label=\"Contenu embarqu\u00e9 Brochure_interactive_ateliers_janv_avril_2026.\"><\/object><a id=\"wp-block-file--media-022ff326-575f-4c85-9831-fda146a12c04\" href=\"https:\/\/maisonecohuis.be\/wp-content\/uploads\/2026\/01\/Brochure_interactive_ateliers_janv_avril_2026-1.pdf\">Brochure_interactive_ateliers_janv_avril_2026<\/a><a href=\"https:\/\/maisonecohuis.be\/wp-content\/uploads\/2026\/01\/Brochure_interactive_ateliers_janv_avril_2026-1.pdf\" class=\"wp-block-file__button wp-element-button\" download aria-describedby=\"wp-block-file--media-022ff326-575f-4c85-9831-fda146a12c04\">T\u00e9l\u00e9charger<\/a><\/div>\n\n\n\n<figure class=\"wp-block-image size-large\"><img loading=\"lazy\" decoding=\"async\" width=\"1024\" height=\"720\" src=\"https:\/\/maisonecohuis.be\/wp-content\/uploads\/2026\/01\/Eco2-1024x720.png\" alt=\"\" class=\"wp-image-5336\" srcset=\"https:\/\/maisonecohuis.be\/wp-content\/uploads\/2026\/01\/Eco2-1024x720.png 1024w, https:\/\/maisonecohuis.be\/wp-content\/uploads\/2026\/01\/Eco2-300x211.png 300w, https:\/\/maisonecohuis.be\/wp-content\/uploads\/2026\/01\/Eco2-768x540.png 768w, https:\/\/maisonecohuis.be\/wp-content\/uploads\/2026\/01\/Eco2.png 1113w\" sizes=\"auto, (max-width: 1024px) 100vw, 1024px\" \/><\/figure>\n\n\n\n<p>Infos :&nbsp;<a href=\"https:\/\/cafa.be\/secteurs\/ecoetco\/\" target=\"_blank\" rel=\"noopener\">https:\/\/cafa.be\/secteurs\/ecoetco\/<\/a><\/p>\n","protected":false},"excerpt":{"rendered":"<p>Projet du CAFA asbl et du CPAS de Saint-Gilles, cet espace situ\u00e9 pr\u00e8s de chez vous est un lieu d\u2019\u00e9changes et de conseils pratiques sur [&hellip;] <span class=\"read-more-link\"><a class=\"read-more\" href=\"https:\/\/maisonecohuis.be\/?page_id=1299\">Read More<\/a><\/span><\/p>\n","protected":false},"author":1,"featured_media":0,"parent":0,"menu_order":0,"comment_status":"closed","ping_status":"closed","template":"","meta":{"om_disable_all_campaigns":false,"_monsterinsights_skip_tracking":false,"_monsterinsights_sitenote_active":false,"_monsterinsights_sitenote_note":"","_monsterinsights_sitenote_category":0,"_uf_show_specific_survey":0,"_uf_disable_surveys":false,"footnotes":""},"class_list":["post-1299","page","type-page","status-publish","hentry"],"aioseo_notices":[],"_links":{"self":[{"href":"https:\/\/maisonecohuis.be\/index.php?rest_route=\/wp\/v2\/pages\/1299","targetHints":{"allow":["GET"]}}],"collection":[{"href":"https:\/\/maisonecohuis.be\/index.php?rest_route=\/wp\/v2\/pages"}],"about":[{"href":"https:\/\/maisonecohuis.be\/index.php?rest_route=\/wp\/v2\/types\/page"}],"author":[{"embeddable":true,"href":"https:\/\/maisonecohuis.be\/index.php?rest_route=\/wp\/v2\/users\/1"}],"replies":[{"embeddable":true,"href":"https:\/\/maisonecohuis.be\/index.php?rest_route=%2Fwp%2Fv2%2Fcomments&post=1299"}],"version-history":[{"count":18,"href":"https:\/\/maisonecohuis.be\/index.php?rest_route=\/wp\/v2\/pages\/1299\/revisions"}],"predecessor-version":[{"id":5337,"href":"https:\/\/maisonecohuis.be\/index.php?rest_route=\/wp\/v2\/pages\/1299\/revisions\/5337"}],"wp:attachment":[{"href":"https:\/\/maisonecohuis.be\/index.php?rest_route=%2Fwp%2Fv2%2Fmedia&parent=1299"}],"curies":[{"name":"wp","href":"https:\/\/api.w.org\/{rel}","templated":true}]}}