{"id":1223,"date":"2026-02-05T11:24:53","date_gmt":"2026-02-05T10:24:53","guid":{"rendered":"http:\/\/maisonecohuis.be\/?page_id=1223"},"modified":"2026-02-18T11:24:22","modified_gmt":"2026-02-18T10:24:22","slug":"les-martinets-noirs-a-saint-gilles","status":"publish","type":"page","link":"https:\/\/maisonecohuis.be\/?page_id=1223","title":{"rendered":"Les Martinets noirs \u00e0 Saint-Gilles"},"content":{"rendered":"\n<p>La MaisonEcoHuis, subsidi\u00e9e par Bruxelles Environnement, a men\u00e9 d&rsquo;avril 2018 \u00e0 2021 un projet de protection et de sensibilisation des Martinets noirs \u00e0 Saint-Gilles.<\/p>\n\n\n\n<h4 class=\"wp-block-heading\"><strong><em>le projet<\/em><\/strong><\/h4>\n\n\n\n<p>Nous avons d\u00e9clin\u00e9 le projet en 3 axes principaux :<\/p>\n\n\n\n<ul class=\"wp-block-list\">\n<li><strong>sensibiliser<\/strong>&nbsp;les citoyen.ne.s \u00e0 la pr\u00e9sence des martinets et \u00e0 leurs besoins ;<\/li>\n\n\n\n<li>mieux les accueillir en&nbsp;<strong>posant gratuitement des nichoirs<\/strong>&nbsp;ou en am\u00e9nageant les trous de boulins (anciens trous en fa\u00e7ade pour les \u00e9chafaudages) chez les particuliers et sur les b\u00e2timents communaux ;<\/li>\n\n\n\n<li>et en entamant une <strong>discussion avec le monde de la construction et de l\u2019architecture<\/strong>.<\/li>\n<\/ul>\n\n\n\n<figure class=\"wp-block-image aligncenter size-medium\"><a href=\"https:\/\/maisonecohuis.be\/wp-content\/uploads\/2021\/10\/carto-pose.png\"><img loading=\"lazy\" decoding=\"async\" width=\"300\" height=\"285\" src=\"https:\/\/maisonecohuis.be\/wp-content\/uploads\/2021\/10\/carto-pose-300x285.png\" alt=\"Carte de recensement des 50 nichoirs \u00e0 martinets pos\u00e9s dans le cadre du projet 'Les martinets noirs \u00e0 Saint-Gilles'.\" class=\"wp-image-1911\" srcset=\"https:\/\/maisonecohuis.be\/wp-content\/uploads\/2021\/10\/carto-pose-300x285.png 300w, https:\/\/maisonecohuis.be\/wp-content\/uploads\/2021\/10\/carto-pose-768x730.png 768w, https:\/\/maisonecohuis.be\/wp-content\/uploads\/2021\/10\/carto-pose.png 824w\" sizes=\"auto, (max-width: 300px) 100vw, 300px\" \/><\/a><figcaption class=\"wp-element-caption\"><em>Carte des nichoirs pos\u00e9s (une cinquantaine) dans le cadre du projet \u2018Les martinets noirs \u00e0 Saint-Gilles\u2019 (points jaunes)<\/em>.<\/figcaption><\/figure>\n\n\n\n<p>Nous avons cl\u00f4tur\u00e9 ce projet avec un festival, en partenariat <a href=\"https:\/\/martinew.canalblog.com\/\" target=\"_blank\" rel=\"noopener\" title=\"\">Martine Wauters<\/a>.<\/p>\n\n\n\n<figure class=\"wp-block-image size-large\"><a href=\"https:\/\/maisonecohuis.be\/wp-content\/uploads\/2021\/05\/Banner-1-png8.png\"><img loading=\"lazy\" decoding=\"async\" width=\"1024\" height=\"577\" src=\"https:\/\/maisonecohuis.be\/wp-content\/uploads\/2021\/05\/Banner-1-png8-1024x577.png\" alt=\"Affiche du festival du martinet noir organis\u00e9 pour la cl\u00f4ture du projet 'Les martinets noirs \u00e0 Saint-Gilles'.\" class=\"wp-image-1654\" srcset=\"https:\/\/maisonecohuis.be\/wp-content\/uploads\/2021\/05\/Banner-1-png8-1024x577.png 1024w, https:\/\/maisonecohuis.be\/wp-content\/uploads\/2021\/05\/Banner-1-png8-300x169.png 300w, https:\/\/maisonecohuis.be\/wp-content\/uploads\/2021\/05\/Banner-1-png8-768x433.png 768w, https:\/\/maisonecohuis.be\/wp-content\/uploads\/2021\/05\/Banner-1-png8.png 1640w\" sizes=\"auto, (max-width: 1024px) 100vw, 1024px\" \/><\/a><\/figure>\n\n\n\n<figure class=\"wp-block-gallery has-nested-images columns-default is-cropped wp-block-gallery-1 is-layout-flex wp-block-gallery-is-layout-flex\">\n<figure class=\"wp-block-image size-large\"><a href=\"https:\/\/maisonecohuis.be\/wp-content\/uploads\/2026\/02\/199355278_126462769574011_3847628818328076839_ndpi.jpg\"><img loading=\"lazy\" decoding=\"async\" width=\"1024\" height=\"768\" data-id=\"5556\" src=\"https:\/\/maisonecohuis.be\/wp-content\/uploads\/2026\/02\/199355278_126462769574011_3847628818328076839_ndpi-1024x768.jpg\" alt=\"Photo lors de la projection du film de Bernard Crutzen 'Bruxelles sauvage, faune capitale' pendant le festival du martinet noir.\" class=\"wp-image-5556\" srcset=\"https:\/\/maisonecohuis.be\/wp-content\/uploads\/2026\/02\/199355278_126462769574011_3847628818328076839_ndpi-1024x768.jpg 1024w, https:\/\/maisonecohuis.be\/wp-content\/uploads\/2026\/02\/199355278_126462769574011_3847628818328076839_ndpi-300x225.jpg 300w, https:\/\/maisonecohuis.be\/wp-content\/uploads\/2026\/02\/199355278_126462769574011_3847628818328076839_ndpi-768x576.jpg 768w, https:\/\/maisonecohuis.be\/wp-content\/uploads\/2026\/02\/199355278_126462769574011_3847628818328076839_ndpi-1536x1152.jpg 1536w, https:\/\/maisonecohuis.be\/wp-content\/uploads\/2026\/02\/199355278_126462769574011_3847628818328076839_ndpi.jpg 1836w\" sizes=\"auto, (max-width: 1024px) 100vw, 1024px\" \/><\/a><\/figure>\n\n\n\n<figure class=\"wp-block-image size-large\"><a href=\"https:\/\/maisonecohuis.be\/wp-content\/uploads\/2026\/02\/IMG_20210611_160132421dpi-scaled.jpg\"><img loading=\"lazy\" decoding=\"async\" width=\"1024\" height=\"576\" data-id=\"5558\" src=\"https:\/\/maisonecohuis.be\/wp-content\/uploads\/2026\/02\/IMG_20210611_160132421dpi-1024x576.jpg\" alt=\"Photo de l'exposition photo pendant le festival du martinet noir.\" class=\"wp-image-5558\" srcset=\"https:\/\/maisonecohuis.be\/wp-content\/uploads\/2026\/02\/IMG_20210611_160132421dpi-1024x576.jpg 1024w, https:\/\/maisonecohuis.be\/wp-content\/uploads\/2026\/02\/IMG_20210611_160132421dpi-300x169.jpg 300w, https:\/\/maisonecohuis.be\/wp-content\/uploads\/2026\/02\/IMG_20210611_160132421dpi-768x432.jpg 768w, https:\/\/maisonecohuis.be\/wp-content\/uploads\/2026\/02\/IMG_20210611_160132421dpi-1536x864.jpg 1536w, https:\/\/maisonecohuis.be\/wp-content\/uploads\/2026\/02\/IMG_20210611_160132421dpi-2048x1152.jpg 2048w\" sizes=\"auto, (max-width: 1024px) 100vw, 1024px\" \/><\/a><\/figure>\n\n\n\n<figure class=\"wp-block-image size-large\"><a href=\"https:\/\/maisonecohuis.be\/wp-content\/uploads\/2026\/02\/IMG_20210611_200454123dpi-scaled.jpg\"><img loading=\"lazy\" decoding=\"async\" width=\"1024\" height=\"576\" data-id=\"5557\" src=\"https:\/\/maisonecohuis.be\/wp-content\/uploads\/2026\/02\/IMG_20210611_200454123dpi-1024x576.jpg\" alt=\"Photo de du bar pendant le festival du martinet noir.\" class=\"wp-image-5557\" srcset=\"https:\/\/maisonecohuis.be\/wp-content\/uploads\/2026\/02\/IMG_20210611_200454123dpi-1024x576.jpg 1024w, https:\/\/maisonecohuis.be\/wp-content\/uploads\/2026\/02\/IMG_20210611_200454123dpi-300x169.jpg 300w, https:\/\/maisonecohuis.be\/wp-content\/uploads\/2026\/02\/IMG_20210611_200454123dpi-768x432.jpg 768w, https:\/\/maisonecohuis.be\/wp-content\/uploads\/2026\/02\/IMG_20210611_200454123dpi-1536x864.jpg 1536w, https:\/\/maisonecohuis.be\/wp-content\/uploads\/2026\/02\/IMG_20210611_200454123dpi-2048x1152.jpg 2048w\" sizes=\"auto, (max-width: 1024px) 100vw, 1024px\" \/><\/a><\/figure>\n<\/figure>\n\n\n\n<div style=\"height:40px\" aria-hidden=\"true\" class=\"wp-block-spacer\"><\/div>\n\n\n\n<h4 class=\"wp-block-heading\"><em><strong>Le martinet noir<\/strong><\/em><\/h4>\n\n\n\n<p>On les confond souvent avec les hirondelles, pourtant ce sont bien les Martinets noirs que vous voyez dans le ciel de Saint-Gilles, volant haut dans le ciel ou criant en bande dans les rues. Peu le savent, mais les martinets passent pr\u00e8s de 9 mois en Afrique et viennent passer 3 mois (mai-juin-juillet) dans nos contr\u00e9es pour y nicher (1 seule nich\u00e9e chaque ann\u00e9e). Vous avez donc peut-\u00eatre la chance d\u2019avoir des martinets chez vous. Ils ont effectivement la caract\u00e9ristique de nicher dans les cavit\u00e9s de nos b\u00e2timents (trou entre deux briques, fissure dans la corniche, trou de boulin, \u2026) et une fois la cavit\u00e9 id\u00e9ale trouv\u00e9e, ils y reviendront d\u2019ann\u00e9e en ann\u00e9e pendant longtemps&nbsp;!<\/p>\n\n\n\n<p>Les martinets immatures (1<sup>i\u00e8re<\/sup>&nbsp;\u00e0 3<sup>i\u00e8me<\/sup>&nbsp;ann\u00e9e) reviennent un peu apr\u00e8s les adultes et s\u2019adonneront \u00e0 des jeux, des poursuites et des cris dans nos rues&nbsp;! Beaucoup plus bruyants que les nicheurs, c\u2019est eux que vous remarquerez et entendrez le plus.<\/p>\n\n\n\n<figure class=\"wp-block-gallery has-nested-images columns-default is-cropped wp-block-gallery-2 is-layout-flex wp-block-gallery-is-layout-flex\">\n<figure class=\"wp-block-image size-large\"><a href=\"https:\/\/maisonecohuis.be\/wp-content\/uploads\/2018\/06\/14599969.jpg\"><img loading=\"lazy\" decoding=\"async\" width=\"800\" height=\"600\" data-id=\"311\" src=\"https:\/\/maisonecohuis.be\/wp-content\/uploads\/2018\/06\/14599969.jpg\" alt=\"Photo de la silhouette d'un martinet noir dans un ciel bleu \u00e0 Saint-Gilles.\" class=\"wp-image-311\" srcset=\"https:\/\/maisonecohuis.be\/wp-content\/uploads\/2018\/06\/14599969.jpg 800w, https:\/\/maisonecohuis.be\/wp-content\/uploads\/2018\/06\/14599969-300x225.jpg 300w, https:\/\/maisonecohuis.be\/wp-content\/uploads\/2018\/06\/14599969-768x576.jpg 768w\" sizes=\"auto, (max-width: 800px) 100vw, 800px\" \/><\/a><figcaption class=\"wp-element-caption\">La silhouette typique du martinet<\/figcaption><\/figure>\n<\/figure>\n\n\n\n<div style=\"height:40px\" aria-hidden=\"true\" class=\"wp-block-spacer\"><\/div>\n\n\n\n<h4 class=\"wp-block-heading\"><em><strong>Les cavit\u00e9s<\/strong><\/em><\/h4>\n\n\n\n<p>Le hic est que, lors de r\u00e9novation de fa\u00e7ade ou d\u2019isolation, nous bouchons toutes les cavit\u00e9s et offrons donc de moins en moins la possibilit\u00e9 aux martinets de vivre avec nous, celles-ci disparaissent au fur et \u00e0 mesure des r\u00e9novations et de l\u2019apparition des nouvelles constructions. Et c\u2019est une multitude d\u2019autres esp\u00e8ces cavernicoles qui en p\u00e2tissent aussi (moineaux, rougequeues noir, chauves-souris, certains insectes). La conception de nos villes est donc \u00e0 remettre en question, c\u2019est en construisant des habitats vivants (donc pas seulement \u00e9cologiques) accueillant pour notre faune et flore que nous am\u00e9liorons la biodiversit\u00e9 des villes.<\/p>\n\n\n\n<figure class=\"wp-block-image aligncenter size-medium\"><a href=\"https:\/\/maisonecohuis.be\/wp-content\/uploads\/2020\/09\/Cahier_oiseaux_FR_2020_compressed.pdf\" target=\"_blank\" rel=\" noreferrer noopener\"><img loading=\"lazy\" decoding=\"async\" width=\"300\" height=\"300\" src=\"https:\/\/maisonecohuis.be\/wp-content\/uploads\/2020\/11\/couv-FR-300x300.png\" alt=\"Couverture du cahier\/brochure des oiseaux cavernicoles de Saint-Gilles.\" class=\"wp-image-1245\" srcset=\"https:\/\/maisonecohuis.be\/wp-content\/uploads\/2020\/11\/couv-FR-300x300.png 300w, https:\/\/maisonecohuis.be\/wp-content\/uploads\/2020\/11\/couv-FR-150x150.png 150w, https:\/\/maisonecohuis.be\/wp-content\/uploads\/2020\/11\/couv-FR-768x767.png 768w, https:\/\/maisonecohuis.be\/wp-content\/uploads\/2020\/11\/couv-FR.png 846w\" sizes=\"auto, (max-width: 300px) 100vw, 300px\" \/><\/a><\/figure>\n\n\n\n<div class=\"wp-block-buttons is-content-justification-center is-layout-flex wp-container-core-buttons-is-layout-a89b3969 wp-block-buttons-is-layout-flex\">\n<div class=\"wp-block-button is-style-outline is-style-outline--3\"><a class=\"wp-block-button__link has-medium-gray-color has-light-green-cyan-to-vivid-green-cyan-gradient-background has-text-color has-background has-link-color has-text-align-center wp-element-button\" href=\"https:\/\/maisonecohuis.be\/wp-content\/uploads\/2020\/09\/Cahier_oiseaux_FR_2020_compressed.pdf\" target=\"_blank\" rel=\"noreferrer noopener\">T\u00e9l\u00e9charger le Cahier des oiseaux cavernicoles<\/a><\/div>\n<\/div>\n\n\n\n<div style=\"height:40px\" aria-hidden=\"true\" class=\"wp-block-spacer\"><\/div>\n\n\n\n<h4 class=\"wp-block-heading\"><em><strong>Comment les aider ?<\/strong><\/em><\/h4>\n\n\n\n<p>Vous pouvez aider les martinets de plusieurs mani\u00e8res, \u00e0 vous de choisir celle(s) qui vous correspond(ent) :<\/p>\n\n\n\n<ul class=\"wp-block-list\">\n<li>Sensibiliser votre entourage, faire un jardin sauvage, avoir une habitation vivante, r\u00e9nover sans boucher toutes les cavit\u00e9s, \u2026<\/li>\n\n\n\n<li>Poser des nichoirs<\/li>\n\n\n\n<li>Laisser les trous de boulins (trous sur les fa\u00e7ades de maison) accessibles (clapet ouvert).<\/li>\n\n\n\n<li>Recenser vos observations sur&nbsp;<a href=\"https:\/\/observations.be\/\" target=\"_blank\" rel=\"noreferrer noopener\">observations.be<\/a>&nbsp;ou les communiquer \u00e0 la MaisonEcoHuis&nbsp;<a href=\"mailto:maisonecohuis@stgilles.brussels\">maisonecohuis@stgilles.brussels<\/a><\/li>\n\n\n\n<li>Vous \u00eates un architecte, un professionnel de la construction, un agent immobilier ou un citoyen qui veut b\u00e2tir ou r\u00e9nover : consultez-nous on se fera un plaisir de discuter et\/ou de venir sur place afin de vous proposer des solutions !<\/li>\n<\/ul>\n\n\n\n<p>Pour plus d\u2019infos, adressez vous \u00e0 notre responsable \u00ab&nbsp;martinets&nbsp;\u00bb :&nbsp;&nbsp;<a href=\"mailto:maisonecohuis@stgilles.brussels\" target=\"_blank\" rel=\"noreferrer noopener\">maisonecohuis@stgilles.brussels<\/a><\/p>\n\n\n\n<div style=\"height:40px\" aria-hidden=\"true\" class=\"wp-block-spacer\"><\/div>\n\n\n\n<figure class=\"wp-block-gallery has-nested-images columns-2 is-cropped wp-block-gallery-4 is-layout-flex wp-block-gallery-is-layout-flex\">\n<figure class=\"wp-block-image size-large\"><a href=\"https:\/\/maisonecohuis.be\/wp-content\/uploads\/2021\/10\/p2.jpg\"><img loading=\"lazy\" decoding=\"async\" width=\"1024\" height=\"393\" data-id=\"1793\" src=\"https:\/\/maisonecohuis.be\/wp-content\/uploads\/2021\/10\/p2-1024x393.jpg\" alt=\"Flyer sur le martinet noir, projet 'Les martinets noirs \u00e0 Saint-Gilles', g\u00e9r\u00e9 par la MaisonEcoHuis.\" class=\"wp-image-1793\" srcset=\"https:\/\/maisonecohuis.be\/wp-content\/uploads\/2021\/10\/p2-1024x393.jpg 1024w, https:\/\/maisonecohuis.be\/wp-content\/uploads\/2021\/10\/p2-300x115.jpg 300w, https:\/\/maisonecohuis.be\/wp-content\/uploads\/2021\/10\/p2-768x295.jpg 768w, https:\/\/maisonecohuis.be\/wp-content\/uploads\/2021\/10\/p2.jpg 1777w\" sizes=\"auto, (max-width: 1024px) 100vw, 1024px\" \/><\/a><figcaption class=\"wp-element-caption\">Flyer<\/figcaption><\/figure>\n\n\n\n<figure class=\"wp-block-image size-large\"><a href=\"https:\/\/maisonecohuis.be\/wp-content\/uploads\/2021\/10\/P1.jpg\"><img loading=\"lazy\" decoding=\"async\" width=\"1024\" height=\"392\" data-id=\"1792\" src=\"https:\/\/maisonecohuis.be\/wp-content\/uploads\/2021\/10\/P1-1024x392.jpg\" alt=\"Flyer sur le martinet noir, projet 'Les martinets noirs \u00e0 Saint-Gilles', g\u00e9r\u00e9 par la MaisonEcoHuis.\" class=\"wp-image-1792\" srcset=\"https:\/\/maisonecohuis.be\/wp-content\/uploads\/2021\/10\/P1-1024x392.jpg 1024w, https:\/\/maisonecohuis.be\/wp-content\/uploads\/2021\/10\/P1-300x115.jpg 300w, https:\/\/maisonecohuis.be\/wp-content\/uploads\/2021\/10\/P1-768x294.jpg 768w, https:\/\/maisonecohuis.be\/wp-content\/uploads\/2021\/10\/P1.jpg 1777w\" sizes=\"auto, (max-width: 1024px) 100vw, 1024px\" \/><\/a><figcaption class=\"wp-element-caption\">Flyer<\/figcaption><\/figure>\n\n\n\n<figure class=\"wp-block-image size-large\"><a href=\"https:\/\/maisonecohuis.be\/wp-content\/uploads\/2020\/11\/Roolup-compress\u00e9-image.jpg\"><img loading=\"lazy\" decoding=\"async\" width=\"393\" height=\"909\" data-id=\"1242\" src=\"https:\/\/maisonecohuis.be\/wp-content\/uploads\/2020\/11\/Roolup-compress\u00e9-image.jpg\" alt=\"Rollup sur le martinet noir, projet 'Les martinets noirs \u00e0 Saint-Gilles', g\u00e9r\u00e9 par la MaisonEcoHuis.\" class=\"wp-image-1242\" srcset=\"https:\/\/maisonecohuis.be\/wp-content\/uploads\/2020\/11\/Roolup-compress\u00e9-image.jpg 393w, https:\/\/maisonecohuis.be\/wp-content\/uploads\/2020\/11\/Roolup-compress\u00e9-image-130x300.jpg 130w\" sizes=\"auto, (max-width: 393px) 100vw, 393px\" \/><\/a><figcaption class=\"wp-element-caption\">Rollup<\/figcaption><\/figure>\n\n\n\n<figure class=\"wp-block-image size-large\"><a href=\"https:\/\/maisonecohuis.be\/wp-content\/uploads\/2020\/11\/Panneau-image.jpg\"><img loading=\"lazy\" decoding=\"async\" width=\"618\" height=\"871\" data-id=\"1243\" src=\"https:\/\/maisonecohuis.be\/wp-content\/uploads\/2020\/11\/Panneau-image.jpg\" alt=\"Panneaux de communication sur le martinet noir, projet 'Les martinets noirs \u00e0 Saint-Gilles', g\u00e9r\u00e9 par la MaisonEcoHuis.\" class=\"wp-image-1243\" srcset=\"https:\/\/maisonecohuis.be\/wp-content\/uploads\/2020\/11\/Panneau-image.jpg 618w, https:\/\/maisonecohuis.be\/wp-content\/uploads\/2020\/11\/Panneau-image-213x300.jpg 213w\" sizes=\"auto, (max-width: 618px) 100vw, 618px\" \/><\/a><figcaption class=\"wp-element-caption\">Pancarte ext\u00e9rieure<\/figcaption><\/figure>\n<\/figure>\n\n\n\n\n\n<p><\/p>\n","protected":false},"excerpt":{"rendered":"<p>La MaisonEcoHuis, subsidi\u00e9e par Bruxelles Environnement, a men\u00e9 d&rsquo;avril 2018 \u00e0 2021 un projet de protection et de sensibilisation des Martinets noirs \u00e0 Saint-Gilles. le [&hellip;] <span class=\"read-more-link\"><a class=\"read-more\" href=\"https:\/\/maisonecohuis.be\/?page_id=1223\">Read More<\/a><\/span><\/p>\n","protected":false},"author":1,"featured_media":0,"parent":0,"menu_order":0,"comment_status":"closed","ping_status":"closed","template":"page-templates\/centered.php","meta":{"om_disable_all_campaigns":false,"_monsterinsights_skip_tracking":false,"_monsterinsights_sitenote_active":false,"_monsterinsights_sitenote_note":"","_monsterinsights_sitenote_category":0,"_uf_show_specific_survey":0,"_uf_disable_surveys":false,"footnotes":""},"class_list":["post-1223","page","type-page","status-publish","hentry"],"aioseo_notices":[],"_links":{"self":[{"href":"https:\/\/maisonecohuis.be\/index.php?rest_route=\/wp\/v2\/pages\/1223","targetHints":{"allow":["GET"]}}],"collection":[{"href":"https:\/\/maisonecohuis.be\/index.php?rest_route=\/wp\/v2\/pages"}],"about":[{"href":"https:\/\/maisonecohuis.be\/index.php?rest_route=\/wp\/v2\/types\/page"}],"author":[{"embeddable":true,"href":"https:\/\/maisonecohuis.be\/index.php?rest_route=\/wp\/v2\/users\/1"}],"replies":[{"embeddable":true,"href":"https:\/\/maisonecohuis.be\/index.php?rest_route=%2Fwp%2Fv2%2Fcomments&post=1223"}],"version-history":[{"count":19,"href":"https:\/\/maisonecohuis.be\/index.php?rest_route=\/wp\/v2\/pages\/1223\/revisions"}],"predecessor-version":[{"id":5829,"href":"https:\/\/maisonecohuis.be\/index.php?rest_route=\/wp\/v2\/pages\/1223\/revisions\/5829"}],"wp:attachment":[{"href":"https:\/\/maisonecohuis.be\/index.php?rest_route=%2Fwp%2Fv2%2Fmedia&parent=1223"}],"curies":[{"name":"wp","href":"https:\/\/api.w.org\/{rel}","templated":true}]}}