{"id":1106,"date":"2020-10-16T10:04:57","date_gmt":"2020-10-16T08:04:57","guid":{"rendered":"http:\/\/maisonecohuis.be\/?page_id=1106"},"modified":"2020-10-16T10:04:57","modified_gmt":"2020-10-16T08:04:57","slug":"centre-de-documentation","status":"publish","type":"page","link":"https:\/\/maisonecohuis.be\/?page_id=1106","title":{"rendered":"Centre de documentation"},"content":{"rendered":"<p>Savez-vous que la MaisonEco abrite \u00e9galement un centre de documentation? Diff\u00e9rents ouvrages, principalement des livres ou brochures, sont consultables sur place ou disponibles pour emprunts.<\/p>\n<div id='gallery-1' class='gallery galleryid-1106 gallery-columns-3 gallery-size-thumbnail'><figure class='gallery-item'>\n\t\t\t<div class='gallery-icon landscape'>\n\t\t\t\t<a href='https:\/\/maisonecohuis.be\/?attachment_id=445'><img loading=\"lazy\" decoding=\"async\" width=\"150\" height=\"150\" src=\"https:\/\/maisonecohuis.be\/wp-content\/uploads\/2018\/07\/\u00aegeraldine_dardenne-46-1-150x150.jpg\" class=\"attachment-thumbnail size-thumbnail\" alt=\"\" \/><\/a>\n\t\t\t<\/div><\/figure><figure class='gallery-item'>\n\t\t\t<div class='gallery-icon landscape'>\n\t\t\t\t<a href='https:\/\/maisonecohuis.be\/?attachment_id=444'><img loading=\"lazy\" decoding=\"async\" width=\"150\" height=\"150\" src=\"https:\/\/maisonecohuis.be\/wp-content\/uploads\/2018\/07\/\u00aegeraldine_dardenne-45-150x150.jpg\" class=\"attachment-thumbnail size-thumbnail\" alt=\"\" \/><\/a>\n\t\t\t<\/div><\/figure><figure class='gallery-item'>\n\t\t\t<div class='gallery-icon landscape'>\n\t\t\t\t<a href='https:\/\/maisonecohuis.be\/?attachment_id=443'><img loading=\"lazy\" decoding=\"async\" width=\"150\" height=\"150\" src=\"https:\/\/maisonecohuis.be\/wp-content\/uploads\/2018\/07\/\u00aegeraldine_dardenne-22-150x150.jpg\" class=\"attachment-thumbnail size-thumbnail\" alt=\"\" \/><\/a>\n\t\t\t<\/div><\/figure>\n\t\t<\/div>\n\n<p><a href=\"http:\/\/maisonecohuis.be\/wp-content\/uploads\/2018\/12\/Listes-livres-Adultes.pdf\" target=\"_blank\" rel=\"noopener\">Liste de nos livres (Adultes)<\/a><\/p>\n<p><a href=\"http:\/\/maisonecohuis.be\/wp-content\/uploads\/2018\/12\/Listes-livres-Enfants.pdf\" target=\"_blank\" rel=\"noopener\">Liste de nos livres (Enfants)<\/a><\/p>\n<p><strong>N&rsquo;h\u00e9sitez pas \u00e0 passer consulter notre biblioth\u00e8que!<\/strong><\/p>\n<p>&nbsp;<\/p>\n","protected":false},"excerpt":{"rendered":"<p>Savez-vous que la MaisonEco abrite \u00e9galement un centre de documentation? Diff\u00e9rents ouvrages, principalement des livres ou brochures, sont consultables sur place ou disponibles pour emprunts. [&hellip;] <span class=\"read-more-link\"><a class=\"read-more\" href=\"https:\/\/maisonecohuis.be\/?page_id=1106\">Read More<\/a><\/span><\/p>\n","protected":false},"author":1,"featured_media":0,"parent":0,"menu_order":0,"comment_status":"closed","ping_status":"closed","template":"","meta":{"om_disable_all_campaigns":false,"_monsterinsights_skip_tracking":false,"_monsterinsights_sitenote_active":false,"_monsterinsights_sitenote_note":"","_monsterinsights_sitenote_category":0,"_uf_show_specific_survey":0,"_uf_disable_surveys":false,"footnotes":""},"class_list":["post-1106","page","type-page","status-publish","hentry"],"aioseo_notices":[],"_links":{"self":[{"href":"https:\/\/maisonecohuis.be\/index.php?rest_route=\/wp\/v2\/pages\/1106","targetHints":{"allow":["GET"]}}],"collection":[{"href":"https:\/\/maisonecohuis.be\/index.php?rest_route=\/wp\/v2\/pages"}],"about":[{"href":"https:\/\/maisonecohuis.be\/index.php?rest_route=\/wp\/v2\/types\/page"}],"author":[{"embeddable":true,"href":"https:\/\/maisonecohuis.be\/index.php?rest_route=\/wp\/v2\/users\/1"}],"replies":[{"embeddable":true,"href":"https:\/\/maisonecohuis.be\/index.php?rest_route=%2Fwp%2Fv2%2Fcomments&post=1106"}],"version-history":[{"count":1,"href":"https:\/\/maisonecohuis.be\/index.php?rest_route=\/wp\/v2\/pages\/1106\/revisions"}],"predecessor-version":[{"id":1107,"href":"https:\/\/maisonecohuis.be\/index.php?rest_route=\/wp\/v2\/pages\/1106\/revisions\/1107"}],"wp:attachment":[{"href":"https:\/\/maisonecohuis.be\/index.php?rest_route=%2Fwp%2Fv2%2Fmedia&parent=1106"}],"curies":[{"name":"wp","href":"https:\/\/api.w.org\/{rel}","templated":true}]}}